{"id":32492,"date":"2025-11-14T22:13:40","date_gmt":"2025-11-14T19:13:40","guid":{"rendered":"https:\/\/baldumarket.lt\/product\/dullum-60-regal-bialy\/"},"modified":"2026-03-24T18:15:57","modified_gmt":"2026-03-24T15:15:57","slug":"dullum-60-regal-bialy","status":"publish","type":"product","link":"https:\/\/baldumarket.lt\/lt\/product\/dullum-60-regal-bialy\/","title":{"rendered":"Dullum 60 balt\u0173 knyg\u0173 lentyna"},"content":{"rendered":"<p>\u201eDullum\u201c knyg\u0173 lentyna \u2013 stilingas ir prakti\u0161kas baldas, kurio gylis \u2013 40 cm, plotis \u2013 60 cm, o auk\u0161tis \u2013 115 cm. Joje yra viena atvira lentyna ir keturi stal\u010diai \u012fvairiems daiktams laikyti. Knyg\u0173 lentyna stovi ant 15 cm auk\u0161\u010dio medini\u0173 kojeli\u0173, kurios suteikia jai lengvumo ir eleganti\u0161kumo. Kiekvieno stal\u010diaus maksimali apkrova yra 3 kg, tod\u0117l ji yra funkcionali, ta\u010diau tvirta ir stabili.<\/p>","protected":false},"excerpt":{"rendered":"<p>\u201eDullum\u201c knyg\u0173 lentyna \u2013 stilingas ir prakti\u0161kas baldas, kurio matmenys: 40 cm gylio, 60 cm plo\u010dio ir 115 cm auk\u0161\u010dio. Joje yra viena atvira lentyna ir keturi stal\u010diai \u012fvairiems daiktams laikyti. Knyg\u0173 lentyna stovi ant 15 cm auk\u0161\u010dio medini\u0173 kojeli\u0173, kurios suteikia jai lengvumo ir eleganti\u0161kumo. Kiekvienas stal\u010dius turi daugiausiai [\u2026]<\/p>","protected":false},"featured_media":32493,"comment_status":"open","ping_status":"open","template":"","meta":[],"product_brand":[],"product_cat":[2012,9177,1987],"product_tag":[],"class_list":{"0":"post-32492","1":"product","2":"type-product","3":"status-publish","4":"has-post-thumbnail","6":"product_cat-eltap","7":"product_cat-shelving-units-eltap","8":"product_cat-shelving-units","10":"first","11":"instock","12":"purchasable","13":"product-type-simple"},"_links":{"self":[{"href":"https:\/\/baldumarket.lt\/lt\/wp-json\/wp\/v2\/product\/32492","targetHints":{"allow":["GET"]}}],"collection":[{"href":"https:\/\/baldumarket.lt\/lt\/wp-json\/wp\/v2\/product"}],"about":[{"href":"https:\/\/baldumarket.lt\/lt\/wp-json\/wp\/v2\/types\/product"}],"replies":[{"embeddable":true,"href":"https:\/\/baldumarket.lt\/lt\/wp-json\/wp\/v2\/comments?post=32492"}],"wp:featuredmedia":[{"embeddable":true,"href":"https:\/\/baldumarket.lt\/lt\/wp-json\/wp\/v2\/media\/32493"}],"wp:attachment":[{"href":"https:\/\/baldumarket.lt\/lt\/wp-json\/wp\/v2\/media?parent=32492"}],"wp:term":[{"taxonomy":"product_brand","embeddable":true,"href":"https:\/\/baldumarket.lt\/lt\/wp-json\/wp\/v2\/product_brand?post=32492"},{"taxonomy":"product_cat","embeddable":true,"href":"https:\/\/baldumarket.lt\/lt\/wp-json\/wp\/v2\/product_cat?post=32492"},{"taxonomy":"product_tag","embeddable":true,"href":"https:\/\/baldumarket.lt\/lt\/wp-json\/wp\/v2\/product_tag?post=32492"}],"curies":[{"name":"wp","href":"https:\/\/api.w.org\/{rel}","templated":true}]}}