{"id":32478,"date":"2025-11-14T22:13:09","date_gmt":"2025-11-14T19:13:09","guid":{"rendered":"https:\/\/baldumarket.lt\/product\/dullum-60-stolik-bialy\/"},"modified":"2026-04-07T01:32:10","modified_gmt":"2026-04-06T22:32:10","slug":"dullum-60-stolik-bialy","status":"publish","type":"product","link":"https:\/\/baldumarket.lt\/lt\/product\/dullum-60-stolik-bialy\/","title":{"rendered":"Dullum 60 balt\u0173 stal\u0173"},"content":{"rendered":"<p>\u201eDullum\u201c naktinis staliukas yra funkcionalus ir stilingas baldas, kurio plotis \u2013 60 cm, auk\u0161tis \u2013 55 cm, o gylis \u2013 40 cm. Jame yra viena atvira lentyna ir vienas stal\u010dius, tod\u0117l puikiai tinka laikyti b\u016btiniausius daiktus. Eleganti\u0161kas dizainas puikiai dera prie bet kokio interjero, suteikdamas jam modernumo.<\/p>","protected":false},"excerpt":{"rendered":"<p>\u201eDullum\u201c naktinis staliukas yra funkcionalus ir stilingas baldas, kurio plotis \u2013 60 cm, auk\u0161tis \u2013 55 cm, o gylis \u2013 40 cm. Jame yra viena atvira lentyna ir vienas stal\u010dius, tod\u0117l puikiai tinka laikyti b\u016btiniausius daiktus. Eleganti\u0161kas dizainas puikiai dera prie bet kokio interjero, suteikdamas jam modernumo.<\/p>","protected":false},"featured_media":32479,"comment_status":"open","ping_status":"open","template":"","meta":[],"product_brand":[],"product_cat":[1176,2012],"product_tag":[],"class_list":{"0":"post-32478","1":"product","2":"type-product","3":"status-publish","4":"has-post-thumbnail","6":"product_cat-bedside-tables","7":"product_cat-eltap","9":"first","10":"instock","11":"purchasable","12":"product-type-simple"},"_links":{"self":[{"href":"https:\/\/baldumarket.lt\/lt\/wp-json\/wp\/v2\/product\/32478","targetHints":{"allow":["GET"]}}],"collection":[{"href":"https:\/\/baldumarket.lt\/lt\/wp-json\/wp\/v2\/product"}],"about":[{"href":"https:\/\/baldumarket.lt\/lt\/wp-json\/wp\/v2\/types\/product"}],"replies":[{"embeddable":true,"href":"https:\/\/baldumarket.lt\/lt\/wp-json\/wp\/v2\/comments?post=32478"}],"wp:featuredmedia":[{"embeddable":true,"href":"https:\/\/baldumarket.lt\/lt\/wp-json\/wp\/v2\/media\/32479"}],"wp:attachment":[{"href":"https:\/\/baldumarket.lt\/lt\/wp-json\/wp\/v2\/media?parent=32478"}],"wp:term":[{"taxonomy":"product_brand","embeddable":true,"href":"https:\/\/baldumarket.lt\/lt\/wp-json\/wp\/v2\/product_brand?post=32478"},{"taxonomy":"product_cat","embeddable":true,"href":"https:\/\/baldumarket.lt\/lt\/wp-json\/wp\/v2\/product_cat?post=32478"},{"taxonomy":"product_tag","embeddable":true,"href":"https:\/\/baldumarket.lt\/lt\/wp-json\/wp\/v2\/product_tag?post=32478"}],"curies":[{"name":"wp","href":"https:\/\/api.w.org\/{rel}","templated":true}]}}