{"id":324725,"date":"2026-01-16T10:49:54","date_gmt":"2026-01-16T07:49:54","guid":{"rendered":"https:\/\/baldumarket.lt\/product\/zestaw-kuchenny-kuchnia-narozna-260-210-cm-lara-white\/"},"modified":"2026-03-23T13:00:26","modified_gmt":"2026-03-23T10:00:26","slug":"zestaw-kuchenny-kuchnia-narozna-260-210-cm-lara-white","status":"publish","type":"product","link":"https:\/\/baldumarket.lt\/lt\/product\/zestaw-kuchenny-kuchnia-narozna-260-210-cm-lara-white\/","title":{"rendered":"Virtuv\u0117s komplektas, kampin\u0117 virtuv\u0117 260\/210 cm Lara White"},"content":{"rendered":"<h5><span style=\"color: #54859b\">Apsilankykite m\u016bs\u0173 virtualioje Stolarz-Lempert prek\u0117s \u017eenklo parduotuv\u0117je<\/span><\/h5>\n<p> <a href=\"http:\/\/spacer.lempert.pl\/\" target=\"_blank\" rel=\"noopener\"><span style=\"color: #e47025\">http:\/\/spacer.lempert.pl\/<\/span><\/a><\/p>\n<p>Blizgan\u010dioje virtuv\u0117je \u201eLara\u201c yra modernus ir patrauklus spinteli\u0173 komplektas \u2013 virtuv\u0117s baldai, kurie tiks prie bet kokio interjero.<br \/>\nVirtuv\u0117je yra de\u0161imtys spinteli\u0173, i\u0161 kuri\u0173 galite susikurti savo komplekt\u0105.<br \/>\nPaprastos formos \u2013 puikus pasirinkimas moderniai virtuvei.<br \/>\n\u012e rinkin\u012f \u012feina:<br \/>\nauk\u0161tos kokyb\u0117s MDF fasadai<br \/>\nerdvios spintel\u0117s<br \/>\nmetalin\u0117s rankenos<br \/>\n2,8 cm arba 3,8 cm storio stalvir\u0161iai, pagaminti naudojant pokalimo technologij\u0105, su ergonomi\u0161kai u\u017eapvalinta priekine dalimi (neb\u016btina)<br \/>\nbe kojeli\u0173 \u2013 spintel\u0117s stovi ant r\u0117m\u0173<br \/>\nfasadai \u2013 \u0161velnaus u\u017edarymo sistema<br \/>\n\u0160velnaus u\u017edarymo stal\u010di\u0173 sistema \u2013 auk\u0161\u010diausios kokyb\u0117s<br \/>\nVirtuv\u0117s spalvos:<br \/>\nFasadas: MDF baltai blizgi<br \/>\nKorpusas: baltas<br \/>\nRankena: 128<br \/>\nMetalinis chromuotas b\u0117gelis<br \/>\n\u012e kain\u0105 \u012fskai\u010diuota:<br \/>\n60 cm krosnies kolona \u2013 60 DP-210 2F<br \/>\n50 cm kriaukl\u0117 \u2013 50 ZL 1F BB<br \/>\n60 cm u\u017edengta indaplov\u0117s priekin\u0117 dalis \u2013 ZM 713\u00d7596<br \/>\n90\/90 cm kampin\u0117 spintel\u0117 \u2013 90\u00d790 ND 2F BB<br \/>\n60 cm stal\u010diai \u2013 60 D 3S BB PREMIUM<br \/>\n60 cm \u2013 60 D 1F BB<br \/>\nVir\u0161uje:<br \/>\n60 cm \u2013 60 G-72 1F \u2013 2 vnt.<br \/>\n30 cm \u2013 30 G-72 1F<br \/>\n\u00a0<br \/>\nSpintel\u0117s be stalvir\u0161i\u0173 \u2013 reikalingos dvi sekcijos: 150 cm ir 200 cm<\/p>","protected":false},"excerpt":{"rendered":"<p>Fasado tipas: Laminuota plok\u0161t\u0117 \/ MDF \/ Lakuota MDF<br \/>\nVirtuv\u0117s spalva: blizgi balta<br \/>\nVirtuv\u0117s stilius: Modernus<br \/>\nFasado tipas: Laminuota plok\u0161t\u0117 \/ MDF \/ Lakuota MDF<br \/>\nPlotis [cm]: 260 \u00d7 210<br \/>\nAuk\u0161tis [cm]: 72 vir\u0161uje<br \/>\nAuk\u0161tis be stalvir\u0161io [cm]: 82<\/p>","protected":false},"featured_media":324726,"comment_status":"open","ping_status":"open","template":"","meta":[],"product_brand":[],"product_cat":[9234,1932],"product_tag":[],"class_list":{"0":"post-324725","1":"product","2":"type-product","3":"status-publish","4":"has-post-thumbnail","6":"product_cat-stolarz-lempert","7":"product_cat-kitchen-sets","9":"first","10":"instock","11":"purchasable","12":"product-type-simple"},"_links":{"self":[{"href":"https:\/\/baldumarket.lt\/lt\/wp-json\/wp\/v2\/product\/324725","targetHints":{"allow":["GET"]}}],"collection":[{"href":"https:\/\/baldumarket.lt\/lt\/wp-json\/wp\/v2\/product"}],"about":[{"href":"https:\/\/baldumarket.lt\/lt\/wp-json\/wp\/v2\/types\/product"}],"replies":[{"embeddable":true,"href":"https:\/\/baldumarket.lt\/lt\/wp-json\/wp\/v2\/comments?post=324725"}],"wp:featuredmedia":[{"embeddable":true,"href":"https:\/\/baldumarket.lt\/lt\/wp-json\/wp\/v2\/media\/324726"}],"wp:attachment":[{"href":"https:\/\/baldumarket.lt\/lt\/wp-json\/wp\/v2\/media?parent=324725"}],"wp:term":[{"taxonomy":"product_brand","embeddable":true,"href":"https:\/\/baldumarket.lt\/lt\/wp-json\/wp\/v2\/product_brand?post=324725"},{"taxonomy":"product_cat","embeddable":true,"href":"https:\/\/baldumarket.lt\/lt\/wp-json\/wp\/v2\/product_cat?post=324725"},{"taxonomy":"product_tag","embeddable":true,"href":"https:\/\/baldumarket.lt\/lt\/wp-json\/wp\/v2\/product_tag?post=324725"}],"curies":[{"name":"wp","href":"https:\/\/api.w.org\/{rel}","templated":true}]}}