{"id":324717,"date":"2026-01-16T10:49:48","date_gmt":"2026-01-16T07:49:48","guid":{"rendered":"https:\/\/baldumarket.lt\/product\/zestaw-kuchenny-kuchnia-narozna-370-220-cm-lara-grey\/"},"modified":"2026-03-23T13:00:26","modified_gmt":"2026-03-23T10:00:26","slug":"zestaw-kuchenny-kuchnia-narozna-370-220-cm-lara-grey","status":"publish","type":"product","link":"https:\/\/baldumarket.lt\/lt\/product\/zestaw-kuchenny-kuchnia-narozna-370-220-cm-lara-grey\/","title":{"rendered":"Virtuv\u0117s komplektas, kampin\u0117 virtuv\u0117 370\/220 cm Lara Gray"},"content":{"rendered":"<h5><span style=\"color: #54859b\">Apsilankykite m\u016bs\u0173 virtualioje Stolarz-Lempert prek\u0117s \u017eenklo parduotuv\u0117je<\/span><\/h5>\n<p> <a href=\"http:\/\/spacer.lempert.pl\/\" target=\"_blank\" rel=\"noopener\"><span style=\"color: #e47025\">http:\/\/spacer.lempert.pl\/<\/span><\/a><\/p>\n<p>Blizgan\u010dioje virtuv\u0117je \u201eLara\u201c yra modernus ir patrauklus spinteli\u0173 komplektas \u2013 virtuv\u0117s baldai, kurie tiks prie bet kokio interjero.<br \/>\nVirtuv\u0117je yra de\u0161imtys spinteli\u0173, i\u0161 kuri\u0173 galite susikurti savo komplekt\u0105.<br \/>\nPaprastos formos \u2013 puikus pasirinkimas moderniai virtuvei.<br \/>\n\u012e rinkin\u012f \u012feina:<br \/>\nauk\u0161tos kokyb\u0117s MDF fasadai<br \/>\nerdvios spintel\u0117s<br \/>\nmetalin\u0117s rankenos<br \/>\n2,8 cm arba 3,8 cm storio stalvir\u0161iai, pagaminti naudojant postformavimo technologij\u0105, su ergonomi\u0161kai u\u017eapvalinta priekine dalimi (neb\u016btina)<br \/>\nbe kojeli\u0173 \u2013 spintel\u0117s stovi ant r\u0117m\u0173<br \/>\nfasadai \u2013 \u0161velnaus u\u017edarymo sistema<br \/>\n\u0160velnaus u\u017edarymo stal\u010di\u0173 sistema \u2013 auk\u0161\u010diausios kokyb\u0117s<br \/>\nVirtuv\u0117s spalvos:<br \/>\nFasadas: pilkai blizgios MDF plok\u0161t\u0117s<br \/>\nKorpusas: baltas<br \/>\nRankena: 128<br \/>\nChromuotas metalinis tur\u0117klas<br \/>\n\u012e komplekt\u0105 \u012feina:<br \/>\nvir\u0161utin\u0117:<br \/>\n60 GU 36 1F<br \/>\n30 G 72 1F<br \/>\n60 \u00d7 60 GN-72 45 laipsni\u0173 1 \u00b0F<br \/>\n30 G 72 1F<br \/>\n50 G 72 1F<br \/>\n80 G 72 2F<br \/>\napatinis:<br \/>\n60 cm LO-210 2F \u0161aldytuvo spintel\u0117<br \/>\n60 cm 60 DPM-210 2F orkait\u0117 ir mikrobang\u0173 krosnel\u0117<br \/>\n60 cm 60 DK-210 2F kolona su lentynomis<br \/>\n40 cm 40 DK-210 2F kolona su lentynomis<br \/>\n60 D 3S BB auk\u0161\u010diausios kokyb\u0117s stal\u010di\u0173<br \/>\n90\u00d790 ND 2F BB kampas<br \/>\n50 ZL 1F BB kriaukl\u0117<br \/>\n80 D 3S BB auk\u0161\u010diausios kokyb\u0117s stal\u010diai<br \/>\nApatin\u0117s spintel\u0117s be stalvir\u0161i\u0173 \u2013 reikalingos 160 cm ir 150 cm sekcijos<\/p>","protected":false},"excerpt":{"rendered":"<p>Fasado tipas: Laminuota plok\u0161t\u0117 \/ MDF \/ Lakuota MDF<br \/>\nVirtuv\u0117s spalva: Blizgi pilka<br \/>\nVirtuv\u0117s stilius: Modernus<br \/>\nFasado tipas: Laminuota plok\u0161t\u0117 \/ MDF \/ Lakuota MDF<br \/>\nPlotis [cm]: 370 \u00d7 220<br \/>\nAuk\u0161tis [cm]: 72 vir\u0161uje<br \/>\nAuk\u0161tis be stalvir\u0161io [cm]: 82<\/p>","protected":false},"featured_media":324718,"comment_status":"open","ping_status":"open","template":"","meta":[],"product_brand":[],"product_cat":[9234,1932],"product_tag":[],"class_list":{"0":"post-324717","1":"product","2":"type-product","3":"status-publish","4":"has-post-thumbnail","6":"product_cat-stolarz-lempert","7":"product_cat-kitchen-sets","9":"first","10":"instock","11":"purchasable","12":"product-type-simple"},"_links":{"self":[{"href":"https:\/\/baldumarket.lt\/lt\/wp-json\/wp\/v2\/product\/324717","targetHints":{"allow":["GET"]}}],"collection":[{"href":"https:\/\/baldumarket.lt\/lt\/wp-json\/wp\/v2\/product"}],"about":[{"href":"https:\/\/baldumarket.lt\/lt\/wp-json\/wp\/v2\/types\/product"}],"replies":[{"embeddable":true,"href":"https:\/\/baldumarket.lt\/lt\/wp-json\/wp\/v2\/comments?post=324717"}],"wp:featuredmedia":[{"embeddable":true,"href":"https:\/\/baldumarket.lt\/lt\/wp-json\/wp\/v2\/media\/324718"}],"wp:attachment":[{"href":"https:\/\/baldumarket.lt\/lt\/wp-json\/wp\/v2\/media?parent=324717"}],"wp:term":[{"taxonomy":"product_brand","embeddable":true,"href":"https:\/\/baldumarket.lt\/lt\/wp-json\/wp\/v2\/product_brand?post=324717"},{"taxonomy":"product_cat","embeddable":true,"href":"https:\/\/baldumarket.lt\/lt\/wp-json\/wp\/v2\/product_cat?post=324717"},{"taxonomy":"product_tag","embeddable":true,"href":"https:\/\/baldumarket.lt\/lt\/wp-json\/wp\/v2\/product_tag?post=324717"}],"curies":[{"name":"wp","href":"https:\/\/api.w.org\/{rel}","templated":true}]}}