{"id":32468,"date":"2025-11-14T22:12:44","date_gmt":"2025-11-14T19:12:44","guid":{"rendered":"https:\/\/baldumarket.lt\/product\/dullum-60-stolik-kawowy-bialy\/"},"modified":"2026-03-24T18:15:57","modified_gmt":"2026-03-24T15:15:57","slug":"dullum-60-stolik-kawowy-bialy","status":"publish","type":"product","link":"https:\/\/baldumarket.lt\/lt\/product\/dullum-60-stolik-kawowy-bialy\/","title":{"rendered":"Dullum 60 baltas kavos staliukas"},"content":{"rendered":"<p>\u201eDullum\u201c kavos staliukas \u2013 eleganti\u0161kas ir modernus baldas, kurio matmenys \u2013 60 cm x 60 cm, o auk\u0161tis \u2013 45 cm. Stalas stovi ant tvirt\u0173, 15 cm auk\u0161\u010dio medini\u0173 kojeli\u0173, kurios suteikia jam lengvumo ir stilingos i\u0161vaizdos. D\u0117l kompakti\u0161ko dyd\u017eio ir minimalistinio dizaino jis puikiai tinka bet kokiam interjerui, nes yra ir prakti\u0161kas, ir dekoratyvus.<\/p>","protected":false},"excerpt":{"rendered":"<p>\u201eDullum\u201c kavos staliukas yra eleganti\u0161kas ir modernus baldas, kurio matmenys \u2013 60 cm x 60 cm, o auk\u0161tis \u2013 45 cm. Stalas stovi ant tvirt\u0173, 15 cm auk\u0161\u010dio medini\u0173 kojeli\u0173, kurios suteikia jam lengvumo ir stilingos i\u0161vaizdos. D\u0117l kompakti\u0161ko dyd\u017eio ir minimalistinio dizaino jis puikiai tinka bet kokiam interjerui, [\u2026]<\/p>","protected":false},"featured_media":32469,"comment_status":"open","ping_status":"open","template":"","meta":[],"product_brand":[],"product_cat":[866,2012,9176],"product_tag":[],"class_list":{"0":"post-32468","1":"product","2":"type-product","3":"status-publish","4":"has-post-thumbnail","6":"product_cat-coffee-tables","7":"product_cat-eltap","8":"product_cat-coffee-tables-eltap","9":"pa_frame-material-undefined","10":"pa_frame-material-type-undefined","11":"pa_leg-color-white","12":"pa_leg-material-wood","13":"pa_linen-box-undefined","14":"pa_main-color-white","15":"pa_price-group-basic","16":"pa_seat-depth-undefined","17":"pa_seat-width-undefined","18":"pa_sleep-function-undefined","19":"pa_sleeping-area-length-undefined","20":"pa_sleeping-area-width-undefined","21":"pa_style-modern","22":"pa_textile-bialy","23":"pa_upholstery-material-undefined","25":"first","26":"instock","27":"purchasable","28":"product-type-simple"},"_links":{"self":[{"href":"https:\/\/baldumarket.lt\/lt\/wp-json\/wp\/v2\/product\/32468","targetHints":{"allow":["GET"]}}],"collection":[{"href":"https:\/\/baldumarket.lt\/lt\/wp-json\/wp\/v2\/product"}],"about":[{"href":"https:\/\/baldumarket.lt\/lt\/wp-json\/wp\/v2\/types\/product"}],"replies":[{"embeddable":true,"href":"https:\/\/baldumarket.lt\/lt\/wp-json\/wp\/v2\/comments?post=32468"}],"wp:featuredmedia":[{"embeddable":true,"href":"https:\/\/baldumarket.lt\/lt\/wp-json\/wp\/v2\/media\/32469"}],"wp:attachment":[{"href":"https:\/\/baldumarket.lt\/lt\/wp-json\/wp\/v2\/media?parent=32468"}],"wp:term":[{"taxonomy":"product_brand","embeddable":true,"href":"https:\/\/baldumarket.lt\/lt\/wp-json\/wp\/v2\/product_brand?post=32468"},{"taxonomy":"product_cat","embeddable":true,"href":"https:\/\/baldumarket.lt\/lt\/wp-json\/wp\/v2\/product_cat?post=32468"},{"taxonomy":"product_tag","embeddable":true,"href":"https:\/\/baldumarket.lt\/lt\/wp-json\/wp\/v2\/product_tag?post=32468"}],"curies":[{"name":"wp","href":"https:\/\/api.w.org\/{rel}","templated":true}]}}