{"id":324674,"date":"2026-01-16T10:49:15","date_gmt":"2026-01-16T07:49:15","guid":{"rendered":"https:\/\/baldumarket.lt\/product\/kuchnia-eko-white-180-cm-z-witryna\/"},"modified":"2026-03-23T13:00:26","modified_gmt":"2026-03-23T10:00:26","slug":"kuchnia-eko-white-180-cm-z-witryna","status":"publish","type":"product","link":"https:\/\/baldumarket.lt\/lt\/product\/kuchnia-eko-white-180-cm-z-witryna\/","title":{"rendered":"Ekologi\u0161ka balta virtuv\u0117 180 cm su vitrina"},"content":{"rendered":"<h5><span style=\"color: #54859b\">Apsilankykite m\u016bs\u0173 virtualioje Stolarz-Lempert prek\u0117s \u017eenklo parduotuv\u0117je<\/span><\/h5>\n<p> <a href=\"http:\/\/spacer.lempert.pl\/\" target=\"_blank\" rel=\"noopener\"><span style=\"color: #e47025\">http:\/\/spacer.lempert.pl\/<\/span><\/a><\/p>\n<p>180 cm plo\u010dio \u201eEco White Kitchen\u201c \u2013 tai virtuv\u0117s bald\u0173 komplektas, kurio paprastos, lengvos formos ir ry\u0161kios, madingos spalvos papildys bet kok\u012f modern\u0173 interjer\u0105, o horizontalus, \u0161viesus ra\u0161tas vizualiai padidins bet kuri\u0105 ma\u017e\u0105 virtuv\u0119. Komplekt\u0105 sudaro:<br \/>\nAuk\u0161tos kokyb\u0117s fasadai pagaminti i\u0161 laminuotos plok\u0161t\u0117s su PVC juostele, atsparia pa\u017eeidimams ir at\u0161iaurioms virtuv\u0117s s\u0105lygoms<br \/>\nErdvios spintel\u0117s<br \/>\nPlastikin\u0117s rankenos<br \/>\n2,8 cm storio stalvir\u0161is, pagamintas naudojant postformavimo technologij\u0105, su ergonomi\u0161kai u\u017eapvalinta priekine dalimi \u2013 galima \u012fsigyti su pasirinktimis<br \/>\nMetaliniai vyriai ir stal\u010diai<br \/>\n\u00a0<br \/>\nVirtuv\u0117s spalvos:<br \/>\nPriekin\u0117s dalys: matin\u0117s baltos spalvos + sm\u016bgiams ir dr\u0117gmei atsparus PVC kra\u0161tas<br \/>\nKorpusas: baltas<br \/>\n28 mm stalvir\u0161is: \u0105\u017euolas \u201eLancelot\u201c<br \/>\n\u012e rinkin\u012f \u012feina:<br \/>\nApatin\u0117s spintel\u0117s: 80 ZL 2F BB<br \/>\n60 DG BB<br \/>\n40D 4S BB<br \/>\nVir\u0161utin\u0117s spintel\u0117s: 80 GS-72<br \/>\n40 G-72 F<br \/>\n\u00a0<br \/>\nSpintel\u0117s be stalvir\u0161i\u0173<br \/>\n\u00a0<\/p>","protected":false},"excerpt":{"rendered":"<p>Gylis su stalvir\u0161iu [cm]: 60<br \/>\nGylis [cm]: 31 vir\u0161uje<br \/>\nGylis be vir\u0161utinio sluoksnio [cm]: 52<br \/>\nGylis su stalvir\u0161iu [cm]: 60<br \/>\nPlotis [cm]: 180<br \/>\nAuk\u0161tis [cm]: 72 vir\u0161uje<br \/>\nAuk\u0161tis be vir\u0161utinio sluoksnio [cm]: 82<\/p>","protected":false},"featured_media":324675,"comment_status":"open","ping_status":"open","template":"","meta":[],"product_brand":[],"product_cat":[9234,1932],"product_tag":[],"class_list":{"0":"post-324674","1":"product","2":"type-product","3":"status-publish","4":"has-post-thumbnail","6":"product_cat-stolarz-lempert","7":"product_cat-kitchen-sets","9":"first","10":"instock","11":"purchasable","12":"product-type-simple"},"_links":{"self":[{"href":"https:\/\/baldumarket.lt\/lt\/wp-json\/wp\/v2\/product\/324674","targetHints":{"allow":["GET"]}}],"collection":[{"href":"https:\/\/baldumarket.lt\/lt\/wp-json\/wp\/v2\/product"}],"about":[{"href":"https:\/\/baldumarket.lt\/lt\/wp-json\/wp\/v2\/types\/product"}],"replies":[{"embeddable":true,"href":"https:\/\/baldumarket.lt\/lt\/wp-json\/wp\/v2\/comments?post=324674"}],"wp:featuredmedia":[{"embeddable":true,"href":"https:\/\/baldumarket.lt\/lt\/wp-json\/wp\/v2\/media\/324675"}],"wp:attachment":[{"href":"https:\/\/baldumarket.lt\/lt\/wp-json\/wp\/v2\/media?parent=324674"}],"wp:term":[{"taxonomy":"product_brand","embeddable":true,"href":"https:\/\/baldumarket.lt\/lt\/wp-json\/wp\/v2\/product_brand?post=324674"},{"taxonomy":"product_cat","embeddable":true,"href":"https:\/\/baldumarket.lt\/lt\/wp-json\/wp\/v2\/product_cat?post=324674"},{"taxonomy":"product_tag","embeddable":true,"href":"https:\/\/baldumarket.lt\/lt\/wp-json\/wp\/v2\/product_tag?post=324674"}],"curies":[{"name":"wp","href":"https:\/\/api.w.org\/{rel}","templated":true}]}}