{"id":324650,"date":"2026-01-16T10:48:55","date_gmt":"2026-01-16T07:48:55","guid":{"rendered":"https:\/\/baldumarket.lt\/product\/kuchnia-chamonix-200-cm\/"},"modified":"2026-03-23T13:00:26","modified_gmt":"2026-03-23T10:00:26","slug":"kuchnia-chamonix-200-cm","status":"publish","type":"product","link":"https:\/\/baldumarket.lt\/lt\/product\/kuchnia-chamonix-200-cm\/","title":{"rendered":"\u0160amoni virtuv\u0117 200 cm"},"content":{"rendered":"<h5><span style=\"color: #54859b\">Apsilankykite m\u016bs\u0173 virtualioje Stolarz-Lempert prek\u0117s \u017eenklo parduotuv\u0117je<\/span><\/h5>\n<p> <a href=\"http:\/\/spacer.lempert.pl\/\" target=\"_blank\" rel=\"noopener\"><span style=\"color: #e47025\">http:\/\/spacer.lempert.pl\/<\/span><\/a><\/p>\n<p>\u201eChamonix 200 cm\u201c virtuv\u0117 \u2013 tai virtuv\u0117s bald\u0173 komplektas, kurio paprastos, lengvos formos ir kontrastingos, madingos spalvos papildys bet kok\u012f modern\u0173 interjer\u0105, o horizontalus ra\u0161tas vizualiai padidins bet koki\u0105 ma\u017e\u0105 virtuv\u0119. Komplekt\u0105 sudaro:<br \/>\nauk\u0161tos kokyb\u0117s fasadai i\u0161 laminuotos plok\u0161t\u0117s<br \/>\nerdvios spintel\u0117s<br \/>\nplastikin\u0117s rankenos<br \/>\n2,8 cm storio stalvir\u0161is, pagamintas naudojant pokalimo technologij\u0105, su ergonomi\u0161kai u\u017eapvalinta priekine dalimi<br \/>\nmetaliniai vyriai ir stal\u010diai<br \/>\n\u00a0<br \/>\nVirtuv\u0117s spalvos:<br \/>\nPriekin\u0117s dalys: vir\u0161utin\u0117 dalis \u2013 Ferrara \u0105\u017euolas, apatin\u0117 \u2013 tamsus Legno \u0105\u017euolas.<br \/>\nKorpusas: Ferraros \u0105\u017euolas<br \/>\n28 mm stalvir\u0161is: baltoji pu\u0161is<br \/>\n\u00a0<br \/>\n\u012e rinkin\u012f \u012feina:<br \/>\nvir\u0161utin\u0117s spintel\u0117s:<br \/>\n80 G-72<br \/>\n40 G-72 F<br \/>\n\u00a0<br \/>\napatin\u0117s spintel\u0117s:<br \/>\n80 ZL 2F BB<br \/>\n80 D 2F BB<br \/>\n40 D 4S BB<br \/>\n\u00a0<br \/>\nspintel\u0117s be stalvir\u0161i\u0173<br \/>\n\u00a0<\/p>","protected":false},"excerpt":{"rendered":"<p>Plotis [cm]: 200<br \/>\nGylis be vir\u0161utinio sluoksnio [cm]: 52<br \/>\nGylis su stalvir\u0161iu [cm]: 60<br \/>\nPlotis [cm]: 200<br \/>\nAuk\u0161tis be vir\u0161utinio sluoksnio [cm]: 82<br \/>\nGylis [cm]: 31 vir\u0161uje<br \/>\nAuk\u0161tis [cm]: 72 vir\u0161uje<\/p>","protected":false},"featured_media":324651,"comment_status":"open","ping_status":"open","template":"","meta":[],"product_brand":[],"product_cat":[9234,1932],"product_tag":[],"class_list":{"0":"post-324650","1":"product","2":"type-product","3":"status-publish","4":"has-post-thumbnail","6":"product_cat-stolarz-lempert","7":"product_cat-kitchen-sets","9":"first","10":"instock","11":"purchasable","12":"product-type-simple"},"_links":{"self":[{"href":"https:\/\/baldumarket.lt\/lt\/wp-json\/wp\/v2\/product\/324650","targetHints":{"allow":["GET"]}}],"collection":[{"href":"https:\/\/baldumarket.lt\/lt\/wp-json\/wp\/v2\/product"}],"about":[{"href":"https:\/\/baldumarket.lt\/lt\/wp-json\/wp\/v2\/types\/product"}],"replies":[{"embeddable":true,"href":"https:\/\/baldumarket.lt\/lt\/wp-json\/wp\/v2\/comments?post=324650"}],"wp:featuredmedia":[{"embeddable":true,"href":"https:\/\/baldumarket.lt\/lt\/wp-json\/wp\/v2\/media\/324651"}],"wp:attachment":[{"href":"https:\/\/baldumarket.lt\/lt\/wp-json\/wp\/v2\/media?parent=324650"}],"wp:term":[{"taxonomy":"product_brand","embeddable":true,"href":"https:\/\/baldumarket.lt\/lt\/wp-json\/wp\/v2\/product_brand?post=324650"},{"taxonomy":"product_cat","embeddable":true,"href":"https:\/\/baldumarket.lt\/lt\/wp-json\/wp\/v2\/product_cat?post=324650"},{"taxonomy":"product_tag","embeddable":true,"href":"https:\/\/baldumarket.lt\/lt\/wp-json\/wp\/v2\/product_tag?post=324650"}],"curies":[{"name":"wp","href":"https:\/\/api.w.org\/{rel}","templated":true}]}}