{"id":324630,"date":"2026-01-16T10:48:40","date_gmt":"2026-01-16T07:48:40","guid":{"rendered":"https:\/\/baldumarket.lt\/product\/kuchnia-artisan-cappucino-polysk-zestaw-260-cm\/"},"modified":"2026-03-23T13:00:26","modified_gmt":"2026-03-23T10:00:26","slug":"kuchnia-artisan-cappucino-polysk-zestaw-260-cm","status":"publish","type":"product","link":"https:\/\/baldumarket.lt\/lt\/product\/kuchnia-artisan-cappucino-polysk-zestaw-260-cm\/","title":{"rendered":"\u201eArtisan Kitchen\u201c blizgi\u0173 kavos aparat\u0173 rinkinys, 260 cm"},"content":{"rendered":"<h5><span style=\"color: #54859b\">Apsilankykite m\u016bs\u0173 virtualioje Stolarz-Lempert prek\u0117s \u017eenklo parduotuv\u0117je<\/span><\/h5>\n<p> <a href=\"http:\/\/spacer.lempert.pl\/\" target=\"_blank\" rel=\"noopener\"><span style=\"color: #e47025\">http:\/\/spacer.lempert.pl\/<\/span><\/a><\/p>\n<p>\u201eArtisan Kitchen\u201c \u2013 tai modern\u016bs ir \u012fdom\u016bs baldai, kurie tiks prie bet kokio interjero.<br \/>\nVirtuv\u0117je yra de\u0161imtys spinteli\u0173, i\u0161 kuri\u0173 galite susikurti savo komplekt\u0105.<br \/>\nPaprastos formos \u2013 puikus pasirinkimas moderniai virtuvei. Komplekt\u0105 sudaro:<br \/>\nAuk\u0161tos kokyb\u0117s MDF fasadai<br \/>\nErdvios spintel\u0117s<br \/>\nPlastikin\u0117s rankenos<br \/>\n2,8 cm arba 3,8 cm storio stalvir\u0161iai, pagaminti naudojant postformavimo technologij\u0105, su ergonomi\u0161kai u\u017eapvalinta priekine dalimi (neb\u016btina)<br \/>\nVirtuv\u0117s spalvos:<br \/>\nPriekin\u0117s dalys: MDF \u201eCappuccino\u201c pus\u0117 \/ PVC \u201eCappuccino\u201c pus\u0117 \/ Artisan Oak<br \/>\nKorpusas: Artisan \u0105\u017euolas<br \/>\nRankena 128: plastikin\u0117<br \/>\nPavaizduotas stalvir\u0161is: 28 mm \u0161viesus nubieti\u0161kas<br \/>\nAmatinink\u0173 virtuv\u0117 su blizgiais fasadais. Komplekt\u0105 sudaro:<br \/>\nApatin\u0117s spintel\u0117s:<br \/>\n80 cm kriaukl\u0117 \u2013 80 ZL 2F BB<br \/>\n80 cm \u2013 80 D 2F BB<br \/>\n60 cm stal\u010diai \u2013 60D 3S BB<br \/>\n40D 1F BB \u2013 40 D 1F BB<br \/>\nSpinteli\u0173 vir\u0161us:<br \/>\n80 cm \u2013 80 G-72 2F<br \/>\n30 cm atvira lentyna \u2013 30 G-72 OTW<br \/>\n50 cm \u017eemas \u2013 50 GU-36 1F \u2013 2 vnt.<br \/>\n60 cm \u017eemas \u2013 60 GU-36 1F<br \/>\n40 cm \u2013 40 G-72 1F<br \/>\n\u00a0<br \/>\n260 cm stalvir\u0161is \u2013 \u012f komplekt\u0105 ne\u012feina.<br \/>\n\u00a0<br \/>\n\u00a0<\/p>","protected":false},"excerpt":{"rendered":"<p>Gylis su stalvir\u0161iu [cm]: 60<br \/>\nGylis [cm]: 31 vir\u0161uje<br \/>\nGylis be vir\u0161utinio sluoksnio [cm]: 52<br \/>\nGylis su stalvir\u0161iu [cm]: 60<br \/>\nPlotis [cm]: 260<br \/>\nAuk\u0161tis [cm]: 72 vir\u0161uje<br \/>\nAuk\u0161tis be vir\u0161utinio sluoksnio [cm]: 82<\/p>","protected":false},"featured_media":324631,"comment_status":"open","ping_status":"open","template":"","meta":[],"product_brand":[],"product_cat":[9234,1932],"product_tag":[],"class_list":{"0":"post-324630","1":"product","2":"type-product","3":"status-publish","4":"has-post-thumbnail","6":"product_cat-stolarz-lempert","7":"product_cat-kitchen-sets","9":"first","10":"instock","11":"purchasable","12":"product-type-simple"},"_links":{"self":[{"href":"https:\/\/baldumarket.lt\/lt\/wp-json\/wp\/v2\/product\/324630","targetHints":{"allow":["GET"]}}],"collection":[{"href":"https:\/\/baldumarket.lt\/lt\/wp-json\/wp\/v2\/product"}],"about":[{"href":"https:\/\/baldumarket.lt\/lt\/wp-json\/wp\/v2\/types\/product"}],"replies":[{"embeddable":true,"href":"https:\/\/baldumarket.lt\/lt\/wp-json\/wp\/v2\/comments?post=324630"}],"wp:featuredmedia":[{"embeddable":true,"href":"https:\/\/baldumarket.lt\/lt\/wp-json\/wp\/v2\/media\/324631"}],"wp:attachment":[{"href":"https:\/\/baldumarket.lt\/lt\/wp-json\/wp\/v2\/media?parent=324630"}],"wp:term":[{"taxonomy":"product_brand","embeddable":true,"href":"https:\/\/baldumarket.lt\/lt\/wp-json\/wp\/v2\/product_brand?post=324630"},{"taxonomy":"product_cat","embeddable":true,"href":"https:\/\/baldumarket.lt\/lt\/wp-json\/wp\/v2\/product_cat?post=324630"},{"taxonomy":"product_tag","embeddable":true,"href":"https:\/\/baldumarket.lt\/lt\/wp-json\/wp\/v2\/product_tag?post=324630"}],"curies":[{"name":"wp","href":"https:\/\/api.w.org\/{rel}","templated":true}]}}