{"id":324614,"date":"2026-01-16T10:48:29","date_gmt":"2026-01-16T07:48:29","guid":{"rendered":"https:\/\/baldumarket.lt\/product\/zestaw-kuchenny-arona-z-witryna-kuchnia-260-cm\/"},"modified":"2026-03-23T13:00:26","modified_gmt":"2026-03-23T10:00:26","slug":"zestaw-kuchenny-arona-z-witryna-kuchnia-260-cm","status":"publish","type":"product","link":"https:\/\/baldumarket.lt\/lt\/product\/zestaw-kuchenny-arona-z-witryna-kuchnia-260-cm\/","title":{"rendered":"Arona virtuv\u0117s komplektas su vitrina, virtuv\u0117 260 cm"},"content":{"rendered":"<h5><span style=\"color: #54859b\">Apsilankykite m\u016bs\u0173 virtualioje Stolarz-Lempert prek\u0117s \u017eenklo parduotuv\u0117je<\/span><\/h5>\n<p> <a href=\"http:\/\/spacer.lempert.pl\/\" target=\"_blank\" rel=\"noopener\"><span style=\"color: #e47025\">http:\/\/spacer.lempert.pl\/<\/span><\/a><\/p>\n<p>\u201eArona\u201c virtuv\u0117 \u2013 tai modernus ir eleganti\u0161kas bald\u0173 komplektas \u2013 virtuv\u0117s baldai tiks bet kokiam interjerui.<br \/>\nVirtuv\u0117je yra de\u0161imtys spinteli\u0173, i\u0161 kuri\u0173 galite susikurti savo komplekt\u0105.<br \/>\n\u012e rinkin\u012f \u012feina:<br \/>\nauk\u0161tos kokyb\u0117s fasadai i\u0161 laminuotos plok\u0161t\u0117s<br \/>\nlaminuot\u0173 plok\u0161\u010di\u0173 korpusai<br \/>\nfasadai su \u0161velnaus u\u017edarymo sistema<br \/>\nauk\u0161\u010diausios kokyb\u0117s stal\u010diai su \u0161velnaus u\u017edarymo sistema<br \/>\nerdvios spintel\u0117s<br \/>\nspintel\u0117s, montuojamos ant r\u0117m\u0173 ir cokoli\u0173<br \/>\ndvigubai slystan\u010dios juodos kojel\u0117s<br \/>\nmatin\u0117s juodos spalvos cokolin\u0117s dalys yra komplekte<br \/>\nPriekinis stiklas \u2013 gr\u016bdintas stiklas, poliruotas i\u0161 vis\u0173 pusi\u0173, grafito anti-sol danga, 4 mm storio<br \/>\nstiklin\u0117s lentynos \u2013 poliruotos i\u0161 vis\u0173 pusi\u0173, skaidrus stiklas, 4 mm storio 5 mm<br \/>\n2,8 cm arba 3,8 cm storio stalvir\u0161is, pagamintas naudojant pokalimo technologij\u0105, su ergonomi\u0161kai u\u017eapvalinta priekine dalimi (neb\u016btina)<br \/>\nVirtuv\u0117s specifikacijos:<br \/>\nPriekin\u0117s dalys: 16 mm laminuota plok\u0161t\u0117, ka\u0161myras (ABS)<br \/>\nKorpusas: 16 mm laminuota plok\u0161t\u0117, matin\u0117 juoda (melaminas), nugar\u0117l\u0117 \u2013 2,5 mm HDF \u2013 balta<br \/>\nRankenos: UA-HEXA kra\u0161tas, juodos arba auksin\u0117s \u2013 aliuminio, tarpai 64 mm \u2013 320 mm (PASTABA \u2013 jei pasirinksite auksin\u0119, pakuot\u0117je gausite ir juodas rankenas)<br \/>\nKomplekt\u0105 sudaro spintel\u0117s be stalvir\u0161i\u0173:<br \/>\n60 cm kriaukl\u0117s stal\u010dius \u2013 60 ZL 1S BB PREMIUM BOX<br \/>\n60 cm indaplov\u0117s priekin\u0117 dalis \u2013 ZM 713 \u00d7 596<br \/>\n60 cm orkait\u0117s pagrindas \u2013 60 D GAZ BB<br \/>\n80 cm stal\u010diai \u2013 80 D 3S BB<br \/>\nVir\u0161utinis 90 cm<br \/>\n80 cm vitrina \u2013 80 GS-90 2F<br \/>\n60 cm \u2013 60 G-72 1F<br \/>\n60 cm \u2013 60 G-90 1F \u2013 2 vnt.<br \/>\nKomplektui reikalingas 260 cm stalvir\u0161is.<\/p>","protected":false},"excerpt":{"rendered":"<p>Priekin\u0117s dalies tipas: laminuota plok\u0161t\u0117 \/ MDF \/ lakuota laminuota plok\u0161t\u0117<br \/>\nVirtuv\u0117s spalva: Ka\u0161myras<br \/>\nVirtuv\u0117s stilius: modernus, eleganti\u0161kas<br \/>\nPriekin\u0117s dalies tipas: laminuota plok\u0161t\u0117 \/ MDF \/ lakuota laminuota plok\u0161t\u0117<br \/>\nGylis su stalvir\u0161iu [cm]: 60<br \/>\nAuk\u0161tis [cm]: 90 (vir\u0161uje)<br \/>\nAuk\u0161tis be vir\u0161utinio sluoksnio [cm]: 82<\/p>","protected":false},"featured_media":324615,"comment_status":"open","ping_status":"open","template":"","meta":[],"product_brand":[],"product_cat":[9234,1932],"product_tag":[],"class_list":{"0":"post-324614","1":"product","2":"type-product","3":"status-publish","4":"has-post-thumbnail","6":"product_cat-stolarz-lempert","7":"product_cat-kitchen-sets","9":"first","10":"instock","11":"purchasable","12":"product-type-simple"},"_links":{"self":[{"href":"https:\/\/baldumarket.lt\/lt\/wp-json\/wp\/v2\/product\/324614","targetHints":{"allow":["GET"]}}],"collection":[{"href":"https:\/\/baldumarket.lt\/lt\/wp-json\/wp\/v2\/product"}],"about":[{"href":"https:\/\/baldumarket.lt\/lt\/wp-json\/wp\/v2\/types\/product"}],"replies":[{"embeddable":true,"href":"https:\/\/baldumarket.lt\/lt\/wp-json\/wp\/v2\/comments?post=324614"}],"wp:featuredmedia":[{"embeddable":true,"href":"https:\/\/baldumarket.lt\/lt\/wp-json\/wp\/v2\/media\/324615"}],"wp:attachment":[{"href":"https:\/\/baldumarket.lt\/lt\/wp-json\/wp\/v2\/media?parent=324614"}],"wp:term":[{"taxonomy":"product_brand","embeddable":true,"href":"https:\/\/baldumarket.lt\/lt\/wp-json\/wp\/v2\/product_brand?post=324614"},{"taxonomy":"product_cat","embeddable":true,"href":"https:\/\/baldumarket.lt\/lt\/wp-json\/wp\/v2\/product_cat?post=324614"},{"taxonomy":"product_tag","embeddable":true,"href":"https:\/\/baldumarket.lt\/lt\/wp-json\/wp\/v2\/product_tag?post=324614"}],"curies":[{"name":"wp","href":"https:\/\/api.w.org\/{rel}","templated":true}]}}