{"id":324606,"date":"2026-01-16T10:48:23","date_gmt":"2026-01-16T07:48:23","guid":{"rendered":"https:\/\/baldumarket.lt\/product\/zestaw-kuchenny-260-cm-solea-kaszmir-kuchnia-260-cm\/"},"modified":"2026-03-23T13:00:26","modified_gmt":"2026-03-23T10:00:26","slug":"zestaw-kuchenny-260-cm-solea-kaszmir-kuchnia-260-cm","status":"publish","type":"product","link":"https:\/\/baldumarket.lt\/lt\/product\/zestaw-kuchenny-260-cm-solea-kaszmir-kuchnia-260-cm\/","title":{"rendered":"Virtuv\u0117s komplektas 260 cm Solea ka\u0161myras, virtuv\u0117 260 cm"},"content":{"rendered":"<h5><span style=\"color: #54859b\">Apsilankykite m\u016bs\u0173 virtualioje Stolarz-Lempert prek\u0117s \u017eenklo parduotuv\u0117je<\/span><\/h5>\n<p> <a href=\"http:\/\/spacer.lempert.pl\/\" target=\"_blank\" rel=\"noopener\"><span style=\"color: #e47025\">http:\/\/spacer.lempert.pl\/<\/span><\/a><\/p>\n<p>\u201eSolea\u201c virtuv\u0117 \u2013 tai eleganti\u0161kas subtilaus ka\u0161myro atspalvio ir nat\u016bralaus \u0105\u017euolo \u0161ilumos derinys. Komplekt\u0105 sudaro:<br \/>\nauk\u0161tos kokyb\u0117s fasadai i\u0161 laminuotos plok\u0161t\u0117s<br \/>\nerdvios spintel\u0117s<br \/>\njuodos aliuminio kra\u0161t\u0173 rankenos<br \/>\nmetaliniai vyriai ir stal\u010diai<br \/>\n\u0161velnaus u\u017edarymo priekin\u0117 sistema<br \/>\n\u0160velnaus u\u017edarymo stal\u010di\u0173 sistema \u2013 Premium Box<br \/>\nbe kojeli\u0173 \u2013 spintel\u0117s stovi ant karkaso<br \/>\napatin\u0117s spintel\u0117s be stalvir\u0161i\u0173 \u2013 atskiras stalvir\u0161is \u2013 38 mm Artisan Oak<br \/>\nVirtuv\u0117s spalvos:<br \/>\nkarkasas \u2013 16 mm Artisan Oak laminuota plok\u0161t\u0117, nugar\u0117l\u0117 \u2013 2,5 mm HDF \u2013 balta<br \/>\npriekis \u2013 16 mm ka\u0161myro laminuota plok\u0161t\u0117<br \/>\nApvadai \u2013 melaminas + ABS<br \/>\nKomplekt\u0105 sudaro \u0161ios spintel\u0117s:<br \/>\n80 cm kriaukl\u0117s spintel\u0117 \u2013 80 ZL 2F BB<br \/>\n80 cm su 2 fasadais \u2013 80 D 2F BB<br \/>\n60 cm orkait\u0117s spintel\u0117 \u2013 60 D GAZ BB<br \/>\n40 cm su 1 priekiu \u2013 40 D 1F BB<br \/>\nVir\u0161uje:<br \/>\n80 cm su 2 fasadais \u2013 80 G-72 2F \u2013 2 vnt.<br \/>\n60 cm po gaubtu \u2013 60 GU 36 1F<br \/>\n40 cm su 1 priekiu \u2013 40 G-72 1F<\/p>","protected":false},"excerpt":{"rendered":"<p>Virtuv\u0117s spalvos: ka\u0161myras \/ \u0105\u017euolas su dirbtiniu skoniu<br \/>\nVirtuv\u0117s stilius: Modernus<br \/>\nPriekin\u0117s pus\u0117s tipas: laminuota plok\u0161t\u0117 \/ MDF \/ lakuota laminuota plok\u0161t\u0117<br \/>\nPlotis [cm]: 260<br \/>\nGylis [cm]: 31 vir\u0161uje<br \/>\nGylis be stalvir\u0161io [cm]: 52<br \/>\nVyri\u0173 \/ stal\u010di\u0173 tipas: \u0161velnus u\u017edarymas<br \/>\nSpintel\u0117s pad\u0117tis \/ atidarymo b\u016bdas: Universalus<br \/>\nAuk\u0161tis be stalvir\u0161io [cm]: 82<\/p>","protected":false},"featured_media":324607,"comment_status":"open","ping_status":"open","template":"","meta":[],"product_brand":[],"product_cat":[9234,1932],"product_tag":[],"class_list":{"0":"post-324606","1":"product","2":"type-product","3":"status-publish","4":"has-post-thumbnail","6":"product_cat-stolarz-lempert","7":"product_cat-kitchen-sets","9":"first","10":"instock","11":"purchasable","12":"product-type-simple"},"_links":{"self":[{"href":"https:\/\/baldumarket.lt\/lt\/wp-json\/wp\/v2\/product\/324606","targetHints":{"allow":["GET"]}}],"collection":[{"href":"https:\/\/baldumarket.lt\/lt\/wp-json\/wp\/v2\/product"}],"about":[{"href":"https:\/\/baldumarket.lt\/lt\/wp-json\/wp\/v2\/types\/product"}],"replies":[{"embeddable":true,"href":"https:\/\/baldumarket.lt\/lt\/wp-json\/wp\/v2\/comments?post=324606"}],"wp:featuredmedia":[{"embeddable":true,"href":"https:\/\/baldumarket.lt\/lt\/wp-json\/wp\/v2\/media\/324607"}],"wp:attachment":[{"href":"https:\/\/baldumarket.lt\/lt\/wp-json\/wp\/v2\/media?parent=324606"}],"wp:term":[{"taxonomy":"product_brand","embeddable":true,"href":"https:\/\/baldumarket.lt\/lt\/wp-json\/wp\/v2\/product_brand?post=324606"},{"taxonomy":"product_cat","embeddable":true,"href":"https:\/\/baldumarket.lt\/lt\/wp-json\/wp\/v2\/product_cat?post=324606"},{"taxonomy":"product_tag","embeddable":true,"href":"https:\/\/baldumarket.lt\/lt\/wp-json\/wp\/v2\/product_tag?post=324606"}],"curies":[{"name":"wp","href":"https:\/\/api.w.org\/{rel}","templated":true}]}}