{"id":32453,"date":"2025-11-14T22:12:15","date_gmt":"2025-11-14T19:12:15","guid":{"rendered":"https:\/\/baldumarket.lt\/product\/dullum-200-szafka-rtv-bialy\/"},"modified":"2026-03-24T18:16:05","modified_gmt":"2026-03-24T15:16:05","slug":"dullum-200-szafka-rtv-bialy","status":"publish","type":"product","link":"https:\/\/baldumarket.lt\/lt\/product\/dullum-200-szafka-rtv-bialy\/","title":{"rendered":"\u201eDullum 200\u201c televizoriaus staliukas, baltas"},"content":{"rendered":"<p>\u201eDullum\u201c televizoriaus staliukas \u2013 eleganti\u0161kas ir funkcionalus baldas, kurio gylis \u2013 40 cm, plotis \u2013 200 cm, o auk\u0161tis \u2013 58 cm. Jame yra dvi atviros lentynos ir du stal\u010diai, kuriuose patogu laikyti televizoriaus \u012frang\u0105 ir kitus b\u016btiniausius daiktus. Modernus dizainas ir prakti\u0161kas i\u0161d\u0117stymas puikiai tinka \u012fvairiems interjero dizainams, suteikia stiliaus ir elegancijos.<\/p>","protected":false},"excerpt":{"rendered":"<p>\u201eDullum\u201c televizoriaus staliukas yra eleganti\u0161kas ir funkcionalus baldas, kurio gylis yra 40 cm, plotis 200 cm, o auk\u0161tis \u2013 58 cm. Jame yra dvi atviros lentynos ir du stal\u010diai, kuriuose patogu laikyti televizoriaus \u012frang\u0105 ir kitus b\u016btiniausius daiktus. D\u0117l modernaus dizaino ir prakti\u0161ko i\u0161d\u0117stymo jis puikiai tinka \u012fvairiems [\u2026]<\/p>","protected":false},"featured_media":32454,"comment_status":"open","ping_status":"open","template":"","meta":[],"product_brand":[],"product_cat":[2012,9171,1175],"product_tag":[],"class_list":{"0":"post-32453","1":"product","2":"type-product","3":"status-publish","4":"has-post-thumbnail","6":"product_cat-eltap","7":"product_cat-szafki-rtv-eltap","8":"product_cat-tv-stands","9":"pa_frame-material-undefined","10":"pa_frame-material-type-undefined","11":"pa_leg-color-white","12":"pa_leg-material-wood","13":"pa_linen-box-undefined","14":"pa_main-color-white","15":"pa_price-group-basic","16":"pa_seat-depth-undefined","17":"pa_seat-width-undefined","18":"pa_sleep-function-undefined","19":"pa_sleeping-area-length-undefined","20":"pa_sleeping-area-width-undefined","21":"pa_style-modern","22":"pa_textile-bialy","23":"pa_upholstery-material-undefined","25":"first","26":"instock","27":"purchasable","28":"product-type-simple"},"_links":{"self":[{"href":"https:\/\/baldumarket.lt\/lt\/wp-json\/wp\/v2\/product\/32453","targetHints":{"allow":["GET"]}}],"collection":[{"href":"https:\/\/baldumarket.lt\/lt\/wp-json\/wp\/v2\/product"}],"about":[{"href":"https:\/\/baldumarket.lt\/lt\/wp-json\/wp\/v2\/types\/product"}],"replies":[{"embeddable":true,"href":"https:\/\/baldumarket.lt\/lt\/wp-json\/wp\/v2\/comments?post=32453"}],"wp:featuredmedia":[{"embeddable":true,"href":"https:\/\/baldumarket.lt\/lt\/wp-json\/wp\/v2\/media\/32454"}],"wp:attachment":[{"href":"https:\/\/baldumarket.lt\/lt\/wp-json\/wp\/v2\/media?parent=32453"}],"wp:term":[{"taxonomy":"product_brand","embeddable":true,"href":"https:\/\/baldumarket.lt\/lt\/wp-json\/wp\/v2\/product_brand?post=32453"},{"taxonomy":"product_cat","embeddable":true,"href":"https:\/\/baldumarket.lt\/lt\/wp-json\/wp\/v2\/product_cat?post=32453"},{"taxonomy":"product_tag","embeddable":true,"href":"https:\/\/baldumarket.lt\/lt\/wp-json\/wp\/v2\/product_tag?post=32453"}],"curies":[{"name":"wp","href":"https:\/\/api.w.org\/{rel}","templated":true}]}}