{"id":32435,"date":"2025-11-14T22:11:40","date_gmt":"2025-11-14T19:11:40","guid":{"rendered":"https:\/\/baldumarket.lt\/product\/dullum-120-szafa-bialy\/"},"modified":"2026-03-24T18:16:05","modified_gmt":"2026-03-24T15:16:05","slug":"dullum-120-szafa-bialy","status":"publish","type":"product","link":"https:\/\/baldumarket.lt\/lt\/product\/dullum-120-szafa-bialy\/","title":{"rendered":"Dullum 120 spinta, balta"},"content":{"rendered":"<p>\u201eDullum\u201c spinta \u2013 eleganti\u0161ka ir erdvi, 120 x 205 x 60 cm dyd\u017eio. Ji turi tvirtas 15 cm auk\u0161\u010dio medines kojeles, kurios suteikia jai stabilumo ir stilingos i\u0161vaizdos. Erdvus dizainas suteikia daug vietos drabu\u017eiams ir kitiems daiktams laikyti, o eleganti\u0161ka apdaila leid\u017eia spintai \u012fsilieti \u012f \u012fvairius interjero dizainus, suteikiant jai modernumo.<\/p>","protected":false},"excerpt":{"rendered":"<p>\u201eDullum\u201c spinta \u2013 eleganti\u0161ka ir erdvi, 120 x 205 x 60 cm dyd\u017eio. Ji turi tvirtas 15 cm auk\u0161\u010dio medines kojeles, kurios suteikia jai stabilumo ir stilingos i\u0161vaizdos. Erdvus dizainas suteikia daug vietos drabu\u017eiams ir kitiems daiktams laikyti, o eleganti\u0161ka apdaila leid\u017eia spintai \u012fsilieti \u012f \u012fvairius interjero dizainus, suteikiant modernumo [\u2026]<\/p>","protected":false},"featured_media":32436,"comment_status":"open","ping_status":"open","template":"","meta":[],"product_brand":[],"product_cat":[2012,1177],"product_tag":[],"class_list":{"0":"post-32435","1":"product","2":"type-product","3":"status-publish","4":"has-post-thumbnail","6":"product_cat-eltap","7":"product_cat-wardrobes","8":"pa_frame-material-undefined","9":"pa_frame-material-type-undefined","10":"pa_leg-color-white","11":"pa_leg-material-wood","12":"pa_linen-box-undefined","13":"pa_main-color-white","14":"pa_price-group-basic","15":"pa_seat-depth-undefined","16":"pa_seat-width-undefined","17":"pa_sleep-function-undefined","18":"pa_sleeping-area-length-undefined","19":"pa_sleeping-area-width-undefined","20":"pa_style-modern","21":"pa_textile-bialy","22":"pa_upholstery-material-undefined","24":"first","25":"instock","26":"purchasable","27":"product-type-simple"},"_links":{"self":[{"href":"https:\/\/baldumarket.lt\/lt\/wp-json\/wp\/v2\/product\/32435","targetHints":{"allow":["GET"]}}],"collection":[{"href":"https:\/\/baldumarket.lt\/lt\/wp-json\/wp\/v2\/product"}],"about":[{"href":"https:\/\/baldumarket.lt\/lt\/wp-json\/wp\/v2\/types\/product"}],"replies":[{"embeddable":true,"href":"https:\/\/baldumarket.lt\/lt\/wp-json\/wp\/v2\/comments?post=32435"}],"wp:featuredmedia":[{"embeddable":true,"href":"https:\/\/baldumarket.lt\/lt\/wp-json\/wp\/v2\/media\/32436"}],"wp:attachment":[{"href":"https:\/\/baldumarket.lt\/lt\/wp-json\/wp\/v2\/media?parent=32435"}],"wp:term":[{"taxonomy":"product_brand","embeddable":true,"href":"https:\/\/baldumarket.lt\/lt\/wp-json\/wp\/v2\/product_brand?post=32435"},{"taxonomy":"product_cat","embeddable":true,"href":"https:\/\/baldumarket.lt\/lt\/wp-json\/wp\/v2\/product_cat?post=32435"},{"taxonomy":"product_tag","embeddable":true,"href":"https:\/\/baldumarket.lt\/lt\/wp-json\/wp\/v2\/product_tag?post=32435"}],"curies":[{"name":"wp","href":"https:\/\/api.w.org\/{rel}","templated":true}]}}