{"id":324214,"date":"2026-01-16T10:43:03","date_gmt":"2026-01-16T07:43:03","guid":{"rendered":"https:\/\/baldumarket.lt\/product\/szafka-dolna-15-cm-cargo-solea-15-d-cargo-bb\/"},"modified":"2026-03-23T13:00:26","modified_gmt":"2026-03-23T10:00:26","slug":"szafka-dolna-15-cm-cargo-solea-15-d-cargo-bb","status":"publish","type":"product","link":"https:\/\/baldumarket.lt\/lt\/product\/szafka-dolna-15-cm-cargo-solea-15-d-cargo-bb\/","title":{"rendered":"Apatin\u0117 spintel\u0117 15 cm krovinys Solea 15 D CARGO BB"},"content":{"rendered":"<h5><span style=\"color: #54859b\">Apsilankykite m\u016bs\u0173 virtualioje Stolarz-Lempert prek\u0117s \u017eenklo parduotuv\u0117je<\/span><\/h5>\n<p> <a href=\"http:\/\/spacer.lempert.pl\/\" target=\"_blank\" rel=\"noopener\"><span style=\"color: #e47025\">http:\/\/spacer.lempert.pl\/<\/span><\/a><\/p>\n<p>\u201eSolea\u201c virtuv\u0117 \u2013 tai eleganti\u0161kas subtilaus ka\u0161myro atspalvio ir nat\u016bralaus dirbtinio \u0105\u017euolo \u0161ilumos derinys.<br \/>\n\u012e rinkin\u012f \u012feina:<br \/>\nauk\u0161tos kokyb\u0117s fasadai i\u0161 laminuotos plok\u0161t\u0117s<br \/>\nerdvios spintel\u0117s<br \/>\njuodos aliuminio kra\u0161t\u0173 rankenos<br \/>\nmetaliniai vyriai ir stal\u010diai<br \/>\n\u0161velniai u\u017esidaran\u010dios fasadin\u0117s dalys<br \/>\n\u0161velniai u\u017esidarantys stal\u010diai \u2013 Premium Box<br \/>\nbe kojeli\u0173 \u2013 spintel\u0117s stovi ant r\u0117m\u0173<br \/>\napatin\u0117s spintel\u0117s be stalvir\u0161i\u0173 \u2013 atskiras stalvir\u0161is \u2013 38 mm artisan \u0105\u017euolas<br \/>\nVirtuv\u0117s spalvos:<br \/>\nKorpusas \u2013 16 mm laminuota \u0105\u017euolo plok\u0161t\u0117, nugar\u0117l\u0117 \u2013 2,5 mm HDF \u2013 balta<br \/>\npriekis \u2013 16 mm laminuota ka\u0161myro plok\u0161t\u0117<br \/>\nApvadai \u2013 melaminas + ABS<br \/>\n\u00a0<\/p>","protected":false},"excerpt":{"rendered":"<p>Virtuv\u0117s spalvos: ka\u0161myras \/ \u0105\u017euolas su dirbtiniu skoniu<br \/>\nVirtuv\u0117s stilius: Modernus<br \/>\nPriekin\u0117s pus\u0117s tipas: laminuota plok\u0161t\u0117 \/ MDF \/ lakuota laminuota plok\u0161t\u0117<br \/>\nPlotis [cm]: 15<br \/>\nGylis be stalvir\u0161io [cm]: 52<br \/>\nGylis su stalvir\u0161iu [cm]: 60<br \/>\nVyri\u0173 \/ stal\u010di\u0173 tipas: \u0161velnus u\u017edarymas<br \/>\nSpintel\u0117s pad\u0117tis \/ atidarymo b\u016bdas: Universalus<\/p>","protected":false},"featured_media":324215,"comment_status":"open","ping_status":"open","template":"","meta":[],"product_brand":[],"product_cat":[9234,9118],"product_tag":[],"class_list":{"0":"post-324214","1":"product","2":"type-product","3":"status-publish","4":"has-post-thumbnail","6":"product_cat-stolarz-lempert","7":"product_cat-kitchen-cabinets","9":"first","10":"instock","11":"purchasable","12":"product-type-simple"},"_links":{"self":[{"href":"https:\/\/baldumarket.lt\/lt\/wp-json\/wp\/v2\/product\/324214","targetHints":{"allow":["GET"]}}],"collection":[{"href":"https:\/\/baldumarket.lt\/lt\/wp-json\/wp\/v2\/product"}],"about":[{"href":"https:\/\/baldumarket.lt\/lt\/wp-json\/wp\/v2\/types\/product"}],"replies":[{"embeddable":true,"href":"https:\/\/baldumarket.lt\/lt\/wp-json\/wp\/v2\/comments?post=324214"}],"wp:featuredmedia":[{"embeddable":true,"href":"https:\/\/baldumarket.lt\/lt\/wp-json\/wp\/v2\/media\/324215"}],"wp:attachment":[{"href":"https:\/\/baldumarket.lt\/lt\/wp-json\/wp\/v2\/media?parent=324214"}],"wp:term":[{"taxonomy":"product_brand","embeddable":true,"href":"https:\/\/baldumarket.lt\/lt\/wp-json\/wp\/v2\/product_brand?post=324214"},{"taxonomy":"product_cat","embeddable":true,"href":"https:\/\/baldumarket.lt\/lt\/wp-json\/wp\/v2\/product_cat?post=324214"},{"taxonomy":"product_tag","embeddable":true,"href":"https:\/\/baldumarket.lt\/lt\/wp-json\/wp\/v2\/product_tag?post=324214"}],"curies":[{"name":"wp","href":"https:\/\/api.w.org\/{rel}","templated":true}]}}