{"id":324180,"date":"2026-01-16T10:42:39","date_gmt":"2026-01-16T07:42:39","guid":{"rendered":"https:\/\/baldumarket.lt\/product\/uchwyt-chromowany-128-mm-128-9404\/"},"modified":"2026-03-23T13:00:26","modified_gmt":"2026-03-23T10:00:26","slug":"uchwyt-chromowany-128-mm-128-9404","status":"publish","type":"product","link":"https:\/\/baldumarket.lt\/lt\/product\/uchwyt-chromowany-128-mm-128-9404\/","title":{"rendered":"Chromuota rankena 128 mm 128-9404"},"content":{"rendered":"<h5><span style=\"color: #54859b\">Apsilankykite m\u016bs\u0173 virtualioje Stolarz-Lempert prek\u0117s \u017eenklo parduotuv\u0117je<\/span><\/h5>\n<p> <a href=\"http:\/\/spacer.lempert.pl\/\" target=\"_blank\" rel=\"noopener\"><span style=\"color: #e47025\">http:\/\/spacer.lempert.pl\/<\/span><\/a><\/p>\n<p>Chromuota ranken\u0117l\u0117, kurios tarpai tarp j\u0173 yra 128 mm, modelis 128-9404, skirta \u201eBianca\u201c, \u201eGrey\u201c, \u201eRose\u201c, \u201eKarmen\u201c virtuv\u0117ms i\u0161 gamintojo \u201eStolarz Lempert\u201c.<\/p>","protected":false},"excerpt":{"rendered":"<p>Visit our virtual store of the Stolarz-Lempert brand http:\/\/spacer.lempert.pl\/ Chrome-plated handle with a spacing of 128 mm, model 128-9404, dedicated to Bianca, Grey, Rose, Karmen kitchens from the manufacturer Stolarz Lempert.<\/p>","protected":false},"featured_media":324181,"comment_status":"open","ping_status":"open","template":"","meta":[],"product_brand":[],"product_cat":[9234,1043],"product_tag":[],"class_list":{"0":"post-324180","1":"product","2":"type-product","3":"status-publish","4":"has-post-thumbnail","6":"product_cat-stolarz-lempert","7":"product_cat-extras","9":"first","10":"instock","11":"purchasable","12":"product-type-simple"},"_links":{"self":[{"href":"https:\/\/baldumarket.lt\/lt\/wp-json\/wp\/v2\/product\/324180","targetHints":{"allow":["GET"]}}],"collection":[{"href":"https:\/\/baldumarket.lt\/lt\/wp-json\/wp\/v2\/product"}],"about":[{"href":"https:\/\/baldumarket.lt\/lt\/wp-json\/wp\/v2\/types\/product"}],"replies":[{"embeddable":true,"href":"https:\/\/baldumarket.lt\/lt\/wp-json\/wp\/v2\/comments?post=324180"}],"wp:featuredmedia":[{"embeddable":true,"href":"https:\/\/baldumarket.lt\/lt\/wp-json\/wp\/v2\/media\/324181"}],"wp:attachment":[{"href":"https:\/\/baldumarket.lt\/lt\/wp-json\/wp\/v2\/media?parent=324180"}],"wp:term":[{"taxonomy":"product_brand","embeddable":true,"href":"https:\/\/baldumarket.lt\/lt\/wp-json\/wp\/v2\/product_brand?post=324180"},{"taxonomy":"product_cat","embeddable":true,"href":"https:\/\/baldumarket.lt\/lt\/wp-json\/wp\/v2\/product_cat?post=324180"},{"taxonomy":"product_tag","embeddable":true,"href":"https:\/\/baldumarket.lt\/lt\/wp-json\/wp\/v2\/product_tag?post=324180"}],"curies":[{"name":"wp","href":"https:\/\/api.w.org\/{rel}","templated":true}]}}