{"id":324164,"date":"2026-01-16T10:42:29","date_gmt":"2026-01-16T07:42:29","guid":{"rendered":"https:\/\/baldumarket.lt\/product\/stol-loftowy-drewniany-dab-olejowany-malmo-linear\/"},"modified":"2026-03-23T13:00:26","modified_gmt":"2026-03-23T10:00:26","slug":"stol-loftowy-drewniany-dab-olejowany-malmo-linear","status":"publish","type":"product","link":"https:\/\/baldumarket.lt\/lt\/product\/stol-loftowy-drewniany-dab-olejowany-malmo-linear\/","title":{"rendered":"\u201eMalmo Linear\u201c alyvuotas \u0105\u017euolinis medinis pal\u0117p\u0117s stalas"},"content":{"rendered":"<h5><span style=\"color: #54859b\">Apsilankykite m\u016bs\u0173 virtualioje Stolarz-Lempert prek\u0117s \u017eenklo parduotuv\u0117je<\/span><\/h5>\n<p> <a href=\"http:\/\/spacer.lempert.pl\/\" target=\"_blank\" rel=\"noopener\"><span style=\"color: #e47025\">http:\/\/spacer.lempert.pl\/<\/span><\/a><\/p>\n<p>\u201eMalmo\u201c stal\u0173 kolekcija \u2013 tai duokl\u0117 neapdorotam med\u017eio gro\u017eiui, \u012fk\u016bnyta modernioje, minimalistin\u0117je formoje.<br \/>\n\u0160ie stalai sujungia nat\u016bral\u0173 tvirtum\u0105 ir rafinuot\u0105 paprastum\u0105, sukurdami unikali\u0105 erdv\u0119 susitikimams ir kasdien\u0117ms akimirkoms.<br \/>\n\u201eMalmo Linear\u201c \u2013 stalas su tiesiais kra\u0161tais, kurie pabr\u0117\u017eia nat\u016bral\u0173 medienos charakter\u012f<br \/>\n\u201eMalmo Flow\u201c \u2013 stalas su subtiliai profiliuotais kra\u0161tais, primenan\u010diais \u0161velnias gamtos linijas<br \/>\nVisum\u0105 papildo modernios, minimalistin\u0117s kojel\u0117s, kurios sukuria harmoning\u0105 pagrind\u0105, puikiai tinkant\u012f \u012fvairiems interjerams \u2013 nuo industrini\u0173 loft\u0173 iki jauki\u0173, skandinavi\u0161k\u0173 erdvi\u0173.<br \/>\nStalvir\u0161is \u2013 alyvuotas \u0105\u017euolas \u2013 med\u017eio masyvas, sujungtas pir\u0161tais<br \/>\nPagrindas \u2013 juodos metalin\u0117s kojel\u0117s<br \/>\n1\/2 pakuot\u0117s \u2013 ant stalo \u2013 0,1045 m\u00b3 1900 x 1100 x 50 mm svoris \u2013 40 kg<br \/>\n2\/2 pakuot\u0117 \u2013 kojos \u2013 0,1806 m\u00b3 1020 x 770 x 230 mm Svoris \u2013 25,6 kg<br \/>\nPrie\u017ei\u016bra:<br \/>\nDulk\u0117ms ir ne\u0161varumams \u0161velniai pa\u0161alinti naudokite mink\u0161t\u0105, saus\u0105 arba \u0161iek tiek dr\u0117gn\u0105 \u0161luost\u0119.<br \/>\nVenkite naudoti \u0161iurk\u0161\u010dias kempines ar produktus, kurie gali subrai\u017eyti pavir\u0161i\u0173.<br \/>\nI\u0161siliejusius skys\u010dius nedelsdami nuvalykite, kad dr\u0117gm\u0117 nepatekt\u0173 \u012f medien\u0105.<br \/>\nVenkite bald\u0173 tiesiogini\u0173 saul\u0117s spinduli\u0173 ir nestatykite j\u0173 \u0161alia \u0161ilumos \u0161altini\u0173.<br \/>\nApsaugokite stalvir\u0161ius nuo kar\u0161t\u0173 virtuv\u0117s reikmen\u0173 naudodami kilim\u0117lius arba kilim\u0117lius.<br \/>\nNuvalykite pavir\u0161i\u0173 medienos plau\u0161\u0173 kryptimi, kad pary\u0161kintum\u0117te nat\u016brali\u0105 jo spalv\u0105.<br \/>\nNe\u0161varumus, pavyzd\u017eiui, maisto ar g\u0117rim\u0173 d\u0117mes, pa\u0161alinkite prie\u0161 pat joms i\u0161d\u017ei\u016bstant. Naudokite \u0161vari\u0105 \u0161luost\u0119 arba popierin\u012f rank\u0161luost\u012f.<\/p>","protected":false},"excerpt":{"rendered":"<p>Plotis [cm]: 180<br \/>\nAuk\u0161tis [cm]: 77<br \/>\ngylis [cm]: 100<\/p>","protected":false},"featured_media":324165,"comment_status":"open","ping_status":"open","template":"","meta":[],"product_brand":[],"product_cat":[9234,1934],"product_tag":[],"class_list":{"0":"post-324164","1":"product","2":"type-product","3":"status-publish","4":"has-post-thumbnail","6":"product_cat-stolarz-lempert","7":"product_cat-tables","9":"first","10":"instock","11":"purchasable","12":"product-type-simple"},"_links":{"self":[{"href":"https:\/\/baldumarket.lt\/lt\/wp-json\/wp\/v2\/product\/324164","targetHints":{"allow":["GET"]}}],"collection":[{"href":"https:\/\/baldumarket.lt\/lt\/wp-json\/wp\/v2\/product"}],"about":[{"href":"https:\/\/baldumarket.lt\/lt\/wp-json\/wp\/v2\/types\/product"}],"replies":[{"embeddable":true,"href":"https:\/\/baldumarket.lt\/lt\/wp-json\/wp\/v2\/comments?post=324164"}],"wp:featuredmedia":[{"embeddable":true,"href":"https:\/\/baldumarket.lt\/lt\/wp-json\/wp\/v2\/media\/324165"}],"wp:attachment":[{"href":"https:\/\/baldumarket.lt\/lt\/wp-json\/wp\/v2\/media?parent=324164"}],"wp:term":[{"taxonomy":"product_brand","embeddable":true,"href":"https:\/\/baldumarket.lt\/lt\/wp-json\/wp\/v2\/product_brand?post=324164"},{"taxonomy":"product_cat","embeddable":true,"href":"https:\/\/baldumarket.lt\/lt\/wp-json\/wp\/v2\/product_cat?post=324164"},{"taxonomy":"product_tag","embeddable":true,"href":"https:\/\/baldumarket.lt\/lt\/wp-json\/wp\/v2\/product_tag?post=324164"}],"curies":[{"name":"wp","href":"https:\/\/api.w.org\/{rel}","templated":true}]}}