{"id":324160,"date":"2026-01-16T10:42:26","date_gmt":"2026-01-16T07:42:26","guid":{"rendered":"https:\/\/baldumarket.lt\/product\/blat-gleboki-na-120-cm-na-wyspe-do-kuchni-producenta-10-grubosc-38-mm\/"},"modified":"2026-03-23T13:00:26","modified_gmt":"2026-03-23T10:00:26","slug":"blat-gleboki-na-120-cm-na-wyspe-do-kuchni-producenta-10-grubosc-38-mm","status":"publish","type":"product","link":"https:\/\/baldumarket.lt\/lt\/product\/blat-gleboki-na-120-cm-na-wyspe-do-kuchni-producenta-10-grubosc-38-mm\/","title":{"rendered":"120 cm gylio stalvir\u0161is virtuv\u0117s salai, gamintojas 10, storis 38 mm"},"content":{"rendered":"<h5><span style=\"color: #54859b\">Apsilankykite m\u016bs\u0173 virtualioje Stolarz-Lempert prek\u0117s \u017eenklo parduotuv\u0117je<\/span><\/h5>\n<p> <a href=\"http:\/\/spacer.lempert.pl\/\" target=\"_blank\" rel=\"noopener\"><span style=\"color: #e47025\">http:\/\/spacer.lempert.pl\/<\/span><\/a><\/p>\n<p>\u201eStolarz Lempert\u201c virtuv\u0117s stalvir\u0161i\u0173 nominalus gylis yra 120 cm. \u0160is gilesnis stalvir\u0161is leid\u017eia \u012frengti lango ni\u0161\u0105 ir sukurti bendr\u0105 palang\u0119 su stalvir\u0161iu.<br \/>\nMinimalus ilgis yra 50 cm, o maksimalus \u2013 400 cm. \u012e kain\u0105 \u012fskai\u010diuota:<br \/>\npjovimas iki 1 cm,<br \/>\nStalvir\u0161io kair\u0117je ir de\u0161in\u0117je pus\u0117se vienodos spalvos PVC fanera<br \/>\nPapildomos paslaugos:<br \/>\nstalvir\u0161io pjovimas iki ma\u017eesnio nei 120 cm gylio, 1 cm tikslumu,<br \/>\nstalvir\u0161io galin\u0117s pus\u0117s faneravimas, kad, kai baldai naudojami kaip salos stalvir\u0161is,<br \/>\nNe\u012fmanoma:<br \/>\ni\u0161kirpti form\u0105 stalvir\u0161yje,<br \/>\ni\u0161pjauti skyl\u0119 kriauklei ir pan.<br \/>\nKaip u\u017esisakyti tinkam\u0105 ilg\u012f<br \/>\nBazin\u0117 produkto kaina yra 1 MB kaina, nurodyta kiekio lauke (po mygtuku \u201c\u012e krep\u0161el\u012f\u201d):<br \/>\nKiekis: rei\u0161kia 85 cm stalvir\u0161io pirkim\u0105.<br \/>\nJei jums reikia 134 cm, pateikite:<br \/>\nKiekis:<br \/>\nKaina bus apskai\u010diuota automati\u0161kai \u012fd\u0117jus prek\u0119 \u012f krep\u0161el\u012f, 1 cm tikslumu nuo \u012fsigytos prek\u0117s.<br \/>\n\u012ekv\u0117pimas \u2013 kaip patiems pasistatyti virtuv\u0117s sal\u0105<br \/>\nVirtuv\u0117s salos statyba pa\u010diam yra labai paprasta, o visus reikalingus stalvir\u0161ius galite u\u017esisakyti m\u016bs\u0173 parduotuv\u0117je.<br \/>\n1) Nor\u0117dami u\u017esisakyti sal\u0105, pirmiausia nurodome stalvir\u0161io matmenis \u2013 jo gyl\u012f ir ilg\u012f.<br \/>\n2) Taip pat parenkame spinteli\u0173 matmenis ir modelius.<br \/>\n3) Nurodome salos \u0161onin\u0117s panel\u0117s (kojel\u0117s) matmenis.<br \/>\nM\u016bs\u0173 modeliavimui tarkime, kad norime 120 \u00d7 80 cm dyd\u017eio salos. 1) Pasirenkame 120 cm apatines spinteles, pavyzd\u017eiui, 60 cm su stal\u010diais ir 40 cm su durel\u0117mis.<br \/>\n2) Prie spintel\u0117s matmen\u0173 pridedame 2 cm, kad b\u016bt\u0173 galima pritvirtinti kair\u0119 ir de\u0161in\u0119 salos kojeles, kad stalvir\u0161is jas u\u017edengt\u0173 i\u0161 vir\u0161aus.<br \/>\n3) Tod\u0117l mums reikia 124 x 80 cm dyd\u017eio stalvir\u0161io su faneruota nugar\u0117le.<br \/>\n4) Nor\u0117dami u\u017esakyti \u0161onines kojeles, apskai\u010diuokite j\u0173 matmenis: spintel\u0117s auk\u0161t\u012f (82 arba 87 cm) ir gyl\u012f. Si\u016blome, kad \u0161onin\u0117 koja b\u016bt\u0173 \u0161iek tiek siauresn\u0117 nei stalvir\u0161is \u2013 pavyzd\u017eiui, salos stalvir\u0161iui \u2013 795 mm, o ne 800 mm.<br \/>\nReikalingas lentos dydis: 795 x 820 mm (0,795 x 0,820 = 0,65 m2)<br \/>\n(skai\u010diuokite x 2, jei naudojate dvi \u0161onines kojas)<br \/>\n5) Nustatykite pertvaros, kuri bus spinteli\u0173 galin\u0117 dalis, matmenis.<br \/>\nReikalingas lentos dydis: 1200 x 820 mm (1,2 x 820 mm) (0,820 = 0,98 m\u00b2)<\/p>","protected":false},"excerpt":{"rendered":"<p>Auk\u0161tis [cm]: 3,8<br \/>\nIlgis [cm]: 50\u2013400<br \/>\nGylis [cm]: 120<br \/>\nAuk\u0161tis [cm]: 3,8<\/p>","protected":false},"featured_media":324161,"comment_status":"open","ping_status":"open","template":"","meta":[],"product_brand":[],"product_cat":[9234,1043],"product_tag":[],"class_list":{"0":"post-324160","1":"product","2":"type-product","3":"status-publish","4":"has-post-thumbnail","6":"product_cat-stolarz-lempert","7":"product_cat-extras","9":"first","10":"instock","11":"purchasable","12":"product-type-simple"},"_links":{"self":[{"href":"https:\/\/baldumarket.lt\/lt\/wp-json\/wp\/v2\/product\/324160","targetHints":{"allow":["GET"]}}],"collection":[{"href":"https:\/\/baldumarket.lt\/lt\/wp-json\/wp\/v2\/product"}],"about":[{"href":"https:\/\/baldumarket.lt\/lt\/wp-json\/wp\/v2\/types\/product"}],"replies":[{"embeddable":true,"href":"https:\/\/baldumarket.lt\/lt\/wp-json\/wp\/v2\/comments?post=324160"}],"wp:featuredmedia":[{"embeddable":true,"href":"https:\/\/baldumarket.lt\/lt\/wp-json\/wp\/v2\/media\/324161"}],"wp:attachment":[{"href":"https:\/\/baldumarket.lt\/lt\/wp-json\/wp\/v2\/media?parent=324160"}],"wp:term":[{"taxonomy":"product_brand","embeddable":true,"href":"https:\/\/baldumarket.lt\/lt\/wp-json\/wp\/v2\/product_brand?post=324160"},{"taxonomy":"product_cat","embeddable":true,"href":"https:\/\/baldumarket.lt\/lt\/wp-json\/wp\/v2\/product_cat?post=324160"},{"taxonomy":"product_tag","embeddable":true,"href":"https:\/\/baldumarket.lt\/lt\/wp-json\/wp\/v2\/product_tag?post=324160"}],"curies":[{"name":"wp","href":"https:\/\/api.w.org\/{rel}","templated":true}]}}