{"id":324120,"date":"2026-01-16T10:41:54","date_gmt":"2026-01-16T07:41:54","guid":{"rendered":"https:\/\/baldumarket.lt\/product\/szafka-dolna-80-cm-zlew-szuflada-vigo-dark-80-zl-1s-bb-premium-box\/"},"modified":"2026-03-23T13:00:26","modified_gmt":"2026-03-23T10:00:26","slug":"szafka-dolna-80-cm-zlew-szuflada-vigo-dark-80-zl-1s-bb-premium-box","status":"publish","type":"product","link":"https:\/\/baldumarket.lt\/lt\/product\/szafka-dolna-80-cm-zlew-szuflada-vigo-dark-80-zl-1s-bb-premium-box\/","title":{"rendered":"Apatin\u0117 spintel\u0117 80 cm kriaukl\u0117s stal\u010diui Vigo Dark 80 ZL 1S BB PREMIUM BOX"},"content":{"rendered":"<h5><span style=\"color: #54859b\">Apsilankykite m\u016bs\u0173 virtualioje Stolarz-Lempert prek\u0117s \u017eenklo parduotuv\u0117je<\/span><\/h5>\n<p> <a href=\"http:\/\/spacer.lempert.pl\/\" target=\"_blank\" rel=\"noopener\"><span style=\"color: #e47025\">http:\/\/spacer.lempert.pl\/<\/span><\/a><\/p>\n<p>\u201eVigo\u201c virtuv\u0117 \u2013 tai itin prakti\u0161k\u0173 ir gra\u017ei\u0173 bald\u0173 komplektas. Sistem\u0105 sudaro de\u0161imtys spinteli\u0173 \u2013 lofto stiliaus virtuv\u0117s baldai. Spinteli\u0173 fasadai yra tvirti. Stalvir\u0161iai ir r\u0117mai sudaro viening\u0105 spalv\u0173 gam\u0105. Tvirtos rankenos suteikia baldams charakterio ir palengvina prieig\u0105 prie viduje laikom\u0173 produkt\u0173. Jos puikiai papildo vis\u0105 komplekt\u0105.<br \/>\nTamsios spalvos ir med\u017eio derinys bei sant\u016brus komplekto dekoratyvumas suteiks interjerui \u017eaving\u0105 atmosfer\u0105 ir elegancijos prisilietim\u0105.<br \/>\nSpintel\u0117s turi \u0161velnaus u\u017edarymo sistem\u0105 \u2013 \u0161velnaus u\u017edarymo sistema skirta fasadams ir stal\u010diams, i\u0161skyrus 89\u00d789 ND kampin\u0119 spintel\u0119.<br \/>\nSpalvos:<br \/>\nPriekin\u0117 dalis: 16 mm laminuota plok\u0161t\u0117, tamsi mediena \/ \u0105\u017euolas \u201eLancelote\u201c (ABS)<br \/>\nKorpusas: 16 mm laminuota plok\u0161t\u0117 \u201eLancelot\u201c \u0105\u017euolas (melaminas)<br \/>\nRankena: 192-UM849P2 juodas metalas<br \/>\nPavaizduotas stalvir\u0161is: 28 mm \u201eLancelot\u201c \u0105\u017euolas<br \/>\nSpintel\u0117s be stalvir\u0161i\u0173.<br \/>\n80 cm apatin\u0117 spintel\u0117 su Vigo Dark 80 ZL 1S BB 80 cm kriaukl\u0117s stal\u010diumi. PREMIUM BOX \u2013 \u0161iai spintelei tinka 3 x 15 l talpos konteineriai.<\/p>","protected":false},"excerpt":{"rendered":"<p>Fasado tipas: Laminuota plok\u0161t\u0117 \/ MDF \/ Lakuota laminuota plok\u0161t\u0117<br \/>\nVirtuv\u0117s spalva: tamsi mediena + Lancelot \u0105\u017euolas<br \/>\nVirtuv\u0117s stilius: Loftas<br \/>\nFasado tipas: Laminuota plok\u0161t\u0117 \/ MDF \/ Lakuota laminuota plok\u0161t\u0117<br \/>\nAuk\u0161tis be stalvir\u0161io [cm]: 82<\/p>","protected":false},"featured_media":324121,"comment_status":"open","ping_status":"open","template":"","meta":[],"product_brand":[],"product_cat":[9234,9118],"product_tag":[],"class_list":{"0":"post-324120","1":"product","2":"type-product","3":"status-publish","4":"has-post-thumbnail","6":"product_cat-stolarz-lempert","7":"product_cat-kitchen-cabinets","9":"first","10":"instock","11":"purchasable","12":"product-type-simple"},"_links":{"self":[{"href":"https:\/\/baldumarket.lt\/lt\/wp-json\/wp\/v2\/product\/324120","targetHints":{"allow":["GET"]}}],"collection":[{"href":"https:\/\/baldumarket.lt\/lt\/wp-json\/wp\/v2\/product"}],"about":[{"href":"https:\/\/baldumarket.lt\/lt\/wp-json\/wp\/v2\/types\/product"}],"replies":[{"embeddable":true,"href":"https:\/\/baldumarket.lt\/lt\/wp-json\/wp\/v2\/comments?post=324120"}],"wp:featuredmedia":[{"embeddable":true,"href":"https:\/\/baldumarket.lt\/lt\/wp-json\/wp\/v2\/media\/324121"}],"wp:attachment":[{"href":"https:\/\/baldumarket.lt\/lt\/wp-json\/wp\/v2\/media?parent=324120"}],"wp:term":[{"taxonomy":"product_brand","embeddable":true,"href":"https:\/\/baldumarket.lt\/lt\/wp-json\/wp\/v2\/product_brand?post=324120"},{"taxonomy":"product_cat","embeddable":true,"href":"https:\/\/baldumarket.lt\/lt\/wp-json\/wp\/v2\/product_cat?post=324120"},{"taxonomy":"product_tag","embeddable":true,"href":"https:\/\/baldumarket.lt\/lt\/wp-json\/wp\/v2\/product_tag?post=324120"}],"curies":[{"name":"wp","href":"https:\/\/api.w.org\/{rel}","templated":true}]}}