{"id":324113,"date":"2026-01-16T10:41:48","date_gmt":"2026-01-16T07:41:48","guid":{"rendered":"https:\/\/baldumarket.lt\/product\/szafka-gorna-narozna-60-cm-vigo-dark-60x60-gn-72-2f-90-stopni\/"},"modified":"2026-03-23T13:00:26","modified_gmt":"2026-03-23T10:00:26","slug":"szafka-gorna-narozna-60-cm-vigo-dark-60x60-gn-72-2f-90-stopni","status":"publish","type":"product","link":"https:\/\/baldumarket.lt\/lt\/product\/szafka-gorna-narozna-60-cm-vigo-dark-60x60-gn-72-2f-90-stopni\/","title":{"rendered":"Vir\u0161utin\u0117 kampin\u0117 spintel\u0117 60 cm Vigo Dark 60&#215;60 GN-72 2F 90 laipsni\u0173"},"content":{"rendered":"<h5><span style=\"color: #54859b\">Apsilankykite m\u016bs\u0173 virtualioje Stolarz-Lempert prek\u0117s \u017eenklo parduotuv\u0117je<\/span><\/h5>\n<p> <a href=\"http:\/\/spacer.lempert.pl\/\" target=\"_blank\" rel=\"noopener\"><span style=\"color: #e47025\">http:\/\/spacer.lempert.pl\/<\/span><\/a><\/p>\n<p>\u201eVigo\u201c virtuv\u0117 \u2013 tai itin prakti\u0161k\u0173 ir gra\u017ei\u0173 bald\u0173 komplektas. Sistem\u0105 sudaro de\u0161imtys spinteli\u0173 \u2013 lofto stiliaus virtuv\u0117s baldai. Spinteli\u0173 fasadai yra tvirti. Stalvir\u0161iai ir r\u0117mai sudaro viening\u0105 spalv\u0173 gam\u0105. Tvirtos rankenos suteikia baldams charakterio ir palengvina prieig\u0105 prie viduje laikom\u0173 produkt\u0173. Jos puikiai papildo vis\u0105 komplekt\u0105.<br \/>\nTamsios spalvos ir med\u017eio derinys bei sant\u016brus komplekto dekoratyvumas suteiks interjerui \u017eaving\u0105 atmosfer\u0105 ir elegancijos prisilietim\u0105.<br \/>\nSpintel\u0117s turi \u0161velnaus u\u017edarymo sistem\u0105 \u2013 \u0161velnaus u\u017edarymo sistema skirta fasadams ir stal\u010diams, i\u0161skyrus 89\u00d789 ND kampin\u0119 spintel\u0119.<br \/>\nSpalvos:<br \/>\nPriekin\u0117s dalys: 16 mm laminuota plok\u0161t\u0117, tamsi mediena \/ \u0105\u017euolas \u201eLancelote\u201c (ABS)<br \/>\nKorpusas: 16 mm laminuota plok\u0161t\u0117 \u201eLancelot\u201c \u0105\u017euolas (melaminas)<br \/>\nRankena: 192-UM849P2 juodas metalas<br \/>\nVir\u0161utin\u0117 dalis pavaizduota: 28 mm \u201eLancelot\u201c \u0105\u017euolo plok\u0161t\u0117<br \/>\nSpintel\u0117s be stalvir\u0161i\u0173.<br \/>\nVigo Dark 60\u00d760 GN-72 2F 90 laipsni\u0173 kampin\u0117 vir\u0161utin\u0117 spintel\u0117 60 cm<\/p>","protected":false},"excerpt":{"rendered":"<p>Priekin\u0117s dalies tipas: laminuota plok\u0161t\u0117 \/ MDF \/ lakuota laminuota plok\u0161t\u0117<br \/>\nVirtuv\u0117s spalva: tamsi mediena + \u0105\u017euolas \u201eLancelot\u201c<br \/>\nVirtuv\u0117s stilius: Loftas<br \/>\nPriekin\u0117s dalies tipas: laminuota plok\u0161t\u0117 \/ MDF \/ lakuota laminuota plok\u0161t\u0117<\/p>","protected":false},"featured_media":324114,"comment_status":"open","ping_status":"open","template":"","meta":[],"product_brand":[],"product_cat":[9234,9118],"product_tag":[],"class_list":{"0":"post-324113","1":"product","2":"type-product","3":"status-publish","4":"has-post-thumbnail","6":"product_cat-stolarz-lempert","7":"product_cat-kitchen-cabinets","9":"first","10":"instock","11":"purchasable","12":"product-type-simple"},"_links":{"self":[{"href":"https:\/\/baldumarket.lt\/lt\/wp-json\/wp\/v2\/product\/324113","targetHints":{"allow":["GET"]}}],"collection":[{"href":"https:\/\/baldumarket.lt\/lt\/wp-json\/wp\/v2\/product"}],"about":[{"href":"https:\/\/baldumarket.lt\/lt\/wp-json\/wp\/v2\/types\/product"}],"replies":[{"embeddable":true,"href":"https:\/\/baldumarket.lt\/lt\/wp-json\/wp\/v2\/comments?post=324113"}],"wp:featuredmedia":[{"embeddable":true,"href":"https:\/\/baldumarket.lt\/lt\/wp-json\/wp\/v2\/media\/324114"}],"wp:attachment":[{"href":"https:\/\/baldumarket.lt\/lt\/wp-json\/wp\/v2\/media?parent=324113"}],"wp:term":[{"taxonomy":"product_brand","embeddable":true,"href":"https:\/\/baldumarket.lt\/lt\/wp-json\/wp\/v2\/product_brand?post=324113"},{"taxonomy":"product_cat","embeddable":true,"href":"https:\/\/baldumarket.lt\/lt\/wp-json\/wp\/v2\/product_cat?post=324113"},{"taxonomy":"product_tag","embeddable":true,"href":"https:\/\/baldumarket.lt\/lt\/wp-json\/wp\/v2\/product_tag?post=324113"}],"curies":[{"name":"wp","href":"https:\/\/api.w.org\/{rel}","templated":true}]}}