{"id":323687,"date":"2026-01-16T10:36:05","date_gmt":"2026-01-16T07:36:05","guid":{"rendered":"https:\/\/baldumarket.lt\/product\/szafka-ze-zlewem-stalowym-100-cm\/"},"modified":"2026-04-23T18:26:00","modified_gmt":"2026-04-23T15:26:00","slug":"szafka-ze-zlewem-stalowym-100-cm","status":"publish","type":"product","link":"https:\/\/baldumarket.lt\/lt\/product\/szafka-ze-zlewem-stalowym-100-cm\/","title":{"rendered":"Spintel\u0117 su plienine kriaukle 100 cm"},"content":{"rendered":"<h5><span style=\"color: #54859b\">Apsilankykite m\u016bs\u0173 virtualioje Stolarz-Lempert prek\u0117s \u017eenklo parduotuv\u0117je<\/span><\/h5>\n<p> <a href=\"http:\/\/spacer.lempert.pl\/\" target=\"_blank\" rel=\"noopener\"><span style=\"color: #e47025\">http:\/\/spacer.lempert.pl\/<\/span><\/a><\/p>\n<p>100 cm plo\u010dio plienin\u0117 kriaukl\u0117s spintel\u0117 yra puikus baldas:<br \/>\nvirtuv\u0117l\u0117<br \/>\nj\u016bs\u0173 \u012fmon\u0117s poilsio kambarys<br \/>\nu\u017epakalinis kambarys<br \/>\ngara\u017eas<br \/>\nir daugelyje kit\u0173 viet\u0173, kur kaina ir prakti\u0161kumas yra svarbiausi.<br \/>\n\u012e spintel\u0117s kain\u0105 \u012fskai\u010diuota 100 cm plo\u010dio laisvai pastatoma kriaukl\u0117s spintel\u0117 ir 100 cm plo\u010dio vieno dubens plienin\u0117 kriaukl\u0117 su la\u0161\u0117jimo dangteliu.<br \/>\nKriaukl\u0117s komplekt\u0105 sudaro tik perpildymo vamzdis ir kam\u0161tis.<br \/>\nSpecifikacijos:<br \/>\nPlok\u0161t\u0117s tipas, storis ir spalva:<br \/>\n16 mm laminuota plok\u0161t\u0117, matin\u0117s baltos spalvos, 2,5 mm HDF plok\u0161t\u0117<br \/>\n16 mm laminuota plok\u0161t\u0117, matin\u0117s baltos spalvos<br \/>\nBriaunos tipas:<br \/>\nmelamino plok\u0161t\u0117s<br \/>\nABS fasadai<br \/>\nKojos \u2013 dviguba juoda slydimo sistema<br \/>\nRankenos \u2013 128 mm plastikin\u0117s<\/p>","protected":false},"excerpt":{"rendered":"<p>Plotis [cm]: 100<br \/>\nPriekin\u0117s dalies tipas: Laminuota plok\u0161t\u0117 \/ MDF \/ Lakas<br \/>\nPriekin\u0117s dalies tipas: Laminuota plok\u0161t\u0117 \/ MDF \/ Lakas<\/p>","protected":false},"featured_media":323688,"comment_status":"open","ping_status":"open","template":"","meta":[],"product_brand":[],"product_cat":[9234,9118],"product_tag":[],"class_list":{"0":"post-323687","1":"product","2":"type-product","3":"status-publish","4":"has-post-thumbnail","6":"product_cat-stolarz-lempert","7":"product_cat-kitchen-cabinets","9":"first","10":"instock","11":"purchasable","12":"product-type-simple"},"_links":{"self":[{"href":"https:\/\/baldumarket.lt\/lt\/wp-json\/wp\/v2\/product\/323687","targetHints":{"allow":["GET"]}}],"collection":[{"href":"https:\/\/baldumarket.lt\/lt\/wp-json\/wp\/v2\/product"}],"about":[{"href":"https:\/\/baldumarket.lt\/lt\/wp-json\/wp\/v2\/types\/product"}],"replies":[{"embeddable":true,"href":"https:\/\/baldumarket.lt\/lt\/wp-json\/wp\/v2\/comments?post=323687"}],"wp:featuredmedia":[{"embeddable":true,"href":"https:\/\/baldumarket.lt\/lt\/wp-json\/wp\/v2\/media\/323688"}],"wp:attachment":[{"href":"https:\/\/baldumarket.lt\/lt\/wp-json\/wp\/v2\/media?parent=323687"}],"wp:term":[{"taxonomy":"product_brand","embeddable":true,"href":"https:\/\/baldumarket.lt\/lt\/wp-json\/wp\/v2\/product_brand?post=323687"},{"taxonomy":"product_cat","embeddable":true,"href":"https:\/\/baldumarket.lt\/lt\/wp-json\/wp\/v2\/product_cat?post=323687"},{"taxonomy":"product_tag","embeddable":true,"href":"https:\/\/baldumarket.lt\/lt\/wp-json\/wp\/v2\/product_tag?post=323687"}],"curies":[{"name":"wp","href":"https:\/\/api.w.org\/{rel}","templated":true}]}}