{"id":323679,"date":"2026-01-16T10:35:59","date_gmt":"2026-01-16T07:35:59","guid":{"rendered":"https:\/\/baldumarket.lt\/product\/stol-loftowy-owalny-oslo-185x90-cm-orzech-wisconsin\/"},"modified":"2026-04-23T18:26:00","modified_gmt":"2026-04-23T15:26:00","slug":"stol-loftowy-owalny-oslo-185x90-cm-orzech-wisconsin","status":"publish","type":"product","link":"https:\/\/baldumarket.lt\/lt\/product\/stol-loftowy-owalny-oslo-185x90-cm-orzech-wisconsin\/","title":{"rendered":"Oslo ovalus pal\u0117p\u0117s stalas, 185\u00d790\u00a0cm, Viskonsino rie\u0161utmedis"},"content":{"rendered":"<h5><span style=\"color: #54859b\">Apsilankykite m\u016bs\u0173 virtualioje Stolarz-Lempert prek\u0117s \u017eenklo parduotuv\u0117je<\/span><\/h5>\n<p> <a href=\"http:\/\/spacer.lempert.pl\/\" target=\"_blank\" rel=\"noopener\"><span style=\"color: #e47025\">http:\/\/spacer.lempert.pl\/<\/span><\/a><\/p>\n<p>Moderni\u0173 valgomojo stal\u0173 kolekcija su dekoratyvin\u0117mis metalin\u0117mis voratinklio kojel\u0117mis, pasi\u017eyminti geometrine, \u0161akota forma. Be estetinio patrauklumo, \u0161i kojeli\u0173 forma garantuoja tvirt\u0105 atram\u0105 net ir dideliems stalvir\u0161iams. Kartu su apvaliu arba ovaliu stalvir\u0161iu, kur\u012f galima \u012fsigyti keturi\u0173 spalv\u0173, visas baldas atrodo ne\u012ftik\u0117tinai stilingai ir eleganti\u0161kai. OSLO stalai puikiai tinka kambariams, dekoruotiems moderniu, minimalistiniu stiliumi, bet taip pat ir industriniu, prabangiu ar lofto stiliaus.<br \/>\nOslo ovalus pal\u0117p\u0117s stalas \u2013 stalvir\u0161is pagamintas i\u0161 28 mm storio laminuotos plok\u0161t\u0117s \u2013 Viskonsino rie\u0161utmed\u017eio spalvos, ABS kra\u0161tai<br \/>\nPagrindas \u2013 voratinklinis r\u0117mas + r\u0117mas, da\u017eytas milteliniu b\u016bdu, \u00f880 mm, juodas<br \/>\nAuk\u0161tis \u2013 reguliuojamas 745\u2013760 mm \u2013 su nedideliu auk\u0161\u010dio reguliavimu apa\u010dioje esan\u010dioje kojel\u0117je.<br \/>\n1\/2 pakuot\u0117s (kojel\u0117s) matmenys 1910 x 710 x 150 mm, svoris \u2013 34,5 kg<br \/>\nPakuot\u0117 2\/2 1970 x 985 x 45 mm, svoris \u2013 21,5 kg<\/p>","protected":false},"excerpt":{"rendered":"<p>Stalvir\u0161io forma: ovali<br \/>\nI\u0161traukiamas: nei\u0161traukiamas<br \/>\nGylis [cm]: 90<br \/>\nIlgis [cm]: 185<br \/>\n\u016agis [cm]: 74,5\u201376<br \/>\nGylis [cm]: 90<\/p>","protected":false},"featured_media":323680,"comment_status":"open","ping_status":"open","template":"","meta":[],"product_brand":[],"product_cat":[9234,1934],"product_tag":[],"class_list":{"0":"post-323679","1":"product","2":"type-product","3":"status-publish","4":"has-post-thumbnail","6":"product_cat-stolarz-lempert","7":"product_cat-tables","9":"first","10":"instock","11":"purchasable","12":"product-type-simple"},"_links":{"self":[{"href":"https:\/\/baldumarket.lt\/lt\/wp-json\/wp\/v2\/product\/323679","targetHints":{"allow":["GET"]}}],"collection":[{"href":"https:\/\/baldumarket.lt\/lt\/wp-json\/wp\/v2\/product"}],"about":[{"href":"https:\/\/baldumarket.lt\/lt\/wp-json\/wp\/v2\/types\/product"}],"replies":[{"embeddable":true,"href":"https:\/\/baldumarket.lt\/lt\/wp-json\/wp\/v2\/comments?post=323679"}],"wp:featuredmedia":[{"embeddable":true,"href":"https:\/\/baldumarket.lt\/lt\/wp-json\/wp\/v2\/media\/323680"}],"wp:attachment":[{"href":"https:\/\/baldumarket.lt\/lt\/wp-json\/wp\/v2\/media?parent=323679"}],"wp:term":[{"taxonomy":"product_brand","embeddable":true,"href":"https:\/\/baldumarket.lt\/lt\/wp-json\/wp\/v2\/product_brand?post=323679"},{"taxonomy":"product_cat","embeddable":true,"href":"https:\/\/baldumarket.lt\/lt\/wp-json\/wp\/v2\/product_cat?post=323679"},{"taxonomy":"product_tag","embeddable":true,"href":"https:\/\/baldumarket.lt\/lt\/wp-json\/wp\/v2\/product_tag?post=323679"}],"curies":[{"name":"wp","href":"https:\/\/api.w.org\/{rel}","templated":true}]}}