{"id":323639,"date":"2026-01-16T10:35:29","date_gmt":"2026-01-16T07:35:29","guid":{"rendered":"https:\/\/baldumarket.lt\/product\/szafa-elena-2d-dab-lefkas-z-lustrem\/"},"modified":"2026-04-23T18:26:08","modified_gmt":"2026-04-23T15:26:08","slug":"szafa-elena-2d-dab-lefkas-z-lustrem","status":"publish","type":"product","link":"https:\/\/baldumarket.lt\/lt\/product\/szafa-elena-2d-dab-lefkas-z-lustrem\/","title":{"rendered":"Elena 2D spinta, \u0105\u017euolo spalvos, Lefkas, su veidrod\u017eiu"},"content":{"rendered":"<h5><span style=\"color: #54859b\">Apsilankykite m\u016bs\u0173 virtualioje Stolarz-Lempert prek\u0117s \u017eenklo parduotuv\u0117je<\/span><\/h5>\n<p> <a href=\"http:\/\/spacer.lempert.pl\/\" target=\"_blank\" rel=\"noopener\"><span style=\"color: #e47025\">http:\/\/spacer.lempert.pl\/<\/span><\/a><\/p>\n<p>Dviej\u0173 dur\u0173 spinta pagaminta i\u0161 laminuotos plok\u0161t\u0117s ir turi lentyn\u0105 su drabu\u017ei\u0173 kabykla apa\u010dioje bei keturias papildomas lentynas.<br \/>\n\u0160iai spintai galite u\u017esisakyti nuotraukoje pavaizduot\u0105 55 cm auk\u0161\u010dio prailginim\u0105 ir balt\u0105 spintel\u0119 daiktams laikyti \u2013 teiraukit\u0117s d\u0117l variant\u0173.<br \/>\nSpalva:<br \/>\nLEFKAS \u0104\u017euolo laminato fasadai + veidrodis<br \/>\nLEFKAS \u0104\u017euolo laminato korpusas<br \/>\nTaip pat galima \u012fsigyti Sonoma \u0105\u017euolo ir matin\u0117s baltos spalvos<br \/>\nJuodos plastikin\u0117s rankenos<br \/>\nElenos spintos gali b\u016bti naudojamos kuriant didel\u0119 modulin\u0119 spint\u0105.<br \/>\nPakuot\u0117s matmenys:<br \/>\n1\/2 pakuot\u0117: 1995 x 585 x 85 mm<br \/>\nSvoris: 35 kg<br \/>\n2\/2 pakuot\u0117: 1995 x 585 x 75 mm<br \/>\nSvoris: 42 kg<br \/>\nPastaba \u2013 paskutin\u0117je galerijos nuotraukoje tikrovi\u0161kiausia \u201eLefkas\u201c \u0105\u017euolo lentos spalva atrodo pagal j\u0105 \u2013 perkant baldus, pra\u0161ome ja vadovautis.<\/p>","protected":false},"excerpt":{"rendered":"<p>Gylis [cm]: 53<br \/>\nPlotis [cm]: 90<br \/>\nAuk\u0161tis [cm]: 190<br \/>\nGylis [cm]: 53<\/p>","protected":false},"featured_media":323640,"comment_status":"open","ping_status":"open","template":"","meta":[],"product_brand":[],"product_cat":[9234,1177],"product_tag":[],"class_list":{"0":"post-323639","1":"product","2":"type-product","3":"status-publish","4":"has-post-thumbnail","6":"product_cat-stolarz-lempert","7":"product_cat-wardrobes","9":"first","10":"instock","11":"purchasable","12":"product-type-simple"},"_links":{"self":[{"href":"https:\/\/baldumarket.lt\/lt\/wp-json\/wp\/v2\/product\/323639","targetHints":{"allow":["GET"]}}],"collection":[{"href":"https:\/\/baldumarket.lt\/lt\/wp-json\/wp\/v2\/product"}],"about":[{"href":"https:\/\/baldumarket.lt\/lt\/wp-json\/wp\/v2\/types\/product"}],"replies":[{"embeddable":true,"href":"https:\/\/baldumarket.lt\/lt\/wp-json\/wp\/v2\/comments?post=323639"}],"wp:featuredmedia":[{"embeddable":true,"href":"https:\/\/baldumarket.lt\/lt\/wp-json\/wp\/v2\/media\/323640"}],"wp:attachment":[{"href":"https:\/\/baldumarket.lt\/lt\/wp-json\/wp\/v2\/media?parent=323639"}],"wp:term":[{"taxonomy":"product_brand","embeddable":true,"href":"https:\/\/baldumarket.lt\/lt\/wp-json\/wp\/v2\/product_brand?post=323639"},{"taxonomy":"product_cat","embeddable":true,"href":"https:\/\/baldumarket.lt\/lt\/wp-json\/wp\/v2\/product_cat?post=323639"},{"taxonomy":"product_tag","embeddable":true,"href":"https:\/\/baldumarket.lt\/lt\/wp-json\/wp\/v2\/product_tag?post=323639"}],"curies":[{"name":"wp","href":"https:\/\/api.w.org\/{rel}","templated":true}]}}