{"id":323581,"date":"2026-01-16T10:34:47","date_gmt":"2026-01-16T07:34:47","guid":{"rendered":"https:\/\/baldumarket.lt\/product\/plyta-pcv-polysk-na-wymiar-16-mm-do-kuchni-producenta-stolarz-lempert\/"},"modified":"2026-04-23T18:26:16","modified_gmt":"2026-04-23T15:26:16","slug":"plyta-pcv-polysk-na-wymiar-16-mm-do-kuchni-producenta-stolarz-lempert","status":"publish","type":"product","link":"https:\/\/baldumarket.lt\/lt\/product\/plyta-pcv-polysk-na-wymiar-16-mm-do-kuchni-producenta-stolarz-lempert\/","title":{"rendered":"Blizgi PVC plok\u0161t\u0117, pagaminta pagal u\u017esakym\u0105 [16 mm] virtuvei, gamintojas Stolarz Lempert"},"content":{"rendered":"<h5><span style=\"color: #54859b\">Apsilankykite m\u016bs\u0173 virtualioje Stolarz-Lempert prek\u0117s \u017eenklo parduotuv\u0117je<\/span><\/h5>\n<p> <a href=\"http:\/\/spacer.lempert.pl\/\" target=\"_blank\" rel=\"noopener\"><span style=\"color: #e47025\">http:\/\/spacer.lempert.pl\/<\/span><\/a><\/p>\n<p>16 mm storio, pagal u\u017esakym\u0105 pagaminta, blizgi PVC plok\u0161t\u0117, si\u016bloma su \u201cStolarz Lempert\u201d virtuv\u0117se naudojamais dekorais.<br \/>\nPlok\u0161t\u0117 pagal numatytuosius nustatymus yra faneruota i\u0161 vis\u0173 keturi\u0173 pusi\u0173 (be papildomo mokes\u010dio).<br \/>\nBazin\u0117 \u012fsigytos lentos kvadratinio metro kaina, min. 95 x 200 mm, maks. 2600 x 1200 mm<br \/>\nGalimos spalvos:<br \/>\nblizgi balta \u2013 Vigo, Artisan, Lara virtuv\u0117<br \/>\nblizgi pilka \u2013 Vigo, Sonia, Lara virtuv\u0117<br \/>\nblizgus kapu\u010dino \u2013 \u201eArtisan\u201c, Laros virtuv\u0117<br \/>\nblizgus kremas \u2013 Artisan virtuv\u0117<br \/>\nPRIE\u0160 PIRKDAMI PERSKAITYKITE!<br \/>\nSiuntimas galimas tik \u201eStolarz Lempert\u201c virtuv\u0117s baldams \u2013 pristatymas po vien\u0105 lent\u0105 negalimas, reikalingas tik bendras pad\u0117klas su spintel\u0117mis.<br \/>\nVienkartinius u\u017esakymus galima atsiimti vietoje (Tarnowskie G\u00f3ry). Kaip u\u017esisakyti tinkam\u0105 dyd\u012f<br \/>\nBazin\u0117 prek\u0117s kaina yra u\u017e kvadratin\u012f metr\u0105. Kiekio lauke (po mygtuku \u201e\u012ed\u0117ti \u012f krep\u0161el\u012f\u201c):<br \/>\nKiekis: rei\u0161kia 0,56 kvadratinio metro lentos pirkim\u0105.<br \/>\nJei jums reikia 650 x 200 mm (0,65 m * 0,2 m = 0,13 m2) dyd\u017eio lentos, \u012fveskite:<br \/>\nKiekis:<br \/>\nKaina bus apskai\u010diuota automati\u0161kai \u012fd\u0117jus prek\u0119 \u012f krep\u0161el\u012f, 1 mm tikslumu nuo \u012fsigytos prek\u0117s.<\/p>","protected":false},"excerpt":{"rendered":"<p>Apsilankykite m\u016bs\u0173 virtualioje \u201cStolarz-Lempert\u201d prek\u0117s \u017eenklo parduotuv\u0117je http:\/\/spacer.lempert.pl\/ 16 mm storio, pagal u\u017esakym\u0105 pagaminta, blizgi PVC plok\u0161t\u0117, si\u016bloma su \u201eStolarz Lempert\u201c virtuv\u0117se naudojamais dekorais. Plok\u0161t\u0117 pagal numatytuosius nustatymus yra faneruota i\u0161 vis\u0173 keturi\u0173 pusi\u0173 (be papildomo mokes\u010dio). Bazin\u0117 \u012fsigytos plok\u0161t\u0117s kvadratinio metro kaina, min. 95 x 200 mm, maks. 2600 x [\u2026]<\/p>","protected":false},"featured_media":323582,"comment_status":"open","ping_status":"open","template":"","meta":[],"product_brand":[],"product_cat":[9234,1043],"product_tag":[],"class_list":{"0":"post-323581","1":"product","2":"type-product","3":"status-publish","4":"has-post-thumbnail","6":"product_cat-stolarz-lempert","7":"product_cat-extras","9":"first","10":"instock","11":"purchasable","12":"product-type-simple"},"_links":{"self":[{"href":"https:\/\/baldumarket.lt\/lt\/wp-json\/wp\/v2\/product\/323581","targetHints":{"allow":["GET"]}}],"collection":[{"href":"https:\/\/baldumarket.lt\/lt\/wp-json\/wp\/v2\/product"}],"about":[{"href":"https:\/\/baldumarket.lt\/lt\/wp-json\/wp\/v2\/types\/product"}],"replies":[{"embeddable":true,"href":"https:\/\/baldumarket.lt\/lt\/wp-json\/wp\/v2\/comments?post=323581"}],"wp:featuredmedia":[{"embeddable":true,"href":"https:\/\/baldumarket.lt\/lt\/wp-json\/wp\/v2\/media\/323582"}],"wp:attachment":[{"href":"https:\/\/baldumarket.lt\/lt\/wp-json\/wp\/v2\/media?parent=323581"}],"wp:term":[{"taxonomy":"product_brand","embeddable":true,"href":"https:\/\/baldumarket.lt\/lt\/wp-json\/wp\/v2\/product_brand?post=323581"},{"taxonomy":"product_cat","embeddable":true,"href":"https:\/\/baldumarket.lt\/lt\/wp-json\/wp\/v2\/product_cat?post=323581"},{"taxonomy":"product_tag","embeddable":true,"href":"https:\/\/baldumarket.lt\/lt\/wp-json\/wp\/v2\/product_tag?post=323581"}],"curies":[{"name":"wp","href":"https:\/\/api.w.org\/{rel}","templated":true}]}}