{"id":323517,"date":"2026-01-16T10:34:02","date_gmt":"2026-01-16T07:34:02","guid":{"rendered":"https:\/\/baldumarket.lt\/product\/stol-loftowy-okragly-oslo-110-cm-jesion-portland\/"},"modified":"2026-04-23T18:26:24","modified_gmt":"2026-04-23T15:26:24","slug":"stol-loftowy-okragly-oslo-110-cm-jesion-portland","status":"publish","type":"product","link":"https:\/\/baldumarket.lt\/lt\/product\/stol-loftowy-okragly-oslo-110-cm-jesion-portland\/","title":{"rendered":"Oslo apvalus pal\u0117p\u0117s stalas, 110 cm, Portlando uosis"},"content":{"rendered":"<h5><span style=\"color: #54859b\">Apsilankykite m\u016bs\u0173 virtualioje Stolarz-Lempert prek\u0117s \u017eenklo parduotuv\u0117je<\/span><\/h5>\n<p> <a href=\"http:\/\/spacer.lempert.pl\/\" target=\"_blank\" rel=\"noopener\"><span style=\"color: #e47025\">http:\/\/spacer.lempert.pl\/<\/span><\/a><\/p>\n<p>Moderni\u0173 valgomojo stal\u0173 kolekcija, kuri\u0173 stalvir\u0161iai pastatyti ant dekoratyvini\u0173 metalini\u0173 voratinklini\u0173 kojeli\u0173, pasi\u017eymin\u010di\u0173 geometrine, \u0161akota forma. Be estetinio patrauklumo, \u0161i kojeli\u0173 forma garantuoja tvirt\u0105 atram\u0105 net ir dideliems stalvir\u0161iams. Kartu su apvaliu arba ovaliu stalvir\u0161iu, kur\u012f galima \u012fsigyti keturi\u0173 spalv\u0173, visas baldas atrodo ne\u012ftik\u0117tinai stilingai ir eleganti\u0161kai. OSLO stalai puikiai tinka modernaus, minimalistinio stiliaus, bet taip pat ir industrinio, prabangaus ar lofto stiliaus kambariams.<br \/>\nApvalus Oslo lofto stalas \u2013 stalvir\u0161is pagamintas i\u0161 28 mm storio laminuotos plok\u0161t\u0117s \u2013 Portland Ash spalvos, su ABS kra\u0161tais.<br \/>\nPagrindas \u2013 VORO formos r\u0117mas + R\u0116MAS, da\u017eytas milteliniu b\u016bdu, \u00f880 mm, juodas.<br \/>\nAuk\u0161tis \u2013 reguliuojamas 745\u2013760 mm \u2013 su nedideliu auk\u0161\u010dio reguliavimu apa\u010dioje esan\u010dioje kojel\u0117je.<br \/>\n1\/2 pakuot\u0117s (kojel\u0117s): 1150 x 710 x 160 mm, svoris: 18 kg<br \/>\n2\/2 pakuot\u0117: 180 x 1180 x 50 mm, svoris: 21,5 kg<\/p>","protected":false},"excerpt":{"rendered":"<p>Stalvir\u0161io forma: apvali<br \/>\nI\u0161traukiamas: nei\u0161traukiamas<br \/>\nSkersmuo [cm]: 110<br \/>\n\u016agis [cm]: 74,5\u201376<\/p>","protected":false},"featured_media":323518,"comment_status":"open","ping_status":"open","template":"","meta":[],"product_brand":[],"product_cat":[9234,1934],"product_tag":[],"class_list":{"0":"post-323517","1":"product","2":"type-product","3":"status-publish","4":"has-post-thumbnail","6":"product_cat-stolarz-lempert","7":"product_cat-tables","9":"first","10":"instock","11":"purchasable","12":"product-type-simple"},"_links":{"self":[{"href":"https:\/\/baldumarket.lt\/lt\/wp-json\/wp\/v2\/product\/323517","targetHints":{"allow":["GET"]}}],"collection":[{"href":"https:\/\/baldumarket.lt\/lt\/wp-json\/wp\/v2\/product"}],"about":[{"href":"https:\/\/baldumarket.lt\/lt\/wp-json\/wp\/v2\/types\/product"}],"replies":[{"embeddable":true,"href":"https:\/\/baldumarket.lt\/lt\/wp-json\/wp\/v2\/comments?post=323517"}],"wp:featuredmedia":[{"embeddable":true,"href":"https:\/\/baldumarket.lt\/lt\/wp-json\/wp\/v2\/media\/323518"}],"wp:attachment":[{"href":"https:\/\/baldumarket.lt\/lt\/wp-json\/wp\/v2\/media?parent=323517"}],"wp:term":[{"taxonomy":"product_brand","embeddable":true,"href":"https:\/\/baldumarket.lt\/lt\/wp-json\/wp\/v2\/product_brand?post=323517"},{"taxonomy":"product_cat","embeddable":true,"href":"https:\/\/baldumarket.lt\/lt\/wp-json\/wp\/v2\/product_cat?post=323517"},{"taxonomy":"product_tag","embeddable":true,"href":"https:\/\/baldumarket.lt\/lt\/wp-json\/wp\/v2\/product_tag?post=323517"}],"curies":[{"name":"wp","href":"https:\/\/api.w.org\/{rel}","templated":true}]}}