{"id":323309,"date":"2026-01-16T10:31:19","date_gmt":"2026-01-16T07:31:19","guid":{"rendered":"https:\/\/baldumarket.lt\/product\/zestaw-kuchenny-arona-ze-slupkiem-kuchnia-285-cm-kaszmir\/"},"modified":"2026-03-23T13:00:26","modified_gmt":"2026-03-23T10:00:26","slug":"zestaw-kuchenny-arona-ze-slupkiem-kuchnia-285-cm-kaszmir","status":"publish","type":"product","link":"https:\/\/baldumarket.lt\/lt\/product\/zestaw-kuchenny-arona-ze-slupkiem-kuchnia-285-cm-kaszmir\/","title":{"rendered":"Arona virtuv\u0117s komplektas su kolona, \u200b\u200bvirtuv\u0117 285 cm ka\u0161myro spalvos"},"content":{"rendered":"<h5><span style=\"color: #54859b\">Apsilankykite m\u016bs\u0173 virtualioje Stolarz-Lempert prek\u0117s \u017eenklo parduotuv\u0117je<\/span><\/h5>\n<p> <a href=\"http:\/\/spacer.lempert.pl\/\" target=\"_blank\" rel=\"noopener\"><span style=\"color: #e47025\">http:\/\/spacer.lempert.pl\/<\/span><\/a><\/p>\n<p>\u201eArona\u201c virtuv\u0117 \u2013 tai modernus ir eleganti\u0161kas bald\u0173 komplektas \u2013 virtuv\u0117s baldai tiks bet kokiam interjerui.<br \/>\nVirtuv\u0117je yra de\u0161imtys spinteli\u0173, i\u0161 kuri\u0173 galite susikurti savo komplekt\u0105.<br \/>\n\u012e rinkin\u012f \u012feina:<br \/>\nauk\u0161tos kokyb\u0117s fasadai i\u0161 laminuotos plok\u0161t\u0117s<br \/>\nlaminuot\u0173 plok\u0161\u010di\u0173 korpusai<br \/>\nfasadai su \u0161velnaus u\u017edarymo sistema<br \/>\nauk\u0161\u010diausios kokyb\u0117s stal\u010diai su \u0161velnaus u\u017edarymo sistema<br \/>\nerdvios spintel\u0117s<br \/>\nspintel\u0117s, montuojamos ant r\u0117m\u0173 ir cokoli\u0173<br \/>\ndvigubai slystan\u010dios juodos kojel\u0117s<br \/>\nmatin\u0117s juodos spalvos cokolin\u0117s dalys yra komplekte<br \/>\nPriekinis stiklas \u2013 gr\u016bdintas stiklas, poliruotas i\u0161 vis\u0173 pusi\u0173, grafito anti-sol danga, 4 mm storio<br \/>\nstiklin\u0117s lentynos \u2013 poliruotos i\u0161 vis\u0173 pusi\u0173, skaidrus stiklas, 4 mm storio 5 mm<br \/>\n2,8 cm arba 3,8 cm storio stalvir\u0161is, pagamintas naudojant pokalimo technologij\u0105, su ergonomi\u0161kai i\u0161lenktu priekiu (neb\u016btina)<br \/>\nVirtuv\u0117s specifikacijos:<br \/>\nPriekin\u0117s dalys: 16 mm laminuota plok\u0161t\u0117, ka\u0161myras (ABS)<br \/>\nKorpusas: 16 mm laminuota plok\u0161t\u0117, matin\u0117 juoda (melaminas), nugar\u0117l\u0117 \u2013 2,5 mm HDF \u2013 balta<br \/>\nRankenos: UA-HEXA kra\u0161tas, juodos arba auksin\u0117s \u2013 aliuminio, tarpai 64 mm \u2013 320 mm (PASTABA \u2013 jei pasirinksite auksin\u0119, pakuot\u0117je gausite ir juodas rankenas)<br \/>\nKomplekt\u0105 sudaro spintel\u0117s be stalvir\u0161i\u0173:<br \/>\n60 cm \u0161aldytuvo spintel\u0117 \u2013 60 LO-210 2F + 60 NAGU-36 1F prailginimas<br \/>\n40 cm \u2013 40 D 1F BB<br \/>\n50 cm kriaukl\u0117 \u2013 50 ZL 1F BB<br \/>\n45 cm indaplov\u0117s priekin\u0117 dalis su u\u017edengimu \u2013 ZM 713 \u00d7 446<br \/>\n60 cm \u2013 60 D 1F BB<br \/>\n30 cm krovininis \u2013 30 D CARGO BB<br \/>\nVir\u0161utin\u0117 dalis \u2013 auk\u0161tis 91 cm<br \/>\n40 cm \u2013 40 G-90 1F<br \/>\n\u00a050 cm \u2013 50 G-72 1F<br \/>\n45 cm \u2013 45 G-90 1F<br \/>\n\u00a060 cm \u2013 60 G-72 1F<br \/>\n30 cm \u2013 30 G-90 1F<br \/>\n\u00a0<br \/>\n\u0160iam komplektui reikalingas 225 cm stalvir\u0161is.<br \/>\nDviej\u0173 spalv\u0173 nuotraukoje pavaizduotas Sienos, Monzos ir Aronos virtuvi\u0173 derinys.<\/p>","protected":false},"excerpt":{"rendered":"<p>Plotis [cm]: 285<br \/>\nAuk\u0161tis [cm]: 90<br \/>\nGylis [cm]: 31<br \/>\nPlotis i\u0161 kair\u0117s [cm]: 60 | 40 | 50 | 45 | 60 | 30<br \/>\nAuk\u0161tis [cm]: 90<br \/>\nGylis [cm]: 31<br \/>\nGylis su stalvir\u0161iu [cm]: 60<\/p>","protected":false},"featured_media":323310,"comment_status":"open","ping_status":"open","template":"","meta":[],"product_brand":[],"product_cat":[9234,1932],"product_tag":[],"class_list":{"0":"post-323309","1":"product","2":"type-product","3":"status-publish","4":"has-post-thumbnail","6":"product_cat-stolarz-lempert","7":"product_cat-kitchen-sets","9":"first","10":"instock","11":"purchasable","12":"product-type-simple"},"_links":{"self":[{"href":"https:\/\/baldumarket.lt\/lt\/wp-json\/wp\/v2\/product\/323309","targetHints":{"allow":["GET"]}}],"collection":[{"href":"https:\/\/baldumarket.lt\/lt\/wp-json\/wp\/v2\/product"}],"about":[{"href":"https:\/\/baldumarket.lt\/lt\/wp-json\/wp\/v2\/types\/product"}],"replies":[{"embeddable":true,"href":"https:\/\/baldumarket.lt\/lt\/wp-json\/wp\/v2\/comments?post=323309"}],"wp:featuredmedia":[{"embeddable":true,"href":"https:\/\/baldumarket.lt\/lt\/wp-json\/wp\/v2\/media\/323310"}],"wp:attachment":[{"href":"https:\/\/baldumarket.lt\/lt\/wp-json\/wp\/v2\/media?parent=323309"}],"wp:term":[{"taxonomy":"product_brand","embeddable":true,"href":"https:\/\/baldumarket.lt\/lt\/wp-json\/wp\/v2\/product_brand?post=323309"},{"taxonomy":"product_cat","embeddable":true,"href":"https:\/\/baldumarket.lt\/lt\/wp-json\/wp\/v2\/product_cat?post=323309"},{"taxonomy":"product_tag","embeddable":true,"href":"https:\/\/baldumarket.lt\/lt\/wp-json\/wp\/v2\/product_tag?post=323309"}],"curies":[{"name":"wp","href":"https:\/\/api.w.org\/{rel}","templated":true}]}}