{"id":323303,"date":"2026-01-16T10:31:14","date_gmt":"2026-01-16T07:31:14","guid":{"rendered":"https:\/\/baldumarket.lt\/product\/zestaw-lazienkowy-mela-ii-ze-slupkami\/"},"modified":"2026-03-23T13:00:26","modified_gmt":"2026-03-23T10:00:26","slug":"zestaw-lazienkowy-mela-ii-ze-slupkami","status":"publish","type":"product","link":"https:\/\/baldumarket.lt\/lt\/product\/zestaw-lazienkowy-mela-ii-ze-slupkami\/","title":{"rendered":"Mela II vonios kambario komplektas su kolonomis"},"content":{"rendered":"<h5><span style=\"color: #54859b\">Apsilankykite m\u016bs\u0173 virtualioje Stolarz-Lempert prek\u0117s \u017eenklo parduotuv\u0117je<\/span><\/h5>\n<p> <a href=\"http:\/\/spacer.lempert.pl\/\" target=\"_blank\" rel=\"noopener\"><span style=\"color: #e47025\">http:\/\/spacer.lempert.pl\/<\/span><\/a><\/p>\n<p>\u201eMela\u201c vonios kambar\u012f sudaro keli \u012fdom\u016bs moduliai, kurie puikiai papildo vonios kambario erdv\u0119. Prakti\u0161kos lentynos, spintel\u0117s ir \u012fmontuota skalbimo ma\u0161ina leid\u017eia lengvai palaikyti tvark\u0105 ir suteikia interjerui subtilumo.<br \/>\nSonoma \u0105\u017euolo ir baltos medienos derinys neu\u017ego\u017eia erdv\u0117s, prie\u0161ingai \u2013 suteikia vonios kambariui daug \u0161ilumos. Subtilios ranken\u0117l\u0117s ir minimalistinis dizainas leid\u017eia MELA vonios kambario komplektui puikiai der\u0117ti prie daugelio interjer\u0173.<br \/>\nParametrai:<br \/>\nKorpusas \u2013 16 mm laminuota plok\u0161t\u0117 \u2013 balta<br \/>\nNugara \u2013 2,5 mm HDF \u2013 balta<br \/>\nMelamino kra\u0161tas<br \/>\nFasadas \u2013 16 mm laminuota plok\u0161t\u0117 \u2013 Sonoma \u0105\u017euolas<br \/>\nABS kra\u0161tas<br \/>\nRankena 1.251 L-96\/128 M18M \u2013 128 mm \/ plastikin\u0117<br \/>\nRutulinis guolis<br \/>\n\u0160velnus u\u017edarymas \u2013 ne<br \/>\nVonios kambario komplekt\u0105 sudaro \u0161ios spintel\u0117s:<br \/>\nPlatus stulpelis \u2013 59,8\/180,5\/32,8 mm plo\u010dio\/auk\u0161tio\/gylio<br \/>\nKriaukl\u0117s spintel\u0117 \u2013 60\/62,5\/32,6 mm plo\u010dio\/auk\u0161tio\/gylio<br \/>\nSkalbimo ma\u0161inos arba tualeto spintel\u0117 \u2013 60\/180,5\/19,8 mm plo\u010dio\/auk\u0161tio\/gylio<br \/>\nKomplekte n\u0117ra kriaukl\u0117s, unitazo ar veidrod\u017eio \u2013 tik baldai.<\/p>","protected":false},"excerpt":{"rendered":"<p>Apsilankykite m\u016bs\u0173 virtualioje \u201eStolarz-Lempert\u201c prek\u0117s \u017eenklo parduotuv\u0117je http:\/\/spacer.lempert.pl\/ \u201eMela\u201c vonios kambar\u012f sudaro keli \u012fdom\u016bs moduliai, kurie puikiai papildo vonios kambario erdv\u0119. Prakti\u0161kos lentynos, spintel\u0117s ir \u012fmontuota skalbimo ma\u0161ina leid\u017eia lengvai palaikyti tvark\u0105 ir suteikia interjerui subtilumo. Sonoma \u0105\u017euolo ir baltos spalvos derinys neu\u017ego\u017eia [\u2026]<\/p>","protected":false},"featured_media":323304,"comment_status":"open","ping_status":"open","template":"","meta":[],"product_brand":[],"product_cat":[9234,9117],"product_tag":[],"class_list":{"0":"post-323303","1":"product","2":"type-product","3":"status-publish","4":"has-post-thumbnail","6":"product_cat-stolarz-lempert","7":"product_cat-bathroom","9":"first","10":"instock","11":"purchasable","12":"product-type-simple"},"_links":{"self":[{"href":"https:\/\/baldumarket.lt\/lt\/wp-json\/wp\/v2\/product\/323303","targetHints":{"allow":["GET"]}}],"collection":[{"href":"https:\/\/baldumarket.lt\/lt\/wp-json\/wp\/v2\/product"}],"about":[{"href":"https:\/\/baldumarket.lt\/lt\/wp-json\/wp\/v2\/types\/product"}],"replies":[{"embeddable":true,"href":"https:\/\/baldumarket.lt\/lt\/wp-json\/wp\/v2\/comments?post=323303"}],"wp:featuredmedia":[{"embeddable":true,"href":"https:\/\/baldumarket.lt\/lt\/wp-json\/wp\/v2\/media\/323304"}],"wp:attachment":[{"href":"https:\/\/baldumarket.lt\/lt\/wp-json\/wp\/v2\/media?parent=323303"}],"wp:term":[{"taxonomy":"product_brand","embeddable":true,"href":"https:\/\/baldumarket.lt\/lt\/wp-json\/wp\/v2\/product_brand?post=323303"},{"taxonomy":"product_cat","embeddable":true,"href":"https:\/\/baldumarket.lt\/lt\/wp-json\/wp\/v2\/product_cat?post=323303"},{"taxonomy":"product_tag","embeddable":true,"href":"https:\/\/baldumarket.lt\/lt\/wp-json\/wp\/v2\/product_tag?post=323303"}],"curies":[{"name":"wp","href":"https:\/\/api.w.org\/{rel}","templated":true}]}}