{"id":323283,"date":"2026-01-16T10:30:56","date_gmt":"2026-01-16T07:30:56","guid":{"rendered":"https:\/\/baldumarket.lt\/product\/szafka-niska-z-szuflada-1f1s-mela-ii\/"},"modified":"2026-03-23T13:00:26","modified_gmt":"2026-03-23T10:00:26","slug":"szafka-niska-z-szuflada-1f1s-mela-ii","status":"publish","type":"product","link":"https:\/\/baldumarket.lt\/lt\/product\/szafka-niska-z-szuflada-1f1s-mela-ii\/","title":{"rendered":"\u017dema spintel\u0117 su stal\u010diumi 1F1S Mela II"},"content":{"rendered":"<h5><span style=\"color: #54859b\">Apsilankykite m\u016bs\u0173 virtualioje Stolarz-Lempert prek\u0117s \u017eenklo parduotuv\u0117je<\/span><\/h5>\n<p> <a href=\"http:\/\/spacer.lempert.pl\/\" target=\"_blank\" rel=\"noopener\"><span style=\"color: #e47025\">http:\/\/spacer.lempert.pl\/<\/span><\/a><\/p>\n<p>\u201eMela\u201c vonios kambar\u012f sudaro keli \u012fdom\u016bs moduliai, kurie puikiai papildo vonios kambario erdv\u0119. Prakti\u0161kos lentynos, spintel\u0117s ir \u012fmontuota skalbimo ma\u0161ina leid\u017eia lengvai palaikyti tvark\u0105 ir suteikia interjerui subtilumo.<br \/>\nSonoma \u0105\u017euolo ir baltos medienos derinys neu\u017ego\u017eia erdv\u0117s, prie\u0161ingai \u2013 suteikia vonios kambariui daug \u0161ilumos. Subtilios ranken\u0117l\u0117s ir minimalistinis dizainas leid\u017eia MELA vonios kambario komplektui puikiai der\u0117ti prie daugelio interjer\u0173.<br \/>\nParametrai:<br \/>\nKorpusas \u2013 16 mm laminuota plok\u0161t\u0117 \u2013 balta<br \/>\nNugara \u2013 2,5 mm HDF \u2013 balta<br \/>\nMelamino apvadai<br \/>\nFasadas \u2013 16 mm laminuota plok\u0161t\u0117 \u2013 Sonoma \u0105\u017euolas<br \/>\nABS apvadai<br \/>\nRankena 1.251 L-96\/128 M18M \u2013 128 mm \/ plastikin\u0117<br \/>\nRutulinis guolis<br \/>\n\u0160velnus u\u017edarymas \u2013 ne<br \/>\n1\/1 pakuot\u0117 \u2013 935 x 350 x 95 mm \u2013 16 kg<br \/>\nSpintel\u0117 su priekiu ir stal\u010diumi.<\/p>","protected":false},"excerpt":{"rendered":"<p>Gylis [cm]: 32,9<br \/>\nPlotis [cm]: 34<br \/>\n\u016agis [cm]: 86,3<br \/>\nGylis [cm]: 32,9<\/p>","protected":false},"featured_media":323284,"comment_status":"open","ping_status":"open","template":"","meta":[],"product_brand":[],"product_cat":[9234,9118],"product_tag":[],"class_list":{"0":"post-323283","1":"product","2":"type-product","3":"status-publish","4":"has-post-thumbnail","6":"product_cat-stolarz-lempert","7":"product_cat-kitchen-cabinets","9":"first","10":"instock","11":"purchasable","12":"product-type-simple"},"_links":{"self":[{"href":"https:\/\/baldumarket.lt\/lt\/wp-json\/wp\/v2\/product\/323283","targetHints":{"allow":["GET"]}}],"collection":[{"href":"https:\/\/baldumarket.lt\/lt\/wp-json\/wp\/v2\/product"}],"about":[{"href":"https:\/\/baldumarket.lt\/lt\/wp-json\/wp\/v2\/types\/product"}],"replies":[{"embeddable":true,"href":"https:\/\/baldumarket.lt\/lt\/wp-json\/wp\/v2\/comments?post=323283"}],"wp:featuredmedia":[{"embeddable":true,"href":"https:\/\/baldumarket.lt\/lt\/wp-json\/wp\/v2\/media\/323284"}],"wp:attachment":[{"href":"https:\/\/baldumarket.lt\/lt\/wp-json\/wp\/v2\/media?parent=323283"}],"wp:term":[{"taxonomy":"product_brand","embeddable":true,"href":"https:\/\/baldumarket.lt\/lt\/wp-json\/wp\/v2\/product_brand?post=323283"},{"taxonomy":"product_cat","embeddable":true,"href":"https:\/\/baldumarket.lt\/lt\/wp-json\/wp\/v2\/product_cat?post=323283"},{"taxonomy":"product_tag","embeddable":true,"href":"https:\/\/baldumarket.lt\/lt\/wp-json\/wp\/v2\/product_tag?post=323283"}],"curies":[{"name":"wp","href":"https:\/\/api.w.org\/{rel}","templated":true}]}}