{"id":323270,"date":"2026-01-16T10:30:45","date_gmt":"2026-01-16T07:30:45","guid":{"rendered":"https:\/\/baldumarket.lt\/product\/salon-mebloscianka-osaka-dab-evoke\/"},"modified":"2026-03-23T13:00:26","modified_gmt":"2026-03-23T10:00:26","slug":"salon-mebloscianka-osaka-dab-evoke","status":"publish","type":"product","link":"https:\/\/baldumarket.lt\/lt\/product\/salon-mebloscianka-osaka-dab-evoke\/","title":{"rendered":"Svetain\u0117s sienin\u0117 spintel\u0117 Osaka \u0105\u017euolas evoke"},"content":{"rendered":"<h5><span style=\"color: #54859b\">Apsilankykite m\u016bs\u0173 virtualioje Stolarz-Lempert prek\u0117s \u017eenklo parduotuv\u0117je<\/span><\/h5>\n<p> <a href=\"http:\/\/spacer.lempert.pl\/\" target=\"_blank\" rel=\"noopener\"><span style=\"color: #e47025\">http:\/\/spacer.lempert.pl\/<\/span><\/a><\/p>\n<p>\u201eOsaka\u201c bald\u0173 kolekcija \u2013 tai harmoningas moderni\u0173 form\u0173 ir rafinuot\u0173 detali\u0173 derinys. Minimalistines atskir\u0173 bald\u0173 linijas pagyvina \u012fmantrus frezavimas, o \u0161iltas bald\u0173 spalvas gra\u017eiai pary\u0161kina subtilus vitrin\u0173 LED ap\u0161vietimas. Kolekcij\u0105 sudaro 11 gamini\u0173.<br \/>\nSistemos parametrai:<br \/>\nFasadai pagaminti i\u0161 16 mm MDF \u2013 \u201eEvoke Oak\u201c (lamel\u0117s) \/ 16 mm laminuotos plok\u0161t\u0117s \u2013 juodos<br \/>\nKarkasai pagaminti i\u0161 16 mm laminuotos plok\u0161t\u0117s \u201eEvoke Oak\u201c spalvos su ABS apvadais<br \/>\nPriekinis stiklas \u2013 gr\u016bdintas stiklas, poliruotas i\u0161 vis\u0173 pusi\u0173, grafito antisol danga, 4 mm storio<br \/>\nLentynos \u2013 poliruotos i\u0161 vis\u0173 pusi\u0173, skaidrus stiklas, 16 mm storio 5 mm<br \/>\nKojel\u0117s \u2013 15 cm tiesios metalin\u0117s<br \/>\nKoj\u0173 spalva: juoda<br \/>\n\u0160iltas LED ap\u0161vietimas, 2 ta\u0161k\u0173 (neprivaloma)<br \/>\nRutulini\u0173 guoli\u0173 b\u0117gikai<br \/>\nN\u0117ra \u0161velnaus u\u017edarymo<br \/>\n\u00a0<br \/>\n\u012e susitarim\u0105 \u012feina:<br \/>\nTV spintel\u0117 2S \u2013 140\/50\/40 cm plo\u010dio\/auk\u0161tio\/gylio<br \/>\nPakabinama spintel\u0117 1F \u2013 45,8\/100\/32 cm plo\u010dio\/auk\u0161tio\/gylio<br \/>\nVitrina 2D \u2013 55,8\/205\/40 cm plo\u010dio\/auk\u0161tio\/gylio \u2013 vitrinos ap\u0161vietimas pasirenkamas<br \/>\nKavos staliukas 2S \u2013 100\/50\/60 cm plo\u010dio\/auk\u0161tio\/gylio<\/p>","protected":false},"excerpt":{"rendered":"<p>Visit our virtual store of the Stolarz-Lempert brand http:\/\/spacer.lempert.pl\/ The Osaka furniture collection is a harmonious blend of modern form and refined details. The minimalist lines of the individual pieces are enlivened with intricate milling, and the warm colors of the furniture are beautifully enhanced by the subtle LED lighting of the display cabinets. The [&hellip;]<\/p>","protected":false},"featured_media":323271,"comment_status":"open","ping_status":"open","template":"","meta":[],"product_brand":[],"product_cat":[9234,2008],"product_tag":[],"class_list":{"0":"post-323270","1":"product","2":"type-product","3":"status-publish","4":"has-post-thumbnail","6":"product_cat-stolarz-lempert","7":"product_cat-wall-units","9":"first","10":"instock","11":"purchasable","12":"product-type-simple"},"_links":{"self":[{"href":"https:\/\/baldumarket.lt\/lt\/wp-json\/wp\/v2\/product\/323270","targetHints":{"allow":["GET"]}}],"collection":[{"href":"https:\/\/baldumarket.lt\/lt\/wp-json\/wp\/v2\/product"}],"about":[{"href":"https:\/\/baldumarket.lt\/lt\/wp-json\/wp\/v2\/types\/product"}],"replies":[{"embeddable":true,"href":"https:\/\/baldumarket.lt\/lt\/wp-json\/wp\/v2\/comments?post=323270"}],"wp:featuredmedia":[{"embeddable":true,"href":"https:\/\/baldumarket.lt\/lt\/wp-json\/wp\/v2\/media\/323271"}],"wp:attachment":[{"href":"https:\/\/baldumarket.lt\/lt\/wp-json\/wp\/v2\/media?parent=323270"}],"wp:term":[{"taxonomy":"product_brand","embeddable":true,"href":"https:\/\/baldumarket.lt\/lt\/wp-json\/wp\/v2\/product_brand?post=323270"},{"taxonomy":"product_cat","embeddable":true,"href":"https:\/\/baldumarket.lt\/lt\/wp-json\/wp\/v2\/product_cat?post=323270"},{"taxonomy":"product_tag","embeddable":true,"href":"https:\/\/baldumarket.lt\/lt\/wp-json\/wp\/v2\/product_tag?post=323270"}],"curies":[{"name":"wp","href":"https:\/\/api.w.org\/{rel}","templated":true}]}}