{"id":323262,"date":"2026-01-16T10:30:39","date_gmt":"2026-01-16T07:30:39","guid":{"rendered":"https:\/\/baldumarket.lt\/product\/witryna-przeszklona-osaka-2d-dab-evoke\/"},"modified":"2026-03-23T13:00:26","modified_gmt":"2026-03-23T10:00:26","slug":"witryna-przeszklona-osaka-2d-dab-evoke","status":"publish","type":"product","link":"https:\/\/baldumarket.lt\/lt\/product\/witryna-przeszklona-osaka-2d-dab-evoke\/","title":{"rendered":"Osaka 2D stiklin\u0117 vitrina, \u0105\u017euolo imitacija"},"content":{"rendered":"<h5><span style=\"color: #54859b\">Apsilankykite m\u016bs\u0173 virtualioje Stolarz-Lempert prek\u0117s \u017eenklo parduotuv\u0117je<\/span><\/h5>\n<p> <a href=\"http:\/\/spacer.lempert.pl\/\" target=\"_blank\" rel=\"noopener\"><span style=\"color: #e47025\">http:\/\/spacer.lempert.pl\/<\/span><\/a><\/p>\n<p>\u201eOsaka\u201c bald\u0173 kolekcija \u2013 tai harmoningas moderni\u0173 form\u0173 ir rafinuot\u0173 detali\u0173 derinys. Minimalistines atskir\u0173 bald\u0173 linijas pagyvina sud\u0117tingas frezavimas, o \u0161iltas bald\u0173 spalvas gra\u017eiai pary\u0161kina subtilus vitrin\u0173 LED ap\u0161vietimas. Kolekcij\u0105 sudaro 11 vienet\u0173.<br \/>\nSistemos parametrai:<br \/>\nFasadai pagaminti i\u0161 16 mm MDF \u2013 \u201eEvoke Oak\u201c (lamel\u0117s) \/ 16 mm laminuotos plok\u0161t\u0117s \u2013 juodos<br \/>\nKarkasai pagaminti i\u0161 16 mm laminuotos plok\u0161t\u0117s \u201eEvoke Oak\u201c spalvos su ABS apvadais<br \/>\nPriekinis stiklas \u2013 gr\u016bdintas, poliruotas, grafito neslystantis stiklas, 4 mm storio<br \/>\nLentynos \u2013 poliruotas, skaidrus stiklas, 5 mm storio<br \/>\nKojel\u0117s \u2013 15 cm tiesios metalin\u0117s<br \/>\nKoj\u0173 spalva: juoda<br \/>\n\u0160iltas 2 ta\u0161k\u0173 LED ap\u0161vietimas (neprivaloma)<br \/>\nRutulini\u0173 guoli\u0173 b\u0117gikai<br \/>\nN\u0117ra \u0161velnaus u\u017edarymo<br \/>\n\u201eOsaka 2D\u201c vitrina \u2013 turi du fasadus, vienas i\u0161 j\u0173 \u012fstiklintas, su lentynomis u\u017e j\u0173 ir pasirenkamu ap\u0161vietimu.<br \/>\n\u00a0<br \/>\nSvoris ir matmenys: 1 pakuot\u0117: 2760 x 435 x 100 mm<br \/>\nSvoris: 17 kg<br \/>\n2 pakuot\u0117: 21965 x 590 x 60 mm<br \/>\nSvoris: 30 kg<\/p>","protected":false},"excerpt":{"rendered":"<p>Gylis [cm]: 40<br \/>\nPlotis [cm]: 55,8<br \/>\nAuk\u0161tis [cm]: 205<br \/>\nGylis [cm]: 40<\/p>","protected":false},"featured_media":323263,"comment_status":"open","ping_status":"open","template":"","meta":[],"product_brand":[],"product_cat":[9234,2006],"product_tag":[],"class_list":{"0":"post-323262","1":"product","2":"type-product","3":"status-publish","4":"has-post-thumbnail","6":"product_cat-stolarz-lempert","7":"product_cat-vitrines","9":"first","10":"instock","11":"purchasable","12":"product-type-simple"},"_links":{"self":[{"href":"https:\/\/baldumarket.lt\/lt\/wp-json\/wp\/v2\/product\/323262","targetHints":{"allow":["GET"]}}],"collection":[{"href":"https:\/\/baldumarket.lt\/lt\/wp-json\/wp\/v2\/product"}],"about":[{"href":"https:\/\/baldumarket.lt\/lt\/wp-json\/wp\/v2\/types\/product"}],"replies":[{"embeddable":true,"href":"https:\/\/baldumarket.lt\/lt\/wp-json\/wp\/v2\/comments?post=323262"}],"wp:featuredmedia":[{"embeddable":true,"href":"https:\/\/baldumarket.lt\/lt\/wp-json\/wp\/v2\/media\/323263"}],"wp:attachment":[{"href":"https:\/\/baldumarket.lt\/lt\/wp-json\/wp\/v2\/media?parent=323262"}],"wp:term":[{"taxonomy":"product_brand","embeddable":true,"href":"https:\/\/baldumarket.lt\/lt\/wp-json\/wp\/v2\/product_brand?post=323262"},{"taxonomy":"product_cat","embeddable":true,"href":"https:\/\/baldumarket.lt\/lt\/wp-json\/wp\/v2\/product_cat?post=323262"},{"taxonomy":"product_tag","embeddable":true,"href":"https:\/\/baldumarket.lt\/lt\/wp-json\/wp\/v2\/product_tag?post=323262"}],"curies":[{"name":"wp","href":"https:\/\/api.w.org\/{rel}","templated":true}]}}