{"id":323230,"date":"2026-01-16T10:30:11","date_gmt":"2026-01-16T07:30:11","guid":{"rendered":"https:\/\/baldumarket.lt\/product\/komoda-szafka-rtv-z-szufladami-osaka-3s-dab-evoke\/"},"modified":"2026-03-23T13:00:26","modified_gmt":"2026-03-23T10:00:26","slug":"komoda-szafka-rtv-z-szufladami-osaka-3s-dab-evoke","status":"publish","type":"product","link":"https:\/\/baldumarket.lt\/lt\/product\/komoda-szafka-rtv-z-szufladami-osaka-3s-dab-evoke\/","title":{"rendered":"TV spintel\u0117 su stal\u010diais Osaka 3S, \u0105\u017euolo spalvos, \u201eEvoke\u201c"},"content":{"rendered":"<h5><span style=\"color: #54859b\">Apsilankykite m\u016bs\u0173 virtualioje Stolarz-Lempert prek\u0117s \u017eenklo parduotuv\u0117je<\/span><\/h5>\n<p> <a href=\"http:\/\/spacer.lempert.pl\/\" target=\"_blank\" rel=\"noopener\"><span style=\"color: #e47025\">http:\/\/spacer.lempert.pl\/<\/span><\/a><\/p>\n<p>\u201eOsaka\u201c bald\u0173 kolekcija \u2013 tai harmoningas moderni\u0173 form\u0173 ir rafinuot\u0173 detali\u0173 derinys. Minimalistines atskir\u0173 bald\u0173 linijas pagyvina sud\u0117tingas frezavimas, o \u0161iltas bald\u0173 spalvas gra\u017eiai pary\u0161kina subtilus vitrin\u0173 LED ap\u0161vietimas. Kolekcij\u0105 sudaro 11 gamini\u0173.<br \/>\nSistemos parametrai:<br \/>\nFasadai pagaminti i\u0161 16 mm MDF \u2013 \u201eEvoke Oak\u201c (lamel\u0117s) \/ 16 mm laminuotos plok\u0161t\u0117s \u2013 juodos<br \/>\nKorpusai pagaminti i\u0161 16 mm laminuotos plok\u0161t\u0117s \u201eEvoke Oak\u201c spalvos su ABS apvadais<br \/>\nPriekinis stiklas \u2013 gr\u016bdintas, poliruotas stiklas, 4 mm storio, su \u012fbr\u0117\u017eimams atsparia grafito apdaila<br \/>\nLentynos \u2013 poliruotas, skaidrus stiklas, 5 mm storio<br \/>\nKojel\u0117s \u2013 15 cm tiesios metalin\u0117s<br \/>\nKoj\u0173 spalva: juoda<br \/>\nDviej\u0173 ta\u0161k\u0173 \u0161iltas LED ap\u0161vietimas (neprivaloma)<br \/>\nRutulini\u0173 guoli\u0173 b\u0117gikai<br \/>\nN\u0117ra \u0161velnaus u\u017edarymo<br \/>\n\u201eOsaka 3S\u201c televizoriaus spintel\u0117 \u2013 su stabiliu stalvir\u0161iu ir stal\u010diais.<br \/>\nSvoris ir matmenys: pakuot\u0117 1\/12015 x 435 x 90 mm<br \/>\nsvoris \u2013 42,5 kg<\/p>","protected":false},"excerpt":{"rendered":"<p>Gylis [cm]: 40<br \/>\nPlotis [cm]: 178,6<br \/>\nAuk\u0161tis [cm]: 50<br \/>\nGylis [cm]: 40<\/p>","protected":false},"featured_media":323231,"comment_status":"open","ping_status":"open","template":"","meta":[],"product_brand":[],"product_cat":[9234,1175],"product_tag":[],"class_list":{"0":"post-323230","1":"product","2":"type-product","3":"status-publish","4":"has-post-thumbnail","6":"product_cat-stolarz-lempert","7":"product_cat-tv-stands","9":"first","10":"instock","11":"purchasable","12":"product-type-simple"},"_links":{"self":[{"href":"https:\/\/baldumarket.lt\/lt\/wp-json\/wp\/v2\/product\/323230","targetHints":{"allow":["GET"]}}],"collection":[{"href":"https:\/\/baldumarket.lt\/lt\/wp-json\/wp\/v2\/product"}],"about":[{"href":"https:\/\/baldumarket.lt\/lt\/wp-json\/wp\/v2\/types\/product"}],"replies":[{"embeddable":true,"href":"https:\/\/baldumarket.lt\/lt\/wp-json\/wp\/v2\/comments?post=323230"}],"wp:featuredmedia":[{"embeddable":true,"href":"https:\/\/baldumarket.lt\/lt\/wp-json\/wp\/v2\/media\/323231"}],"wp:attachment":[{"href":"https:\/\/baldumarket.lt\/lt\/wp-json\/wp\/v2\/media?parent=323230"}],"wp:term":[{"taxonomy":"product_brand","embeddable":true,"href":"https:\/\/baldumarket.lt\/lt\/wp-json\/wp\/v2\/product_brand?post=323230"},{"taxonomy":"product_cat","embeddable":true,"href":"https:\/\/baldumarket.lt\/lt\/wp-json\/wp\/v2\/product_cat?post=323230"},{"taxonomy":"product_tag","embeddable":true,"href":"https:\/\/baldumarket.lt\/lt\/wp-json\/wp\/v2\/product_tag?post=323230"}],"curies":[{"name":"wp","href":"https:\/\/api.w.org\/{rel}","templated":true}]}}