{"id":323206,"date":"2026-01-16T10:29:42","date_gmt":"2026-01-16T07:29:42","guid":{"rendered":"https:\/\/baldumarket.lt\/product\/komoda-z-szafkami-i-szufladami-osaka-3f3s-dab-evoke\/"},"modified":"2026-03-23T13:00:26","modified_gmt":"2026-03-23T10:00:26","slug":"komoda-z-szafkami-i-szufladami-osaka-3f3s-dab-evoke","status":"publish","type":"product","link":"https:\/\/baldumarket.lt\/lt\/product\/komoda-z-szafkami-i-szufladami-osaka-3f3s-dab-evoke\/","title":{"rendered":"Komoda su spintel\u0117mis ir stal\u010diais Osaka 3F3S \u0105\u017euolo spalvos"},"content":{"rendered":"<h5><span style=\"color: #54859b\">Apsilankykite m\u016bs\u0173 virtualioje Stolarz-Lempert prek\u0117s \u017eenklo parduotuv\u0117je<\/span><\/h5>\n<p> <a href=\"http:\/\/spacer.lempert.pl\/\" target=\"_blank\" rel=\"noopener\"><span style=\"color: #e47025\">http:\/\/spacer.lempert.pl\/<\/span><\/a><\/p>\n<p>\u201eOsaka\u201c bald\u0173 kolekcija \u2013 tai harmoningas moderni\u0173 form\u0173 ir rafinuot\u0173 detali\u0173 derinys. Minimalistines atskir\u0173 bald\u0173 linijas pagyvina sud\u0117tingas frezavimas, o \u0161iltas bald\u0173 spalvas gra\u017eiai pary\u0161kina subtilus vitrin\u0173 LED ap\u0161vietimas. Kolekcij\u0105 sudaro 11 gamini\u0173.<br \/>\nSistemos parametrai:<br \/>\nFasadai pagaminti i\u0161 16 mm MDF \u2013 \u201eEvoke Oak\u201c (lamel\u0117s) \/ 16 mm laminuotos plok\u0161t\u0117s \u2013 juodos<br \/>\nKorpusas pagamintas i\u0161 16 mm laminuotos plok\u0161t\u0117s \u201eEvoke Oak\u201c spalvos su ABS apvadais<br \/>\nPriekinis stiklas \u2013 gr\u016bdintas, poliruotas stiklas, 4 mm storio, su \u012fbr\u0117\u017eimams atsparia grafito apdaila<br \/>\nLentynos \u2013 poliruotas, skaidrus stiklas, 5 mm storio<br \/>\nKojel\u0117s \u2013 15 cm tiesios metalin\u0117s<br \/>\nKoj\u0173 spalva: juoda<br \/>\nDviej\u0173 ta\u0161k\u0173 \u0161iltas LED ap\u0161vietimas (neprivaloma)<br \/>\nRutulini\u0173 guoli\u0173 b\u0117gikai<br \/>\nN\u0117ra \u0161velnaus u\u017edarymo<br \/>\nKomoda \u201eOsaka 3F3S\u201c \u2013 dvi spintel\u0117s, lentynos u\u017e fasad\u0173 ir du papildomi stal\u010diai.<br \/>\nSvoris ir matmenys: 1 pakuot\u0117: 2905 x 520 x 140 mm<br \/>\nSvoris: 32 kg<br \/>\n2 pakuot\u0117: 21565 x 435 x 75 mm<br \/>\nSvoris: 30 kg<\/p>","protected":false},"excerpt":{"rendered":"<p>Gylis [cm]: 40<br \/>\nPlotis [cm]: 148,6<br \/>\nAuk\u0161tis [cm]: 100<br \/>\nGylis [cm]: 40<\/p>","protected":false},"featured_media":323207,"comment_status":"open","ping_status":"open","template":"","meta":[],"product_brand":[],"product_cat":[9234,1173],"product_tag":[],"class_list":{"0":"post-323206","1":"product","2":"type-product","3":"status-publish","4":"has-post-thumbnail","6":"product_cat-stolarz-lempert","7":"product_cat-chests-of-drawers","9":"first","10":"instock","11":"purchasable","12":"product-type-simple"},"_links":{"self":[{"href":"https:\/\/baldumarket.lt\/lt\/wp-json\/wp\/v2\/product\/323206","targetHints":{"allow":["GET"]}}],"collection":[{"href":"https:\/\/baldumarket.lt\/lt\/wp-json\/wp\/v2\/product"}],"about":[{"href":"https:\/\/baldumarket.lt\/lt\/wp-json\/wp\/v2\/types\/product"}],"replies":[{"embeddable":true,"href":"https:\/\/baldumarket.lt\/lt\/wp-json\/wp\/v2\/comments?post=323206"}],"wp:featuredmedia":[{"embeddable":true,"href":"https:\/\/baldumarket.lt\/lt\/wp-json\/wp\/v2\/media\/323207"}],"wp:attachment":[{"href":"https:\/\/baldumarket.lt\/lt\/wp-json\/wp\/v2\/media?parent=323206"}],"wp:term":[{"taxonomy":"product_brand","embeddable":true,"href":"https:\/\/baldumarket.lt\/lt\/wp-json\/wp\/v2\/product_brand?post=323206"},{"taxonomy":"product_cat","embeddable":true,"href":"https:\/\/baldumarket.lt\/lt\/wp-json\/wp\/v2\/product_cat?post=323206"},{"taxonomy":"product_tag","embeddable":true,"href":"https:\/\/baldumarket.lt\/lt\/wp-json\/wp\/v2\/product_tag?post=323206"}],"curies":[{"name":"wp","href":"https:\/\/api.w.org\/{rel}","templated":true}]}}