{"id":323158,"date":"2026-01-16T10:29:05","date_gmt":"2026-01-16T07:29:05","guid":{"rendered":"https:\/\/baldumarket.lt\/product\/szafka-wiszaca-osaka-1f-bez-piaskowy\/"},"modified":"2026-03-23T13:00:26","modified_gmt":"2026-03-23T10:00:26","slug":"szafka-wiszaca-osaka-1f-bez-piaskowy","status":"publish","type":"product","link":"https:\/\/baldumarket.lt\/lt\/product\/szafka-wiszaca-osaka-1f-bez-piaskowy\/","title":{"rendered":"Osaka 1F sienin\u0117 spintel\u0117, sm\u0117lio spalvos"},"content":{"rendered":"<h5><span style=\"color: #54859b\">Apsilankykite m\u016bs\u0173 virtualioje Stolarz-Lempert prek\u0117s \u017eenklo parduotuv\u0117je<\/span><\/h5>\n<p> <a href=\"http:\/\/spacer.lempert.pl\/\" target=\"_blank\" rel=\"noopener\"><span style=\"color: #e47025\">http:\/\/spacer.lempert.pl\/<\/span><\/a><\/p>\n<p>\u201eOsaka\u201c bald\u0173 kolekcija \u2013 tai harmoningas moderni\u0173 form\u0173 ir rafinuot\u0173 detali\u0173 derinys. Minimalistines atskir\u0173 bald\u0173 linijas pagyvina sud\u0117tingas frezavimas, o \u0161iltas bald\u0173 spalvas gra\u017eiai pary\u0161kina subtilus vitrin\u0173 LED ap\u0161vietimas. Kolekcij\u0105 sudaro 11 gamini\u0173.<br \/>\n\u00a0<br \/>\nSistemos parametrai:<br \/>\nPriekin\u0117s dalys pagamintos i\u0161 16 mm sm\u0117lio spalvos MDF plok\u0161t\u0117s \/ 16 mm juodos laminuotos plok\u0161t\u0117s<br \/>\nKarkasai pagaminti i\u0161 16 mm sm\u0117lio spalvos laminuotos plok\u0161t\u0117s su ABS apvadais<br \/>\nPriekinis stiklas \u2013 gr\u016bdintas, poliruotas stiklas, padengtas grafito neslid\u017eia danga, 4 mm storio<br \/>\nLentynos \u2013 poliruotas, skaidrus stiklas, 5 mm storio<br \/>\nKojel\u0117s \u2013 tiesios metalin\u0117s, 15 cm<br \/>\nKoj\u0173 spalva: juoda<br \/>\n\u0160iltas 2 ta\u0161k\u0173 LED ap\u0161vietimas (neprivaloma)<br \/>\nRutulini\u0173 guoli\u0173 b\u0117gikai<br \/>\nN\u0117ra \u0161velnaus u\u017edarymo<br \/>\n\u201eOsaka 1F\u201c pakabinama spintel\u0117 \u2013 su priekiu ir lentynomis u\u017e jo.<br \/>\nSvoris ir matmenys: pakuot\u0117 1\/1060 x 470 x 90 mm<br \/>\nsvoris \u2013 22,5 kg<\/p>","protected":false},"excerpt":{"rendered":"<p>Gylis [cm]: 32<br \/>\nPlotis [cm]: 45,8<br \/>\nAuk\u0161tis [cm]: 100<br \/>\nGylis [cm]: 32<\/p>","protected":false},"featured_media":323159,"comment_status":"open","ping_status":"open","template":"","meta":[],"product_brand":[],"product_cat":[9234,9120],"product_tag":[],"class_list":{"0":"post-323158","1":"product","2":"type-product","3":"status-publish","4":"has-post-thumbnail","6":"product_cat-stolarz-lempert","7":"product_cat-cabinets","9":"first","10":"instock","11":"purchasable","12":"product-type-simple"},"_links":{"self":[{"href":"https:\/\/baldumarket.lt\/lt\/wp-json\/wp\/v2\/product\/323158","targetHints":{"allow":["GET"]}}],"collection":[{"href":"https:\/\/baldumarket.lt\/lt\/wp-json\/wp\/v2\/product"}],"about":[{"href":"https:\/\/baldumarket.lt\/lt\/wp-json\/wp\/v2\/types\/product"}],"replies":[{"embeddable":true,"href":"https:\/\/baldumarket.lt\/lt\/wp-json\/wp\/v2\/comments?post=323158"}],"wp:featuredmedia":[{"embeddable":true,"href":"https:\/\/baldumarket.lt\/lt\/wp-json\/wp\/v2\/media\/323159"}],"wp:attachment":[{"href":"https:\/\/baldumarket.lt\/lt\/wp-json\/wp\/v2\/media?parent=323158"}],"wp:term":[{"taxonomy":"product_brand","embeddable":true,"href":"https:\/\/baldumarket.lt\/lt\/wp-json\/wp\/v2\/product_brand?post=323158"},{"taxonomy":"product_cat","embeddable":true,"href":"https:\/\/baldumarket.lt\/lt\/wp-json\/wp\/v2\/product_cat?post=323158"},{"taxonomy":"product_tag","embeddable":true,"href":"https:\/\/baldumarket.lt\/lt\/wp-json\/wp\/v2\/product_tag?post=323158"}],"curies":[{"name":"wp","href":"https:\/\/api.w.org\/{rel}","templated":true}]}}