{"id":32305,"date":"2025-11-14T22:06:00","date_gmt":"2025-11-14T19:06:00","guid":{"rendered":"https:\/\/baldumarket.lt\/product\/alitty-96-polka-czarny\/"},"modified":"2026-03-24T18:16:05","modified_gmt":"2026-03-24T15:16:05","slug":"alitty-96-polka-czarny","status":"publish","type":"product","link":"https:\/\/baldumarket.lt\/lt\/product\/alitty-96-polka-czarny\/","title":{"rendered":"Alitty 96 lentyna juoda"},"content":{"rendered":"<p>Pakabinama lentyna \u201eAlitta\u201c \u2013 stilingas ir funkcionalus interjero dizaino elementas, susidedantis i\u0161 trij\u0173 ma\u017eesni\u0173, \u012fvairaus dyd\u017eio lentyn\u0173. Bendri komplekto matmenys yra 96 x 46 x 25 cm. Kiekvienos lentynos dydis yra \u012fvairus, tod\u0117l galima efektyviai i\u0161d\u0117styti \u012fvairaus dyd\u017eio daiktus ir sukurti vizualiai \u012fdom\u0173 sienos i\u0161d\u0117stym\u0105. \u0160i lentyna idealiai tinka svetain\u0117ms, miegamiesiems, biurams ir koridoriams. D\u0117l modernaus dizaino ir universali\u0173 matmen\u0173 \u201eAlitta\u201c lentyna papildo \u012fvairius interjero stilius, suteikdama charakterio ir funkcionalumo. Joje galima laikyti knygas, dekoracijas, augalus ir kitus smulkius daiktus, kuriuos norite laikyti po ranka arba eksponuoti.<\/p>","protected":false},"excerpt":{"rendered":"<p>Pakabinama lentyna \u201eAlitta\u201c \u2013 stilingas ir funkcionalus interjero dizaino elementas, susidedantis i\u0161 trij\u0173 ma\u017eesni\u0173, \u012fvairaus dyd\u017eio lentyn\u0173. Bendri komplekto matmenys yra 96 x 46 x 25 cm. Kiekvienos lentynos dydis yra \u012fvairus, tod\u0117l galima efektyviai i\u0161d\u0117styti \u012fvairaus dyd\u017eio daiktus ir sukurti vizualiai \u012fdom\u0173 sienos i\u0161d\u0117stym\u0105. [\u2026]<\/p>","protected":false},"featured_media":32306,"comment_status":"open","ping_status":"open","template":"","meta":[],"product_brand":[],"product_cat":[2012,9169,1174],"product_tag":[],"class_list":{"0":"post-32305","1":"product","2":"type-product","3":"status-publish","4":"has-post-thumbnail","6":"product_cat-eltap","7":"product_cat-polki-eltap","8":"product_cat-hanging-shelves","9":"pa_frame-material-undefined","10":"pa_frame-material-type-undefined","11":"pa_leg-color-undefined","12":"pa_leg-material-undefined","13":"pa_linen-box-undefined","14":"pa_main-color-black","15":"pa_price-group-basic","16":"pa_seat-depth-undefined","17":"pa_seat-width-undefined","18":"pa_sleep-function-undefined","19":"pa_sleeping-area-length-undefined","20":"pa_sleeping-area-width-undefined","21":"pa_style-modern","22":"pa_textile-czarny","23":"pa_upholstery-material-undefined","25":"first","26":"instock","27":"purchasable","28":"product-type-simple"},"_links":{"self":[{"href":"https:\/\/baldumarket.lt\/lt\/wp-json\/wp\/v2\/product\/32305","targetHints":{"allow":["GET"]}}],"collection":[{"href":"https:\/\/baldumarket.lt\/lt\/wp-json\/wp\/v2\/product"}],"about":[{"href":"https:\/\/baldumarket.lt\/lt\/wp-json\/wp\/v2\/types\/product"}],"replies":[{"embeddable":true,"href":"https:\/\/baldumarket.lt\/lt\/wp-json\/wp\/v2\/comments?post=32305"}],"wp:featuredmedia":[{"embeddable":true,"href":"https:\/\/baldumarket.lt\/lt\/wp-json\/wp\/v2\/media\/32306"}],"wp:attachment":[{"href":"https:\/\/baldumarket.lt\/lt\/wp-json\/wp\/v2\/media?parent=32305"}],"wp:term":[{"taxonomy":"product_brand","embeddable":true,"href":"https:\/\/baldumarket.lt\/lt\/wp-json\/wp\/v2\/product_brand?post=32305"},{"taxonomy":"product_cat","embeddable":true,"href":"https:\/\/baldumarket.lt\/lt\/wp-json\/wp\/v2\/product_cat?post=32305"},{"taxonomy":"product_tag","embeddable":true,"href":"https:\/\/baldumarket.lt\/lt\/wp-json\/wp\/v2\/product_tag?post=32305"}],"curies":[{"name":"wp","href":"https:\/\/api.w.org\/{rel}","templated":true}]}}