{"id":322902,"date":"2026-01-16T10:25:15","date_gmt":"2026-01-16T07:25:15","guid":{"rendered":"https:\/\/baldumarket.lt\/product\/szafka-dolna-80-cm-zlew-szuflada-luna-biala-artisan-80-zl-1s-bb-premium-box\/"},"modified":"2026-04-23T18:27:51","modified_gmt":"2026-04-23T15:27:51","slug":"szafka-dolna-80-cm-zlew-szuflada-luna-biala-artisan-80-zl-1s-bb-premium-box","status":"publish","type":"product","link":"https:\/\/baldumarket.lt\/lt\/product\/szafka-dolna-80-cm-zlew-szuflada-luna-biala-artisan-80-zl-1s-bb-premium-box\/","title":{"rendered":"Apatin\u0117 spintel\u0117 80 cm, kriaukl\u0117s stal\u010dius, \u201eLuna\u201c balta\/artisan, 80 ZL 1S BB, PREMIUM BOX"},"content":{"rendered":"<h5><span style=\"color: #54859b\">Apsilankykite m\u016bs\u0173 virtualioje Stolarz-Lempert prek\u0117s \u017eenklo parduotuv\u0117je<\/span><\/h5>\n<p> <a href=\"http:\/\/spacer.lempert.pl\/\" target=\"_blank\" rel=\"noopener\"><span style=\"color: #e47025\">http:\/\/spacer.lempert.pl\/<\/span><\/a><\/p>\n<p>\u201eLuna\u201c virtuv\u0117 \u2013 tai klasikinio ir stilingo stiliaus bald\u0173 komplektas, kuris tiks prie bet kokio interjero.<br \/>\nVirtuv\u0117je yra de\u0161imtys spinteli\u0173, i\u0161 kuri\u0173 galite susikurti savo komplekt\u0105.<br \/>\n\u012e rinkin\u012f \u012feina:<br \/>\nAuk\u0161tos kokyb\u0117s MDF fasadai<br \/>\nLaminuot\u0173 plok\u0161\u010di\u0173 korpusai<br \/>\nFasadai su \u0161velnaus u\u017edarymo sistema<br \/>\n\u201ePremium Box\u201c stal\u010diai su \u0161velnaus u\u017edarymo sistema<br \/>\nErdvios spintel\u0117s<br \/>\nSpintel\u0117s, sumontuotos ant korpus\u0173 be koj\u0173<br \/>\n\u012e komplekt\u0105 \u012feina amatinink\u0173 \u0105\u017euolin\u0117s cokolin\u0117s grindys<br \/>\nAuk\u0161ti postai<br \/>\n2,8 cm arba 3,8 cm storio stalvir\u0161iai, pagaminti naudojant pokalimo technologij\u0105, su ergonomi\u0161kai u\u017eapvalinta priekine dalimi (neb\u016btina)<br \/>\nVirtuv\u0117s specifikacijos:<br \/>\nPriekin\u0117s dalys: 16 mm MDF plok\u0161t\u0117s, matin\u0117s baltos spalvos, su frezuotu 1 mm ABS kra\u0161tu<br \/>\nRankenos: 192 mm metalin\u0117s<br \/>\nKorpusas: 16 mm Artisan \u0105\u017euolo laminuota plok\u0161t\u0117 su melamino kra\u0161tais<br \/>\n80 cm apatin\u0117 spintel\u0117 su Luna 80 ZL 1S BB PREMIUM BOX kriaukle \u2013 galite rinktis i\u0161 turim\u0173 3x15l spintel\u0117s konteineri\u0173<\/p>","protected":false},"excerpt":{"rendered":"<p>Plotis [cm]: 80<br \/>\nGylis be vir\u0161utinio sluoksnio [cm]: 52<br \/>\nGylis su stalvir\u0161iu [cm]: 60<br \/>\nPlotis [cm]: 80<br \/>\nAuk\u0161tis be vir\u0161utinio vir\u0161utinio sluoksnio [cm]: 82<\/p>","protected":false},"featured_media":322903,"comment_status":"open","ping_status":"open","template":"","meta":[],"product_brand":[],"product_cat":[9234,9118],"product_tag":[],"class_list":{"0":"post-322902","1":"product","2":"type-product","3":"status-publish","4":"has-post-thumbnail","6":"product_cat-stolarz-lempert","7":"product_cat-kitchen-cabinets","9":"first","10":"instock","11":"purchasable","12":"product-type-simple"},"_links":{"self":[{"href":"https:\/\/baldumarket.lt\/lt\/wp-json\/wp\/v2\/product\/322902","targetHints":{"allow":["GET"]}}],"collection":[{"href":"https:\/\/baldumarket.lt\/lt\/wp-json\/wp\/v2\/product"}],"about":[{"href":"https:\/\/baldumarket.lt\/lt\/wp-json\/wp\/v2\/types\/product"}],"replies":[{"embeddable":true,"href":"https:\/\/baldumarket.lt\/lt\/wp-json\/wp\/v2\/comments?post=322902"}],"wp:featuredmedia":[{"embeddable":true,"href":"https:\/\/baldumarket.lt\/lt\/wp-json\/wp\/v2\/media\/322903"}],"wp:attachment":[{"href":"https:\/\/baldumarket.lt\/lt\/wp-json\/wp\/v2\/media?parent=322902"}],"wp:term":[{"taxonomy":"product_brand","embeddable":true,"href":"https:\/\/baldumarket.lt\/lt\/wp-json\/wp\/v2\/product_brand?post=322902"},{"taxonomy":"product_cat","embeddable":true,"href":"https:\/\/baldumarket.lt\/lt\/wp-json\/wp\/v2\/product_cat?post=322902"},{"taxonomy":"product_tag","embeddable":true,"href":"https:\/\/baldumarket.lt\/lt\/wp-json\/wp\/v2\/product_tag?post=322902"}],"curies":[{"name":"wp","href":"https:\/\/api.w.org\/{rel}","templated":true}]}}