{"id":322814,"date":"2026-01-16T10:23:49","date_gmt":"2026-01-16T07:23:49","guid":{"rendered":"https:\/\/baldumarket.lt\/product\/szafka-dolna-60-cm-zlew-szuflada-lara-cappucino-60-zl-1s-bb-premium-box\/"},"modified":"2026-04-23T18:28:01","modified_gmt":"2026-04-23T15:28:01","slug":"szafka-dolna-60-cm-zlew-szuflada-lara-cappucino-60-zl-1s-bb-premium-box","status":"publish","type":"product","link":"https:\/\/baldumarket.lt\/lt\/product\/szafka-dolna-60-cm-zlew-szuflada-lara-cappucino-60-zl-1s-bb-premium-box\/","title":{"rendered":"Apatin\u0117 spintel\u0117 60 cm, kriaukl\u0117, stal\u010dius, Lara Cappucino 60 ZL 1S BB PREMIUM BOX"},"content":{"rendered":"<h5><span style=\"color: #54859b\">Apsilankykite m\u016bs\u0173 virtualioje Stolarz-Lempert prek\u0117s \u017eenklo parduotuv\u0117je<\/span><\/h5>\n<p> <a href=\"http:\/\/spacer.lempert.pl\/\" target=\"_blank\" rel=\"noopener\"><span style=\"color: #e47025\">http:\/\/spacer.lempert.pl\/<\/span><\/a><\/p>\n<p>Blizgan\u010dioje virtuv\u0117je \u201eLara\u201c yra modernus ir \u012fdomus spinteli\u0173 komplektas \u2013 virtuv\u0117s baldai, kurie tiks prie bet kokio interjero.<br \/>\nVirtuv\u0117je yra de\u0161imtys spinteli\u0173, i\u0161 kuri\u0173 galite susikurti savo komplekt\u0105.<br \/>\nPaprastos formos \u2013 puikus pasirinkimas moderniai virtuvei. Komplekt\u0105 sudaro:<br \/>\nauk\u0161tos kokyb\u0117s MDF fasadai<br \/>\nerdvios spintel\u0117s<br \/>\nmetalin\u0117s rankenos<br \/>\n2,8 cm arba 3,8 cm storio stalvir\u0161iai, pagaminti naudojant postformavimo technologij\u0105, su ergonomi\u0161kai u\u017eapvalinta priekine dalimi (neb\u016btina)<br \/>\nn\u0117ra kojeli\u0173 \u2013 spintel\u0117s stovi ant r\u0117m\u0173<br \/>\nfasadai \u2013 \u0161velnaus u\u017edarymo sistema<br \/>\n\u201eQuadro\u201c \u0161velnaus u\u017edarymo stal\u010di\u0173 sistema<br \/>\nVirtuv\u0117s spalvos:<br \/>\nPriekin\u0117 dalis: blizgi MDF plok\u0161t\u0117, kapu\u010dino spalvos<br \/>\nKorpusas: baltas<br \/>\nRankena: 128 Tur\u0117klai: Metalinis chromas<br \/>\nApatin\u0117 spintel\u0117 60 cm, Lara 60 ZL 1S BB PREMIUM BOX kriaukl\u0117 \u2013 spintelei galite rinktis i\u0161 1 x 15 l + 2 x 7 l talpos konteineri\u0173<\/p>","protected":false},"excerpt":{"rendered":"<p>Fasado tipas: Laminuota plok\u0161t\u0117 \/ MDF \/ Lakuota MDF<br \/>\nVirtuv\u0117s spalva: blizgi kapu\u010dino<br \/>\nVirtuv\u0117s stilius: Modernus<br \/>\nFasado tipas: Laminuota plok\u0161t\u0117 \/ MDF \/ Lakuota MDF<br \/>\nAuk\u0161tis be stalvir\u0161io [cm]: 82<\/p>","protected":false},"featured_media":322815,"comment_status":"open","ping_status":"open","template":"","meta":[],"product_brand":[],"product_cat":[9234,9118],"product_tag":[],"class_list":{"0":"post-322814","1":"product","2":"type-product","3":"status-publish","4":"has-post-thumbnail","6":"product_cat-stolarz-lempert","7":"product_cat-kitchen-cabinets","9":"first","10":"instock","11":"purchasable","12":"product-type-simple"},"_links":{"self":[{"href":"https:\/\/baldumarket.lt\/lt\/wp-json\/wp\/v2\/product\/322814","targetHints":{"allow":["GET"]}}],"collection":[{"href":"https:\/\/baldumarket.lt\/lt\/wp-json\/wp\/v2\/product"}],"about":[{"href":"https:\/\/baldumarket.lt\/lt\/wp-json\/wp\/v2\/types\/product"}],"replies":[{"embeddable":true,"href":"https:\/\/baldumarket.lt\/lt\/wp-json\/wp\/v2\/comments?post=322814"}],"wp:featuredmedia":[{"embeddable":true,"href":"https:\/\/baldumarket.lt\/lt\/wp-json\/wp\/v2\/media\/322815"}],"wp:attachment":[{"href":"https:\/\/baldumarket.lt\/lt\/wp-json\/wp\/v2\/media?parent=322814"}],"wp:term":[{"taxonomy":"product_brand","embeddable":true,"href":"https:\/\/baldumarket.lt\/lt\/wp-json\/wp\/v2\/product_brand?post=322814"},{"taxonomy":"product_cat","embeddable":true,"href":"https:\/\/baldumarket.lt\/lt\/wp-json\/wp\/v2\/product_cat?post=322814"},{"taxonomy":"product_tag","embeddable":true,"href":"https:\/\/baldumarket.lt\/lt\/wp-json\/wp\/v2\/product_tag?post=322814"}],"curies":[{"name":"wp","href":"https:\/\/api.w.org\/{rel}","templated":true}]}}