{"id":32273,"date":"2025-11-14T22:04:47","date_gmt":"2025-11-14T19:04:47","guid":{"rendered":"https:\/\/baldumarket.lt\/product\/finees-80-polka-czarny\/"},"modified":"2026-03-24T18:16:05","modified_gmt":"2026-03-24T15:16:05","slug":"finees-80-polka-czarny","status":"publish","type":"product","link":"https:\/\/baldumarket.lt\/lt\/product\/finees-80-polka-czarny\/","title":{"rendered":"Finees 80 lentyna juoda"},"content":{"rendered":"<p>Pakabinama lentyna \u201eFinees\u201c \u2013 eleganti\u0161kas ir prakti\u0161kas interjero dizaino elementas, puikiai atrodantis bet kuriame kambaryje. 80 cm ilgio, 15 cm auk\u0161\u010dio ir 15 cm gylio, ji idealiai tinka \u012fvairiems daiktams laikyti ir eksponuoti. D\u0117l kompakti\u0161ko dyd\u017eio j\u0105 puikiai galima tvirtinti prie sienos svetain\u0117se, miegamuosiuose, virtuv\u0117se ar koridoriuose. Minimalistinis dizainas papildo modern\u0173 interjer\u0105, suteikdamas jam lengvumo ir funkcionalumo. Ant lentynos galima sud\u0117ti knygas, dekoracijas, ma\u017eus augalus ir kitus smulkius daiktus, kuriuos norite laikyti po ranka arba eksponuoti. \u201eFinees\u201c lentyna yra tvirtos konstrukcijos ir lengvai surenkama, u\u017etikrinant patvarum\u0105 ir stabilum\u0105 naudojimo metu. Paprasta forma ir universalus stilius paver\u010dia j\u0105 prakti\u0161ku ir esteti\u0161ku j\u016bs\u0173 interjero papildymu.<\/p>","protected":false},"excerpt":{"rendered":"<p>Pakabinama lentyna \u201eFinees\u201c yra eleganti\u0161kas ir prakti\u0161kas interjero dizaino elementas, kuris puikiai atrodys bet kuriame kambaryje. 80 cm ilgio, 15 cm auk\u0161\u010dio ir 15 cm gylio ji idealiai tinka \u012fvairi\u0173 daikt\u0173 laikymui ir eksponavimui. D\u0117l kompakti\u0161ko dyd\u017eio j\u0105 puikiai galima tvirtinti prie sienos svetain\u0117se, miegamuosiuose, virtuv\u0117se, [\u2026]<\/p>","protected":false},"featured_media":32274,"comment_status":"open","ping_status":"open","template":"","meta":[],"product_brand":[],"product_cat":[2012,9169,1174],"product_tag":[],"class_list":{"0":"post-32273","1":"product","2":"type-product","3":"status-publish","4":"has-post-thumbnail","6":"product_cat-eltap","7":"product_cat-polki-eltap","8":"product_cat-hanging-shelves","10":"first","11":"instock","12":"purchasable","13":"product-type-simple"},"_links":{"self":[{"href":"https:\/\/baldumarket.lt\/lt\/wp-json\/wp\/v2\/product\/32273","targetHints":{"allow":["GET"]}}],"collection":[{"href":"https:\/\/baldumarket.lt\/lt\/wp-json\/wp\/v2\/product"}],"about":[{"href":"https:\/\/baldumarket.lt\/lt\/wp-json\/wp\/v2\/types\/product"}],"replies":[{"embeddable":true,"href":"https:\/\/baldumarket.lt\/lt\/wp-json\/wp\/v2\/comments?post=32273"}],"wp:featuredmedia":[{"embeddable":true,"href":"https:\/\/baldumarket.lt\/lt\/wp-json\/wp\/v2\/media\/32274"}],"wp:attachment":[{"href":"https:\/\/baldumarket.lt\/lt\/wp-json\/wp\/v2\/media?parent=32273"}],"wp:term":[{"taxonomy":"product_brand","embeddable":true,"href":"https:\/\/baldumarket.lt\/lt\/wp-json\/wp\/v2\/product_brand?post=32273"},{"taxonomy":"product_cat","embeddable":true,"href":"https:\/\/baldumarket.lt\/lt\/wp-json\/wp\/v2\/product_cat?post=32273"},{"taxonomy":"product_tag","embeddable":true,"href":"https:\/\/baldumarket.lt\/lt\/wp-json\/wp\/v2\/product_tag?post=32273"}],"curies":[{"name":"wp","href":"https:\/\/api.w.org\/{rel}","templated":true}]}}