{"id":32255,"date":"2025-11-14T22:04:01","date_gmt":"2025-11-14T19:04:01","guid":{"rendered":"https:\/\/baldumarket.lt\/product\/sunpedo-25-polka-dab-artisan\/"},"modified":"2026-03-24T18:16:13","modified_gmt":"2026-03-24T15:16:13","slug":"sunpedo-25-polka-dab-artisan","status":"publish","type":"product","link":"https:\/\/baldumarket.lt\/lt\/product\/sunpedo-25-polka-dab-artisan\/","title":{"rendered":"\u201eSunpedo 25 Artisan\u201c \u0105\u017euolo lentyna"},"content":{"rendered":"<p>\u201eSunpedo\u201c lentyna \u2013 tai modernus ir funkcionalus interjero dizaino elementas, sukurtas atsi\u017evelgiant \u012f elegancij\u0105 ir paprastum\u0105. 25 cm plo\u010dio, 25 cm gylio ir 120 cm auk\u0161\u010dio lentyna si\u016blo plon\u0105 ir auk\u0161t\u0105 daikt\u0173 laikymo ir eksponavimo sprendim\u0105. D\u0117l vertikalios formos ji puikiai tinka ma\u017eesn\u0117ms erdv\u0117ms, kur svarbu maksimaliai i\u0161naudoti turim\u0105 erdv\u0119. J\u0105 galima pastatyti svetain\u0117je, miegamajame, koridoriuje ar net biure, suteikiant interjerui modernumo. Ji puikiai tinka knygoms, dekoracijoms, nuotraukoms ir net augalams eksponuoti.<\/p>","protected":false},"excerpt":{"rendered":"<p>\u201eSunpedo\u201c lentyna \u2013 tai modernus ir funkcionalus interjero dizaino elementas, sukurtas atsi\u017evelgiant \u012f elegancij\u0105 ir paprastum\u0105. 25 cm plo\u010dio, 25 cm gylio ir 120 cm auk\u0161\u010dio lentyna si\u016blo plon\u0105 ir auk\u0161t\u0105 daikt\u0173 laikymo ir eksponavimo sprendim\u0105. D\u0117l vertikalios formos ji puikiai tinka ma\u017eesn\u0117ms erdv\u0117ms, kur norima maksimaliai i\u0161naudoti turim\u0105 erdv\u0119 [\u2026]<\/p>","protected":false},"featured_media":32256,"comment_status":"open","ping_status":"open","template":"","meta":[],"product_brand":[],"product_cat":[2012,9169,1174],"product_tag":[],"class_list":{"0":"post-32255","1":"product","2":"type-product","3":"status-publish","4":"has-post-thumbnail","6":"product_cat-eltap","7":"product_cat-polki-eltap","8":"product_cat-hanging-shelves","10":"first","11":"instock","12":"purchasable","13":"product-type-simple"},"_links":{"self":[{"href":"https:\/\/baldumarket.lt\/lt\/wp-json\/wp\/v2\/product\/32255","targetHints":{"allow":["GET"]}}],"collection":[{"href":"https:\/\/baldumarket.lt\/lt\/wp-json\/wp\/v2\/product"}],"about":[{"href":"https:\/\/baldumarket.lt\/lt\/wp-json\/wp\/v2\/types\/product"}],"replies":[{"embeddable":true,"href":"https:\/\/baldumarket.lt\/lt\/wp-json\/wp\/v2\/comments?post=32255"}],"wp:featuredmedia":[{"embeddable":true,"href":"https:\/\/baldumarket.lt\/lt\/wp-json\/wp\/v2\/media\/32256"}],"wp:attachment":[{"href":"https:\/\/baldumarket.lt\/lt\/wp-json\/wp\/v2\/media?parent=32255"}],"wp:term":[{"taxonomy":"product_brand","embeddable":true,"href":"https:\/\/baldumarket.lt\/lt\/wp-json\/wp\/v2\/product_brand?post=32255"},{"taxonomy":"product_cat","embeddable":true,"href":"https:\/\/baldumarket.lt\/lt\/wp-json\/wp\/v2\/product_cat?post=32255"},{"taxonomy":"product_tag","embeddable":true,"href":"https:\/\/baldumarket.lt\/lt\/wp-json\/wp\/v2\/product_tag?post=32255"}],"curies":[{"name":"wp","href":"https:\/\/api.w.org\/{rel}","templated":true}]}}