{"id":322494,"date":"2026-01-16T10:19:11","date_gmt":"2026-01-16T07:19:11","guid":{"rendered":"https:\/\/baldumarket.lt\/product\/stolik-szafka-rtv-z-szafkami-i-szuflada-tokyo-2k1s-czarna\/"},"modified":"2026-03-23T13:00:26","modified_gmt":"2026-03-23T10:00:26","slug":"stolik-szafka-rtv-z-szafkami-i-szuflada-tokyo-2k1s-czarna","status":"publish","type":"product","link":"https:\/\/baldumarket.lt\/lt\/product\/stolik-szafka-rtv-z-szafkami-i-szuflada-tokyo-2k1s-czarna\/","title":{"rendered":"TV staliukas su spintel\u0117mis ir stal\u010diumi Tokyo 2K1S juodas"},"content":{"rendered":"<h5><span style=\"color: #54859b\">Apsilankykite m\u016bs\u0173 virtualioje Stolarz-Lempert prek\u0117s \u017eenklo parduotuv\u0117je<\/span><\/h5>\n<p> <a href=\"http:\/\/spacer.lempert.pl\/\" target=\"_blank\" rel=\"noopener\"><span style=\"color: #e47025\">http:\/\/spacer.lempert.pl\/<\/span><\/a><\/p>\n<p>\u201eTokyo\u201c kolekcija buvo sukurta atsi\u017evelgiant \u012f dabartines tendencijas \u2013 auk\u0161tos, auksin\u0117s kojel\u0117s (trys variantai), geometrin\u0117 forma ir juoda spalva pabr\u0117\u017eia lofto stili\u0173, moderni\u0105 estetik\u0105.<br \/>\nSistemos parametrai:<br \/>\nPriekin\u0117s dalys pagamintos i\u0161 16 mm storio laminuotos plok\u0161t\u0117s \u2013 matin\u0117s juodos tekst\u016bros<br \/>\nKorpusas pagamintas i\u0161 16 mm laminuotos plok\u0161t\u0117s \u2013 matin\u0117s juodos tekst\u016bros<br \/>\nABS apvadai<br \/>\nNugara \u2013 2,5 mm HDF<br \/>\nMetalin\u0117s kojos: r\u0117mas \u2013 27,50 cm, tiesios kojos \u2013 15 cm, j\u016bros \u017evaig\u017ed\u0117s formos kojos \u2013 13,5 cm<br \/>\nKoj\u0173 spalva: auksin\u0117<br \/>\n\u0160iltas 2 ta\u0161k\u0173 LED ap\u0161vietimas (neprivaloma)<br \/>\nRutulini\u0173 guoli\u0173 b\u0117gikai<br \/>\nGN56 rankenos \u2013 auksin\u0117s<br \/>\nN\u0117ra \u0161velnaus u\u017edarymo<br \/>\n\u201eTokyo 2K1S\u201c televizoriaus staliukas, juodas \u2013 turi dvi spinteles \u2013 atvartus, stal\u010di\u0173 ir ni\u0161\u0105.<br \/>\nPastaba: Galimi koj\u0173 variantai: j\u016br\u0173 \u017evaig\u017ed\u0117s formos, tiesios arba r\u0117min\u0117s, auksin\u0117s spalvos \u2013 auk\u0161tis priklauso nuo pasirinkto koj\u0173 varianto arba pakabinimo varianto.<\/p>","protected":false},"excerpt":{"rendered":"<p>Plotis [cm]: 180<br \/>\nAuk\u0161tis [cm]: 35 ~<br \/>\ngylis [cm]: 41<\/p>","protected":false},"featured_media":322495,"comment_status":"open","ping_status":"open","template":"","meta":[],"product_brand":[],"product_cat":[9234,1175],"product_tag":[],"class_list":{"0":"post-322494","1":"product","2":"type-product","3":"status-publish","4":"has-post-thumbnail","6":"product_cat-stolarz-lempert","7":"product_cat-tv-stands","9":"first","10":"instock","11":"purchasable","12":"product-type-simple"},"_links":{"self":[{"href":"https:\/\/baldumarket.lt\/lt\/wp-json\/wp\/v2\/product\/322494","targetHints":{"allow":["GET"]}}],"collection":[{"href":"https:\/\/baldumarket.lt\/lt\/wp-json\/wp\/v2\/product"}],"about":[{"href":"https:\/\/baldumarket.lt\/lt\/wp-json\/wp\/v2\/types\/product"}],"replies":[{"embeddable":true,"href":"https:\/\/baldumarket.lt\/lt\/wp-json\/wp\/v2\/comments?post=322494"}],"wp:featuredmedia":[{"embeddable":true,"href":"https:\/\/baldumarket.lt\/lt\/wp-json\/wp\/v2\/media\/322495"}],"wp:attachment":[{"href":"https:\/\/baldumarket.lt\/lt\/wp-json\/wp\/v2\/media?parent=322494"}],"wp:term":[{"taxonomy":"product_brand","embeddable":true,"href":"https:\/\/baldumarket.lt\/lt\/wp-json\/wp\/v2\/product_brand?post=322494"},{"taxonomy":"product_cat","embeddable":true,"href":"https:\/\/baldumarket.lt\/lt\/wp-json\/wp\/v2\/product_cat?post=322494"},{"taxonomy":"product_tag","embeddable":true,"href":"https:\/\/baldumarket.lt\/lt\/wp-json\/wp\/v2\/product_tag?post=322494"}],"curies":[{"name":"wp","href":"https:\/\/api.w.org\/{rel}","templated":true}]}}