{"id":322366,"date":"2026-01-16T10:17:22","date_gmt":"2026-01-16T07:17:22","guid":{"rendered":"https:\/\/baldumarket.lt\/product\/stolik-szafka-rtv-z-szafkami-tokyo-3k-eucaliptus\/"},"modified":"2026-03-23T13:00:26","modified_gmt":"2026-03-23T10:00:26","slug":"stolik-szafka-rtv-z-szafkami-tokyo-3k-eucaliptus","status":"publish","type":"product","link":"https:\/\/baldumarket.lt\/lt\/product\/stolik-szafka-rtv-z-szafkami-tokyo-3k-eucaliptus\/","title":{"rendered":"TV staliukas su spintel\u0117mis Tokyo 3K eukalipto spalvos"},"content":{"rendered":"<h5><span style=\"color: #54859b\">Apsilankykite m\u016bs\u0173 virtualioje Stolarz-Lempert prek\u0117s \u017eenklo parduotuv\u0117je<\/span><\/h5>\n<p> <a href=\"http:\/\/spacer.lempert.pl\/\" target=\"_blank\" rel=\"noopener\"><span style=\"color: #e47025\">http:\/\/spacer.lempert.pl\/<\/span><\/a><\/p>\n<p>\u201eTokyo\u201c kolekcija buvo sukurta atsi\u017evelgiant \u012f dabartines tendencijas \u2013 auk\u0161tos, juodos kojel\u0117s (trys variantai), geometrin\u0117 forma ir eukalipto spalva pabr\u0117\u017eia skandinavi\u0161k\u0105 ir modern\u0173 stili\u0173.<br \/>\nSistemos parametrai:<br \/>\nPriekin\u0117s dalys pagamintos i\u0161 16 mm laminuotos plok\u0161t\u0117s \u2013 eukalipto tekst\u016bra<br \/>\nKorpusas pagamintas i\u0161 16 mm laminuotos plok\u0161t\u0117s \u2013 eukalipto tekst\u016bra<br \/>\nABS apvadai<br \/>\nNugara \u2013 2,5 mm HDF<br \/>\nMetalin\u0117s kojos: r\u0117mas \u2013 27,50 cm, tiesios kojos \u2013 15 cm, j\u016bros \u017evaig\u017ed\u0117s formos kojos \u2013 13,5 cm<br \/>\nKoj\u0173 spalva: juoda<br \/>\n\u0160iltas 2 ta\u0161k\u0173 LED ap\u0161vietimas (neprivaloma)<br \/>\nRutulini\u0173 guoli\u0173 b\u0117gikai<br \/>\nGN56 rankenos \u2013 juodos<br \/>\nN\u0117ra \u0161velnaus u\u017edarymo<br \/>\n\u201eTokyo 3K Eucaliptus\u201c televizoriaus staliukas \u2013 turi tris spinteles su atvartais.<br \/>\nPastaba: Galimi koj\u0173 variantai: j\u016br\u0173 \u017evaig\u017ed\u0117s formos, tiesios arba r\u0117min\u0117s, juodos \u2013 auk\u0161tis priklauso nuo pasirinkto koj\u0173 varianto arba pakabinimo varianto.<\/p>","protected":false},"excerpt":{"rendered":"<p>Plotis [cm]: 180<br \/>\nAuk\u0161tis [cm]: 35 ~<br \/>\ngylis [cm]: 41<\/p>","protected":false},"featured_media":322367,"comment_status":"open","ping_status":"open","template":"","meta":[],"product_brand":[],"product_cat":[9234,1175],"product_tag":[],"class_list":{"0":"post-322366","1":"product","2":"type-product","3":"status-publish","4":"has-post-thumbnail","6":"product_cat-stolarz-lempert","7":"product_cat-tv-stands","9":"first","10":"instock","11":"purchasable","12":"product-type-simple"},"_links":{"self":[{"href":"https:\/\/baldumarket.lt\/lt\/wp-json\/wp\/v2\/product\/322366","targetHints":{"allow":["GET"]}}],"collection":[{"href":"https:\/\/baldumarket.lt\/lt\/wp-json\/wp\/v2\/product"}],"about":[{"href":"https:\/\/baldumarket.lt\/lt\/wp-json\/wp\/v2\/types\/product"}],"replies":[{"embeddable":true,"href":"https:\/\/baldumarket.lt\/lt\/wp-json\/wp\/v2\/comments?post=322366"}],"wp:featuredmedia":[{"embeddable":true,"href":"https:\/\/baldumarket.lt\/lt\/wp-json\/wp\/v2\/media\/322367"}],"wp:attachment":[{"href":"https:\/\/baldumarket.lt\/lt\/wp-json\/wp\/v2\/media?parent=322366"}],"wp:term":[{"taxonomy":"product_brand","embeddable":true,"href":"https:\/\/baldumarket.lt\/lt\/wp-json\/wp\/v2\/product_brand?post=322366"},{"taxonomy":"product_cat","embeddable":true,"href":"https:\/\/baldumarket.lt\/lt\/wp-json\/wp\/v2\/product_cat?post=322366"},{"taxonomy":"product_tag","embeddable":true,"href":"https:\/\/baldumarket.lt\/lt\/wp-json\/wp\/v2\/product_tag?post=322366"}],"curies":[{"name":"wp","href":"https:\/\/api.w.org\/{rel}","templated":true}]}}