{"id":32209,"date":"2025-11-14T22:01:53","date_gmt":"2025-11-14T19:01:53","guid":{"rendered":"https:\/\/baldumarket.lt\/product\/vissta-60-polka-dab-artisan\/"},"modified":"2026-03-24T18:16:13","modified_gmt":"2026-03-24T15:16:13","slug":"vissta-60-polka-dab-artisan","status":"publish","type":"product","link":"https:\/\/baldumarket.lt\/lt\/product\/vissta-60-polka-dab-artisan\/","title":{"rendered":"\u201eVissta 60 Artisan\u201c \u0105\u017euolin\u0117 lentyna"},"content":{"rendered":"<p>Pakabinama lentyna \u201eVissta\u201c \u2013 puikus sprendimas tiems, kurie vertina modern\u0173, minimalistin\u012f dizain\u0105, kuris puikiai dera prie skandinavi\u0161ko stiliaus interjero. \u201eVissta\u201c \u2013 tai universalus dekoratyvinis elementas, tinkantis tiek svetain\u0117ms, tiek miegamiesiems, tiek biurams. Paprasta, ta\u010diau moderni forma puikiai i\u0161ry\u0161kins j\u016bs\u0173 m\u0117gstamiausias dekoracijas, knygas ar nuotraukas. D\u0117l minimalistinio dizaino lentyna neu\u017ego\u017eia interjero, o subtiliai j\u012f papildo, suteikdama erdvei eleganti\u0161k\u0105 i\u0161vaizd\u0105. Lentyna pagaminta i\u0161 auk\u0161tos kokyb\u0117s 16 mm laminuotos med\u017eio dro\u017eli\u0173 plok\u0161t\u0117s, u\u017etikrinan\u010dios patvarum\u0105 ir atsparum\u0105 kasdieniam naudojimui. Lentynos priekis apdailintas prie dekoro deran\u010dia PVC apdaila, suteikian\u010dia jai vienod\u0105 ir esteti\u0161kai patraukli\u0105 i\u0161vaizd\u0105.<\/p>","protected":false},"excerpt":{"rendered":"<p>Pakabinama lentyna \u201eVissta\u201c \u2013 puikus sprendimas tiems, kurie vertina modern\u0173, minimalistin\u012f dizain\u0105, kuris puikiai dera prie skandinavi\u0161ko stiliaus interjero. \u201eVissta\u201c \u2013 tai universalus dekoratyvinis elementas, tinkantis tiek svetain\u0117ms, tiek miegamiesiems, tiek biurams. Paprasta, bet moderni forma puikiai i\u0161ry\u0161kins j\u016bs\u0173 m\u0117gstamiausias dekoracijas, knygas ar nuotraukas. D\u0117l minimalistinio dizaino lentyna [\u2026]<\/p>","protected":false},"featured_media":32210,"comment_status":"open","ping_status":"open","template":"","meta":[],"product_brand":[],"product_cat":[2012,9169,1174],"product_tag":[],"class_list":{"0":"post-32209","1":"product","2":"type-product","3":"status-publish","4":"has-post-thumbnail","6":"product_cat-eltap","7":"product_cat-polki-eltap","8":"product_cat-hanging-shelves","9":"pa_frame-material-undefined","10":"pa_frame-material-type-undefined","11":"pa_leg-color-undefined","12":"pa_leg-material-undefined","13":"pa_linen-box-undefined","14":"pa_main-color-artisan-oak","15":"pa_price-group-basic","16":"pa_seat-depth-undefined","17":"pa_seat-width-undefined","18":"pa_sleep-function-undefined","19":"pa_sleeping-area-length-undefined","20":"pa_sleeping-area-width-undefined","21":"pa_style-modern","22":"pa_textile-dab-artisan","23":"pa_upholstery-material-undefined","25":"first","26":"instock","27":"purchasable","28":"product-type-simple"},"_links":{"self":[{"href":"https:\/\/baldumarket.lt\/lt\/wp-json\/wp\/v2\/product\/32209","targetHints":{"allow":["GET"]}}],"collection":[{"href":"https:\/\/baldumarket.lt\/lt\/wp-json\/wp\/v2\/product"}],"about":[{"href":"https:\/\/baldumarket.lt\/lt\/wp-json\/wp\/v2\/types\/product"}],"replies":[{"embeddable":true,"href":"https:\/\/baldumarket.lt\/lt\/wp-json\/wp\/v2\/comments?post=32209"}],"wp:featuredmedia":[{"embeddable":true,"href":"https:\/\/baldumarket.lt\/lt\/wp-json\/wp\/v2\/media\/32210"}],"wp:attachment":[{"href":"https:\/\/baldumarket.lt\/lt\/wp-json\/wp\/v2\/media?parent=32209"}],"wp:term":[{"taxonomy":"product_brand","embeddable":true,"href":"https:\/\/baldumarket.lt\/lt\/wp-json\/wp\/v2\/product_brand?post=32209"},{"taxonomy":"product_cat","embeddable":true,"href":"https:\/\/baldumarket.lt\/lt\/wp-json\/wp\/v2\/product_cat?post=32209"},{"taxonomy":"product_tag","embeddable":true,"href":"https:\/\/baldumarket.lt\/lt\/wp-json\/wp\/v2\/product_tag?post=32209"}],"curies":[{"name":"wp","href":"https:\/\/api.w.org\/{rel}","templated":true}]}}