{"id":321956,"date":"2026-01-16T10:11:22","date_gmt":"2026-01-16T07:11:22","guid":{"rendered":"https:\/\/baldumarket.lt\/product\/szafa-czterodrzwiowa-kaja-ev-ev-2-z-lustrami-2f-3s\/"},"modified":"2026-04-23T18:30:04","modified_gmt":"2026-04-23T15:30:04","slug":"szafa-czterodrzwiowa-kaja-ev-ev-2-z-lustrami-2f-3s","status":"publish","type":"product","link":"https:\/\/baldumarket.lt\/lt\/product\/szafa-czterodrzwiowa-kaja-ev-ev-2-z-lustrami-2f-3s\/","title":{"rendered":"Kaja EV\/EV 2 keturi\u0173 dur\u0173 spinta su veidrod\u017eiais 2F 3S"},"content":{"rendered":"<h5><span style=\"color: #54859b\">Apsilankykite m\u016bs\u0173 virtualioje Stolarz-Lempert prek\u0117s \u017eenklo parduotuv\u0117je<\/span><\/h5>\n<p> <a href=\"http:\/\/spacer.lempert.pl\/\" target=\"_blank\" rel=\"noopener\"><span style=\"color: #e47025\">http:\/\/spacer.lempert.pl\/<\/span><\/a><\/p>\n<p>Keturi\u0173 dur\u0173 spinta pagaminta i\u0161 laminuotos plok\u0161t\u0117s ir turi du veidrod\u017eius, lentynas, pakab\u0105 spintel\u0117ms ir tris stal\u010dius. Parametrai:<br \/>\nLentos tipas, storis<br \/>\nKorpusas \u2013 16 mm laminuota plok\u0161t\u0117 \u2013 \u201eEvoke Oak\u201c<br \/>\nNugara \u2013 2,5 mm HDF \u2013 juoda<br \/>\nPriekin\u0117 dalis \u2013 16 mm laminuota plok\u0161t\u0117 \u2013 \u201eEvoke Oak\u201c + 3 mm veidrod\u017eiai<br \/>\nApvado tipas<br \/>\nKorpusas \u2013 melaminas \/ ABS<br \/>\nPriekin\u0117 dalis \u2013 ABS<br \/>\nKojos<br \/>\nVienas 6,5 mm slydiklis<br \/>\nRankenos<br \/>\nModelis UA-HEXA-256-20M, tarpas 256 mm \/ aliuminis<br \/>\nAp\u0161vietimas<br \/>\nLED juostel\u0117 (neb\u016btina) \u2013 15 x 15 profilis 2275 mm, \u0161iltos spalvos<br \/>\nStal\u010di\u0173 sistema \u2013 Quadro b\u0117gelis<br \/>\nSpalva:<br \/>\nFasadas \u2013 16 mm laminuota plok\u0161t\u0117 \u2013 \u201eEvoke Oak\u201c<br \/>\nKorpusas \u2013 16 mm laminuota plok\u0161t\u0117 \u2013 \u201eEvoke Oak\u201c<br \/>\nSvoris: 232 kg<\/p>","protected":false},"excerpt":{"rendered":"<p>Plotis [cm]: 200<br \/>\nAuk\u0161tis [cm]: 239<br \/>\ngylis [cm]: 62<\/p>","protected":false},"featured_media":321957,"comment_status":"open","ping_status":"open","template":"","meta":[],"product_brand":[],"product_cat":[9234,1177],"product_tag":[],"class_list":{"0":"post-321956","1":"product","2":"type-product","3":"status-publish","4":"has-post-thumbnail","6":"product_cat-stolarz-lempert","7":"product_cat-wardrobes","9":"first","10":"instock","11":"purchasable","12":"product-type-simple"},"_links":{"self":[{"href":"https:\/\/baldumarket.lt\/lt\/wp-json\/wp\/v2\/product\/321956","targetHints":{"allow":["GET"]}}],"collection":[{"href":"https:\/\/baldumarket.lt\/lt\/wp-json\/wp\/v2\/product"}],"about":[{"href":"https:\/\/baldumarket.lt\/lt\/wp-json\/wp\/v2\/types\/product"}],"replies":[{"embeddable":true,"href":"https:\/\/baldumarket.lt\/lt\/wp-json\/wp\/v2\/comments?post=321956"}],"wp:featuredmedia":[{"embeddable":true,"href":"https:\/\/baldumarket.lt\/lt\/wp-json\/wp\/v2\/media\/321957"}],"wp:attachment":[{"href":"https:\/\/baldumarket.lt\/lt\/wp-json\/wp\/v2\/media?parent=321956"}],"wp:term":[{"taxonomy":"product_brand","embeddable":true,"href":"https:\/\/baldumarket.lt\/lt\/wp-json\/wp\/v2\/product_brand?post=321956"},{"taxonomy":"product_cat","embeddable":true,"href":"https:\/\/baldumarket.lt\/lt\/wp-json\/wp\/v2\/product_cat?post=321956"},{"taxonomy":"product_tag","embeddable":true,"href":"https:\/\/baldumarket.lt\/lt\/wp-json\/wp\/v2\/product_tag?post=321956"}],"curies":[{"name":"wp","href":"https:\/\/api.w.org\/{rel}","templated":true}]}}