{"id":32194,"date":"2025-11-14T22:01:20","date_gmt":"2025-11-14T19:01:20","guid":{"rendered":"https:\/\/baldumarket.lt\/product\/vellia-80-polka-dab-artisan\/"},"modified":"2026-03-24T18:16:20","modified_gmt":"2026-03-24T15:16:20","slug":"vellia-80-polka-dab-artisan","status":"publish","type":"product","link":"https:\/\/baldumarket.lt\/lt\/product\/vellia-80-polka-dab-artisan\/","title":{"rendered":"Vellia 80 Artisan \u0105\u017euolin\u0117 lentyna"},"content":{"rendered":"<p>\u201eVellia\u201c lentyna \u2013 tobulas modernaus stiliaus ir funkcionalumo derinys. Sukurta interjerams, kuriuose dera paprastumas ir elegancija, minimalistinis dizainas puikiai papildo skandinavi\u0161k\u0105 dekor\u0105 ir suteikia bet kokiam kambariui subtilaus \u017eavesio. Paprasta, ta\u010diau moderni \u201eVellia\u201c forma puikiai i\u0161ry\u0161kina knygas, dekoracijas ir kitus nieku\u010dius. Galima \u012fsigyti trij\u0173 klasikini\u0173 spalv\u0173 \u2013 \u201eArtisan Oak\u201c, juodos ir baltos \u2013 lentyna lengvai dera prie \u012fvairi\u0173 interjero dizain\u0173, suteikdama jiems unikal\u0173 charakter\u012f. Pagaminta i\u0161 patvarios 16 mm laminuotos med\u017eio dro\u017eli\u0173 plok\u0161t\u0117s, \u201eVellia\u201c lentyna yra tvirta ir esteti\u0161kai patraukli. Apdaila su deran\u010diu PVC kra\u0161tu ne tik suteikia elegancijos, bet ir apsaugo nuo pa\u017eeidim\u0173, tod\u0117l tai idealus pasirinkimas ateinantiems metams.<\/p>","protected":false},"excerpt":{"rendered":"<p>\u201eVellia\u201c lentyna \u2013 tobulas modernaus stiliaus ir funkcionalumo derinys. Sukurta interjerams, kuriuose dera paprastumas ir elegancija, jos minimalistinis dizainas puikiai papildo skandinavi\u0161k\u0105 dekor\u0105, suteikdamas bet kokiam kambariui subtilaus \u017eavesio. Paprasta, bet moderni \u201eVellia\u201c forma puikiai i\u0161ry\u0161kina knygas, dekoracijas ir kitus nieku\u010dius. Galima \u012fsigyti trij\u0173 klasikini\u0173 [\u2026]<\/p>","protected":false},"featured_media":32195,"comment_status":"open","ping_status":"open","template":"","meta":[],"product_brand":[],"product_cat":[2012,9169,1174],"product_tag":[],"class_list":{"0":"post-32194","1":"product","2":"type-product","3":"status-publish","4":"has-post-thumbnail","6":"product_cat-eltap","7":"product_cat-polki-eltap","8":"product_cat-hanging-shelves","9":"pa_frame-material-undefined","10":"pa_frame-material-type-undefined","11":"pa_leg-color-undefined","12":"pa_leg-material-undefined","13":"pa_linen-box-undefined","14":"pa_main-color-artisan-oak","15":"pa_price-group-basic","16":"pa_seat-depth-undefined","17":"pa_seat-width-undefined","18":"pa_sleep-function-undefined","19":"pa_sleeping-area-length-undefined","20":"pa_sleeping-area-width-undefined","21":"pa_style-modern","22":"pa_textile-dab-artisan","23":"pa_upholstery-material-undefined","25":"first","26":"instock","27":"purchasable","28":"product-type-simple"},"_links":{"self":[{"href":"https:\/\/baldumarket.lt\/lt\/wp-json\/wp\/v2\/product\/32194","targetHints":{"allow":["GET"]}}],"collection":[{"href":"https:\/\/baldumarket.lt\/lt\/wp-json\/wp\/v2\/product"}],"about":[{"href":"https:\/\/baldumarket.lt\/lt\/wp-json\/wp\/v2\/types\/product"}],"replies":[{"embeddable":true,"href":"https:\/\/baldumarket.lt\/lt\/wp-json\/wp\/v2\/comments?post=32194"}],"wp:featuredmedia":[{"embeddable":true,"href":"https:\/\/baldumarket.lt\/lt\/wp-json\/wp\/v2\/media\/32195"}],"wp:attachment":[{"href":"https:\/\/baldumarket.lt\/lt\/wp-json\/wp\/v2\/media?parent=32194"}],"wp:term":[{"taxonomy":"product_brand","embeddable":true,"href":"https:\/\/baldumarket.lt\/lt\/wp-json\/wp\/v2\/product_brand?post=32194"},{"taxonomy":"product_cat","embeddable":true,"href":"https:\/\/baldumarket.lt\/lt\/wp-json\/wp\/v2\/product_cat?post=32194"},{"taxonomy":"product_tag","embeddable":true,"href":"https:\/\/baldumarket.lt\/lt\/wp-json\/wp\/v2\/product_tag?post=32194"}],"curies":[{"name":"wp","href":"https:\/\/api.w.org\/{rel}","templated":true}]}}