{"id":321935,"date":"2026-01-16T10:11:03","date_gmt":"2026-01-16T07:11:03","guid":{"rendered":"https:\/\/baldumarket.lt\/product\/szafa-czterodrzwiowa-kaja-ev-bl-4f-3s\/"},"modified":"2026-04-23T18:30:15","modified_gmt":"2026-04-23T15:30:15","slug":"szafa-czterodrzwiowa-kaja-ev-bl-4f-3s","status":"publish","type":"product","link":"https:\/\/baldumarket.lt\/lt\/product\/szafa-czterodrzwiowa-kaja-ev-bl-4f-3s\/","title":{"rendered":"Kaja EV\/BL 4F 3S keturi\u0173 dur\u0173 spinta"},"content":{"rendered":"<h5><span style=\"color: #54859b\">Apsilankykite m\u016bs\u0173 virtualioje Stolarz-Lempert prek\u0117s \u017eenklo parduotuv\u0117je<\/span><\/h5>\n<p> <a href=\"http:\/\/spacer.lempert.pl\/\" target=\"_blank\" rel=\"noopener\"><span style=\"color: #e47025\">http:\/\/spacer.lempert.pl\/<\/span><\/a><\/p>\n<p>Keturi\u0173 dur\u0173 spinta pagaminta i\u0161 laminuotos plok\u0161t\u0117s ir turi lentynas, pakab\u0105 pakabinimui ir tris stal\u010dius.<br \/>\nParametrai:<br \/>\nLentos tipas, storis:<br \/>\nKorpusas \u2013 16 mm laminuota plok\u0161t\u0117 \u2013 \u201eEvoke Oak\u201c<br \/>\nNugara \u2013 2,5 mm HDF \u2013 juoda<br \/>\nPriekin\u0117 dalis \u2013 16 mm laminuota plok\u0161t\u0117 \u2013 matin\u0117 juoda<br \/>\nApvadas:<br \/>\nKorpusas \u2013 melaminas \/ ABS<br \/>\nPriekin\u0117 dalis \u2013 ABS<br \/>\nKojos:<br \/>\n6,5 mm viengubas slydiklis<br \/>\nRankenos:<br \/>\nModelis: UA-HEXA-256-20M, tarpas: 256 mm \/ aliuminis<br \/>\nAp\u0161vietimas:<br \/>\nLED juostel\u0117 (neprivaloma) \u2013 15 x 15, 2275 mm profilis, \u0161iltos spalvos<br \/>\nStal\u010di\u0173 sistema: Quadro b\u0117gelis<br \/>\nSpalva:<br \/>\nPriekin\u0117s dalys \u2013 16 mm laminuota plok\u0161t\u0117 \u2013 matin\u0117 juoda<br \/>\nKorpusas \u2013 16 mm laminuota plok\u0161t\u0117 \u2013 \u201eEvoke Oak\u201c<br \/>\nSvoris: 215 kg<\/p>","protected":false},"excerpt":{"rendered":"<p>Plotis [cm]: 200<br \/>\nAuk\u0161tis [cm]: 239<br \/>\ngylis [cm]: 62<\/p>","protected":false},"featured_media":321936,"comment_status":"open","ping_status":"open","template":"","meta":[],"product_brand":[],"product_cat":[9234,1177],"product_tag":[],"class_list":{"0":"post-321935","1":"product","2":"type-product","3":"status-publish","4":"has-post-thumbnail","6":"product_cat-stolarz-lempert","7":"product_cat-wardrobes","9":"first","10":"instock","11":"purchasable","12":"product-type-simple"},"_links":{"self":[{"href":"https:\/\/baldumarket.lt\/lt\/wp-json\/wp\/v2\/product\/321935","targetHints":{"allow":["GET"]}}],"collection":[{"href":"https:\/\/baldumarket.lt\/lt\/wp-json\/wp\/v2\/product"}],"about":[{"href":"https:\/\/baldumarket.lt\/lt\/wp-json\/wp\/v2\/types\/product"}],"replies":[{"embeddable":true,"href":"https:\/\/baldumarket.lt\/lt\/wp-json\/wp\/v2\/comments?post=321935"}],"wp:featuredmedia":[{"embeddable":true,"href":"https:\/\/baldumarket.lt\/lt\/wp-json\/wp\/v2\/media\/321936"}],"wp:attachment":[{"href":"https:\/\/baldumarket.lt\/lt\/wp-json\/wp\/v2\/media?parent=321935"}],"wp:term":[{"taxonomy":"product_brand","embeddable":true,"href":"https:\/\/baldumarket.lt\/lt\/wp-json\/wp\/v2\/product_brand?post=321935"},{"taxonomy":"product_cat","embeddable":true,"href":"https:\/\/baldumarket.lt\/lt\/wp-json\/wp\/v2\/product_cat?post=321935"},{"taxonomy":"product_tag","embeddable":true,"href":"https:\/\/baldumarket.lt\/lt\/wp-json\/wp\/v2\/product_tag?post=321935"}],"curies":[{"name":"wp","href":"https:\/\/api.w.org\/{rel}","templated":true}]}}