{"id":321890,"date":"2026-01-16T10:10:22","date_gmt":"2026-01-16T07:10:22","guid":{"rendered":"https:\/\/baldumarket.lt\/product\/szafa-z-lustrami-i-szufladami-elena-4d-6s-lustro-bialy-mat\/"},"modified":"2026-04-23T18:30:15","modified_gmt":"2026-04-23T15:30:15","slug":"szafa-z-lustrami-i-szufladami-elena-4d-6s-lustro-bialy-mat","status":"publish","type":"product","link":"https:\/\/baldumarket.lt\/lt\/product\/szafa-z-lustrami-i-szufladami-elena-4d-6s-lustro-bialy-mat\/","title":{"rendered":"Spinta su veidrod\u017eiais ir stal\u010diais Elena 4D 6S \u2013 veidrodis baltas matinis"},"content":{"rendered":"<h5><span style=\"color: #54859b\">Apsilankykite m\u016bs\u0173 virtualioje Stolarz-Lempert prek\u0117s \u017eenklo parduotuv\u0117je<\/span><\/h5>\n<p> <a href=\"http:\/\/spacer.lempert.pl\/\" target=\"_blank\" rel=\"noopener\"><span style=\"color: #e47025\">http:\/\/spacer.lempert.pl\/<\/span><\/a><\/p>\n<p>Keturi\u0173 dur\u0173 spinta pagaminta i\u0161 laminuotos plok\u0161t\u0117s, dviejuose fasaduose yra veidrod\u017eiai, u\u017e centrini\u0173 fasad\u0173 \u2013 b\u0117gelis, o ant i\u0161orini\u0173 dureli\u0173 \u2013 lentynos ir \u0161e\u0161i stal\u010diai.<br \/>\nSpinta galima u\u017esisakyti su nuotraukoje pavaizduotu 55 cm auk\u0161\u010dio i\u0161skleid\u017eiamuoju bloku ir baltu stal\u010di\u0173 bloku \u2013 teiraukit\u0117s d\u0117l papildom\u0173 variant\u0173.<br \/>\nSpalva:<br \/>\nMATINIS BALTAS Laminuoti fasadai<br \/>\nMATINIS BALTAS laminuotas korpusas<br \/>\nTaip pat galima \u012fsigyti Lefkos \u0105\u017euolo ir Sonoma \u0105\u017euolo<br \/>\nJuodos plastikin\u0117s rankenos<br \/>\nElenos spintos gali b\u016bti naudojamos kuriant didel\u0119 modulin\u0119 spint\u0105.<br \/>\nPakuot\u0117s matmenys:<br \/>\n1\/4 pakuot\u0117s<br \/>\n1820 x 585 x 100 mm<br \/>\nSvoris \u2013 48 kg<br \/>\n2\/4 pakuot\u0117s<br \/>\n1915 x 565 x 50 mm<br \/>\nSvoris \u2013 25 kg<br \/>\n3\/4 pakuot\u0117s<br \/>\n1990 x 585 x 55 mm<br \/>\nSvoris \u2013 33 kg<br \/>\n4\/4 pakuot\u0117<br \/>\n1825 x 485 x 75 mm<br \/>\nSvoris \u2013 44 kg<\/p>","protected":false},"excerpt":{"rendered":"<p>Gylis [cm]: 53<br \/>\nPlotis [cm]: 176,3<br \/>\nAuk\u0161tis [cm]: 190<br \/>\nGylis [cm]: 53<\/p>","protected":false},"featured_media":321891,"comment_status":"open","ping_status":"open","template":"","meta":[],"product_brand":[],"product_cat":[9234,1177],"product_tag":[],"class_list":{"0":"post-321890","1":"product","2":"type-product","3":"status-publish","4":"has-post-thumbnail","6":"product_cat-stolarz-lempert","7":"product_cat-wardrobes","9":"first","10":"instock","11":"purchasable","12":"product-type-simple"},"_links":{"self":[{"href":"https:\/\/baldumarket.lt\/lt\/wp-json\/wp\/v2\/product\/321890","targetHints":{"allow":["GET"]}}],"collection":[{"href":"https:\/\/baldumarket.lt\/lt\/wp-json\/wp\/v2\/product"}],"about":[{"href":"https:\/\/baldumarket.lt\/lt\/wp-json\/wp\/v2\/types\/product"}],"replies":[{"embeddable":true,"href":"https:\/\/baldumarket.lt\/lt\/wp-json\/wp\/v2\/comments?post=321890"}],"wp:featuredmedia":[{"embeddable":true,"href":"https:\/\/baldumarket.lt\/lt\/wp-json\/wp\/v2\/media\/321891"}],"wp:attachment":[{"href":"https:\/\/baldumarket.lt\/lt\/wp-json\/wp\/v2\/media?parent=321890"}],"wp:term":[{"taxonomy":"product_brand","embeddable":true,"href":"https:\/\/baldumarket.lt\/lt\/wp-json\/wp\/v2\/product_brand?post=321890"},{"taxonomy":"product_cat","embeddable":true,"href":"https:\/\/baldumarket.lt\/lt\/wp-json\/wp\/v2\/product_cat?post=321890"},{"taxonomy":"product_tag","embeddable":true,"href":"https:\/\/baldumarket.lt\/lt\/wp-json\/wp\/v2\/product_tag?post=321890"}],"curies":[{"name":"wp","href":"https:\/\/api.w.org\/{rel}","templated":true}]}}