{"id":321882,"date":"2026-01-16T10:10:15","date_gmt":"2026-01-16T07:10:15","guid":{"rendered":"https:\/\/baldumarket.lt\/product\/szafa-elena-narozna-2d-nar-dab-lefkas\/"},"modified":"2026-04-23T18:30:24","modified_gmt":"2026-04-23T15:30:24","slug":"szafa-elena-narozna-2d-nar-dab-lefkas","status":"publish","type":"product","link":"https:\/\/baldumarket.lt\/lt\/product\/szafa-elena-narozna-2d-nar-dab-lefkas\/","title":{"rendered":"Elena kampin\u0117 spinta 2D NAR \u0105\u017euolo lefkas"},"content":{"rendered":"<h5><span style=\"color: #54859b\">Apsilankykite m\u016bs\u0173 virtualioje Stolarz-Lempert prek\u0117s \u017eenklo parduotuv\u0117je<\/span><\/h5>\n<p> <a href=\"http:\/\/spacer.lempert.pl\/\" target=\"_blank\" rel=\"noopener\"><span style=\"color: #e47025\">http:\/\/spacer.lempert.pl\/<\/span><\/a><\/p>\n<p>Kampin\u0117 spinta pagaminta i\u0161 laminuotos plok\u0161t\u0117s ir turi lentyn\u0105 su drabu\u017ei\u0173 kabykla apa\u010dioje bei lentynas kitoje pus\u0117je.<br \/>\nSpinta galima u\u017esisakyti su nuotraukoje matomu 55 cm auk\u0161\u010dio praplatinimu ir spintele \u2013 teiraukit\u0117s d\u0117l papildom\u0173 variant\u0173.<br \/>\nSpalva:<br \/>\nLEFKAS \u0104\u017dUOLAS Laminuotos fasadai<br \/>\nLEFKAS \u0104\u017euolo laminato korpusas<br \/>\nTaip pat galima \u012fsigyti Sonoma \u0105\u017euolo ir matin\u0117s baltos spalvos<br \/>\nJuodos plastikin\u0117s rankenos<br \/>\nElenos spintos gali b\u016bti naudojamos kuriant didel\u0119 modulin\u0119 spint\u0105.<br \/>\nPakuot\u0117s matmenys:<br \/>\n1\/3 pakuot\u0117: 1200 x 585 x 115 mm<br \/>\nSvoris \u2013 35 kg<br \/>\n2\/3 paketas: 1990 x 585 x 55 mm<br \/>\nSvoris \u2013 34 kg<br \/>\n3\/3 pakuot\u0117: 1915 x 550 x 60 mm<br \/>\nSvoris \u2013 32 kg<br \/>\nPastaba \u2013 paskutin\u0117je galerijos nuotraukoje pavaizduota realiausia \u201eLefkas\u201c \u0105\u017euolo lentos spalva \u2013 pra\u0161ome ja vadovautis pirkdami \u0161\u012f bald\u0105.<\/p>","protected":false},"excerpt":{"rendered":"<p>Gylis [cm]: 53<br \/>\nPlotis [cm]: 98-98<br \/>\nAuk\u0161tis [cm]: 190<br \/>\nGylis [cm]: 53<\/p>","protected":false},"featured_media":321883,"comment_status":"open","ping_status":"open","template":"","meta":[],"product_brand":[],"product_cat":[9234,1177],"product_tag":[],"class_list":{"0":"post-321882","1":"product","2":"type-product","3":"status-publish","4":"has-post-thumbnail","6":"product_cat-stolarz-lempert","7":"product_cat-wardrobes","9":"first","10":"instock","11":"purchasable","12":"product-type-simple"},"_links":{"self":[{"href":"https:\/\/baldumarket.lt\/lt\/wp-json\/wp\/v2\/product\/321882","targetHints":{"allow":["GET"]}}],"collection":[{"href":"https:\/\/baldumarket.lt\/lt\/wp-json\/wp\/v2\/product"}],"about":[{"href":"https:\/\/baldumarket.lt\/lt\/wp-json\/wp\/v2\/types\/product"}],"replies":[{"embeddable":true,"href":"https:\/\/baldumarket.lt\/lt\/wp-json\/wp\/v2\/comments?post=321882"}],"wp:featuredmedia":[{"embeddable":true,"href":"https:\/\/baldumarket.lt\/lt\/wp-json\/wp\/v2\/media\/321883"}],"wp:attachment":[{"href":"https:\/\/baldumarket.lt\/lt\/wp-json\/wp\/v2\/media?parent=321882"}],"wp:term":[{"taxonomy":"product_brand","embeddable":true,"href":"https:\/\/baldumarket.lt\/lt\/wp-json\/wp\/v2\/product_brand?post=321882"},{"taxonomy":"product_cat","embeddable":true,"href":"https:\/\/baldumarket.lt\/lt\/wp-json\/wp\/v2\/product_cat?post=321882"},{"taxonomy":"product_tag","embeddable":true,"href":"https:\/\/baldumarket.lt\/lt\/wp-json\/wp\/v2\/product_tag?post=321882"}],"curies":[{"name":"wp","href":"https:\/\/api.w.org\/{rel}","templated":true}]}}