{"id":321834,"date":"2026-01-16T10:09:31","date_gmt":"2026-01-16T07:09:31","guid":{"rendered":"https:\/\/baldumarket.lt\/product\/szafa-elena-z-lustrami-2d-dab-lefkas\/"},"modified":"2026-03-23T13:00:26","modified_gmt":"2026-03-23T10:00:26","slug":"szafa-elena-z-lustrami-2d-dab-lefkas","status":"publish","type":"product","link":"https:\/\/baldumarket.lt\/lt\/product\/szafa-elena-z-lustrami-2d-dab-lefkas\/","title":{"rendered":"Elena spinta su 2D veidrod\u017eiais, Lefkas \u0105\u017euolas"},"content":{"rendered":"<h5><span style=\"color: #54859b\">Apsilankykite m\u016bs\u0173 virtualioje Stolarz-Lempert prek\u0117s \u017eenklo parduotuv\u0117je<\/span><\/h5>\n<p> <a href=\"http:\/\/spacer.lempert.pl\/\" target=\"_blank\" rel=\"noopener\"><span style=\"color: #e47025\">http:\/\/spacer.lempert.pl\/<\/span><\/a><\/p>\n<p>Dviej\u0173 dur\u0173 spinta pagaminta i\u0161 laminuotos plok\u0161t\u0117s ir turi lentyn\u0105 su drabu\u017ei\u0173 kabykla apa\u010dioje bei keturias papildomas lentynas.<br \/>\nSpinta galima u\u017esisakyti su 55 cm auk\u0161\u010dio praplatinimu ir nuotraukoje pavaizduota spintele daiktams laikyti. D\u0117l papildom\u0173 variant\u0173 teiraukit\u0117s.<br \/>\nSpalva:<br \/>\nPriekyje: 2 veidrod\u0117liai<br \/>\nKorpusas: LEFKAS \u0105\u017euolo laminatas<br \/>\nTaip pat galima \u012fsigyti matin\u0117s baltos ir Sonoma \u0105\u017euolo spalvos<br \/>\nPlastikin\u0117s juodos rankenos<br \/>\nElenos spintos gali b\u016bti naudojamos kuriant didel\u0119 modulin\u0119 spint\u0105.<br \/>\nPakuot\u0117s matmenys:<br \/>\n1\/2 pakuot\u0117: 1990 x 585 x 70 mm<br \/>\nSvoris: 34 kg<br \/>\n2\/2 pakuot\u0117: 2115 x 585 x 80 mm<br \/>\nSvoris: 52 kg<br \/>\nPastaba: paskutin\u0117je galerijos nuotraukoje tiksliausiai atkuriama \u201eLefkas\u201c \u0105\u017euolo lentos spalva \u2013 pirkdami \u0161i\u0105 prek\u0119, vadovaukit\u0117s ja.<\/p>","protected":false},"excerpt":{"rendered":"<p>Gylis [cm]: 53<br \/>\nPlotis [cm]: 90<br \/>\nAuk\u0161tis [cm]: 190<br \/>\nGylis [cm]: 53<\/p>","protected":false},"featured_media":321835,"comment_status":"open","ping_status":"open","template":"","meta":[],"product_brand":[],"product_cat":[9234,1177],"product_tag":[],"class_list":{"0":"post-321834","1":"product","2":"type-product","3":"status-publish","4":"has-post-thumbnail","6":"product_cat-stolarz-lempert","7":"product_cat-wardrobes","9":"first","10":"instock","11":"purchasable","12":"product-type-simple"},"_links":{"self":[{"href":"https:\/\/baldumarket.lt\/lt\/wp-json\/wp\/v2\/product\/321834","targetHints":{"allow":["GET"]}}],"collection":[{"href":"https:\/\/baldumarket.lt\/lt\/wp-json\/wp\/v2\/product"}],"about":[{"href":"https:\/\/baldumarket.lt\/lt\/wp-json\/wp\/v2\/types\/product"}],"replies":[{"embeddable":true,"href":"https:\/\/baldumarket.lt\/lt\/wp-json\/wp\/v2\/comments?post=321834"}],"wp:featuredmedia":[{"embeddable":true,"href":"https:\/\/baldumarket.lt\/lt\/wp-json\/wp\/v2\/media\/321835"}],"wp:attachment":[{"href":"https:\/\/baldumarket.lt\/lt\/wp-json\/wp\/v2\/media?parent=321834"}],"wp:term":[{"taxonomy":"product_brand","embeddable":true,"href":"https:\/\/baldumarket.lt\/lt\/wp-json\/wp\/v2\/product_brand?post=321834"},{"taxonomy":"product_cat","embeddable":true,"href":"https:\/\/baldumarket.lt\/lt\/wp-json\/wp\/v2\/product_cat?post=321834"},{"taxonomy":"product_tag","embeddable":true,"href":"https:\/\/baldumarket.lt\/lt\/wp-json\/wp\/v2\/product_tag?post=321834"}],"curies":[{"name":"wp","href":"https:\/\/api.w.org\/{rel}","templated":true}]}}