{"id":321826,"date":"2026-01-16T10:09:23","date_gmt":"2026-01-16T07:09:23","guid":{"rendered":"https:\/\/baldumarket.lt\/product\/szafa-elena-z-lustrami-2d-dab-sonoma\/"},"modified":"2026-03-23T13:00:26","modified_gmt":"2026-03-23T10:00:26","slug":"szafa-elena-z-lustrami-2d-dab-sonoma","status":"publish","type":"product","link":"https:\/\/baldumarket.lt\/lt\/product\/szafa-elena-z-lustrami-2d-dab-sonoma\/","title":{"rendered":"Elena spinta su 2D veidrod\u017eiais, Sonoma \u0105\u017euolas"},"content":{"rendered":"<h5><span style=\"color: #54859b\">Apsilankykite m\u016bs\u0173 virtualioje Stolarz-Lempert prek\u0117s \u017eenklo parduotuv\u0117je<\/span><\/h5>\n<p> <a href=\"http:\/\/spacer.lempert.pl\/\" target=\"_blank\" rel=\"noopener\"><span style=\"color: #e47025\">http:\/\/spacer.lempert.pl\/<\/span><\/a><\/p>\n<p>Dviej\u0173 dur\u0173 spinta pagaminta i\u0161 laminuotos plok\u0161t\u0117s ir turi lentyn\u0105 su drabu\u017ei\u0173 kabykla apa\u010dioje bei keturias papildomas lentynas.<br \/>\n\u0160iai spintai galite u\u017esisakyti nuotraukoje pavaizduot\u0105 55 cm auk\u0161\u010dio prailginim\u0105 ir balt\u0105 spintel\u0119 daiktams laikyti \u2013 teiraukit\u0117s d\u0117l variant\u0173.<br \/>\nSpalva:<br \/>\n2 veidrodiniai fasadai<br \/>\nSONOMA \u0104\u017dUOLAS Laminuotas korpusas<br \/>\nTaip pat galima \u012fsigyti matin\u0117s baltos ir Lefkas \u0105\u017euolo spalvos<br \/>\nSidabrin\u0117s plastikin\u0117s rankenos<br \/>\nElenos spintos gali b\u016bti naudojamos kuriant didel\u0119 modulin\u0119 spint\u0105.<br \/>\nPakuot\u0117s matmenys:<br \/>\n1\/2 pakuot\u0117: 1990 x 585 x 70 mm<br \/>\nSvoris: 34 kg<br \/>\n2\/2 pakuot\u0117: 2115 x 585 x 80 mm<br \/>\nSvoris: 52 kg<\/p>","protected":false},"excerpt":{"rendered":"<p>Gylis [cm]: 53<br \/>\nPlotis [cm]: 90<br \/>\nAuk\u0161tis [cm]: 190<br \/>\nGylis [cm]: 53<\/p>","protected":false},"featured_media":321827,"comment_status":"open","ping_status":"open","template":"","meta":[],"product_brand":[],"product_cat":[9234,1177],"product_tag":[],"class_list":{"0":"post-321826","1":"product","2":"type-product","3":"status-publish","4":"has-post-thumbnail","6":"product_cat-stolarz-lempert","7":"product_cat-wardrobes","9":"first","10":"instock","11":"purchasable","12":"product-type-simple"},"_links":{"self":[{"href":"https:\/\/baldumarket.lt\/lt\/wp-json\/wp\/v2\/product\/321826","targetHints":{"allow":["GET"]}}],"collection":[{"href":"https:\/\/baldumarket.lt\/lt\/wp-json\/wp\/v2\/product"}],"about":[{"href":"https:\/\/baldumarket.lt\/lt\/wp-json\/wp\/v2\/types\/product"}],"replies":[{"embeddable":true,"href":"https:\/\/baldumarket.lt\/lt\/wp-json\/wp\/v2\/comments?post=321826"}],"wp:featuredmedia":[{"embeddable":true,"href":"https:\/\/baldumarket.lt\/lt\/wp-json\/wp\/v2\/media\/321827"}],"wp:attachment":[{"href":"https:\/\/baldumarket.lt\/lt\/wp-json\/wp\/v2\/media?parent=321826"}],"wp:term":[{"taxonomy":"product_brand","embeddable":true,"href":"https:\/\/baldumarket.lt\/lt\/wp-json\/wp\/v2\/product_brand?post=321826"},{"taxonomy":"product_cat","embeddable":true,"href":"https:\/\/baldumarket.lt\/lt\/wp-json\/wp\/v2\/product_cat?post=321826"},{"taxonomy":"product_tag","embeddable":true,"href":"https:\/\/baldumarket.lt\/lt\/wp-json\/wp\/v2\/product_tag?post=321826"}],"curies":[{"name":"wp","href":"https:\/\/api.w.org\/{rel}","templated":true}]}}