{"id":321714,"date":"2026-01-16T10:07:42","date_gmt":"2026-01-16T07:07:42","guid":{"rendered":"https:\/\/baldumarket.lt\/product\/plyta-laminowana-na-wymiar-16-mm-do-kuchni-producenta-stolarz-lempert\/"},"modified":"2026-03-23T13:00:26","modified_gmt":"2026-03-23T10:00:26","slug":"plyta-laminowana-na-wymiar-16-mm-do-kuchni-producenta-stolarz-lempert","status":"publish","type":"product","link":"https:\/\/baldumarket.lt\/lt\/product\/plyta-laminowana-na-wymiar-16-mm-do-kuchni-producenta-stolarz-lempert\/","title":{"rendered":"Stolarz Lempert pagal u\u017esakym\u0105 pagaminta laminuota plok\u0161t\u0117 [16 mm] virtuvei"},"content":{"rendered":"<h5><span style=\"color: #54859b\">Apsilankykite m\u016bs\u0173 virtualioje Stolarz-Lempert prek\u0117s \u017eenklo parduotuv\u0117je<\/span><\/h5>\n<p> <a href=\"http:\/\/spacer.lempert.pl\/\" target=\"_blank\" rel=\"noopener\"><span style=\"color: #e47025\">http:\/\/spacer.lempert.pl\/<\/span><\/a><\/p>\n<p>16 mm storio laminuota plok\u0161t\u0117, gaminama pagal u\u017esakym\u0105, galima \u012fsigyti su \u201cStolarz Lempert\u201d virtuv\u0117se naudojamais dekorais.<br \/>\nPlok\u0161t\u0117 pagal numatytuosius nustatymus yra faneruota i\u0161 vis\u0173 keturi\u0173 pusi\u0173 (be papildomo mokes\u010dio).<br \/>\nBazin\u0117 kaina yra u\u017e 1 m\u00b2 \u012fsigytos lentos, min. 95 x 200 mm, maks. 2600 x 1200 mm.<br \/>\nPRIE\u0160 PIRKDAMI PERSKAITYKITE!<br \/>\nSiuntimas galimas tik \u201eStolarz Lempert\u201c virtuv\u0117s baldams \u2013 pavieni\u0173 lent\u0173 siuntimas negalimas, tik bendras pad\u0117klas su spintel\u0117mis.<br \/>\nVienkartinius u\u017esakymus galima tik atsiimti (Tarnowskie G\u00f3ry).<br \/>\nKaip u\u017esisakyti tinkam\u0105 dyd\u012f<br \/>\nBazin\u0117 produkto kaina yra u\u017e 1 m\u00b2. Kiekio lauke (po mygtuku \u201e\u012ed\u0117ti \u012f krep\u0161el\u012f\u201c):<br \/>\nKiekis: rei\u0161kia 0,56 m\u00b2 lentos pirkim\u0105.<br \/>\nJei Jums reikia 650 x 200 mm lentos (0,65 m * 0,2 m = 0,13 m2), pateikite:<br \/>\nKiekis:<br \/>\nKaina bus apskai\u010diuota automati\u0161kai \u012fd\u0117jus prek\u0119 \u012f krep\u0161el\u012f, 1 mm tikslumu nuo \u012fsigytos prek\u0117s.<br \/>\nAtminkite pluo\u0161to krypt\u012f!<br \/>\n\u012etraukite norimus matmenis \u012f gaminio pastabas, pvz.,<br \/>\nMatmuo A (i\u0161ilgai medienos pluo\u0161to): 650 mm (min. 200 mm, maks. 2600 mm)<br \/>\nMatmuo B (skersai medienos pluo\u0161to): 200 mm (min. 95 mm, maks. 1200 mm)<\/p>","protected":false},"excerpt":{"rendered":"<p>Apsilankykite m\u016bs\u0173 virtualioje \u201cStolarz-Lempert\u201d prek\u0117s \u017eenklo parduotuv\u0117je http:\/\/spacer.lempert.pl\/ 16 mm storio laminuota lenta, gaminama pagal u\u017esakym\u0105, galima \u012fsigyti su \u201eStolarz Lempert\u201c virtuv\u0117se naudojamais dekorais. Lenta pagal numatytuosius nustatymus yra faneruota i\u0161 vis\u0173 keturi\u0173 pusi\u0173 (be papildomo mokes\u010dio). Bazin\u0117 kaina yra u\u017e 1 m\u00b2 \u012fsigytos lentos, min. 95 x 200 mm, [\u2026]<\/p>","protected":false},"featured_media":321715,"comment_status":"open","ping_status":"open","template":"","meta":[],"product_brand":[],"product_cat":[9234,1043],"product_tag":[],"class_list":{"0":"post-321714","1":"product","2":"type-product","3":"status-publish","4":"has-post-thumbnail","6":"product_cat-stolarz-lempert","7":"product_cat-extras","9":"first","10":"instock","11":"purchasable","12":"product-type-simple"},"_links":{"self":[{"href":"https:\/\/baldumarket.lt\/lt\/wp-json\/wp\/v2\/product\/321714","targetHints":{"allow":["GET"]}}],"collection":[{"href":"https:\/\/baldumarket.lt\/lt\/wp-json\/wp\/v2\/product"}],"about":[{"href":"https:\/\/baldumarket.lt\/lt\/wp-json\/wp\/v2\/types\/product"}],"replies":[{"embeddable":true,"href":"https:\/\/baldumarket.lt\/lt\/wp-json\/wp\/v2\/comments?post=321714"}],"wp:featuredmedia":[{"embeddable":true,"href":"https:\/\/baldumarket.lt\/lt\/wp-json\/wp\/v2\/media\/321715"}],"wp:attachment":[{"href":"https:\/\/baldumarket.lt\/lt\/wp-json\/wp\/v2\/media?parent=321714"}],"wp:term":[{"taxonomy":"product_brand","embeddable":true,"href":"https:\/\/baldumarket.lt\/lt\/wp-json\/wp\/v2\/product_brand?post=321714"},{"taxonomy":"product_cat","embeddable":true,"href":"https:\/\/baldumarket.lt\/lt\/wp-json\/wp\/v2\/product_cat?post=321714"},{"taxonomy":"product_tag","embeddable":true,"href":"https:\/\/baldumarket.lt\/lt\/wp-json\/wp\/v2\/product_tag?post=321714"}],"curies":[{"name":"wp","href":"https:\/\/api.w.org\/{rel}","templated":true}]}}