{"id":32161,"date":"2025-11-14T22:00:06","date_gmt":"2025-11-14T19:00:06","guid":{"rendered":"https:\/\/baldumarket.lt\/product\/gariss-80-polka-czarny\/"},"modified":"2026-03-24T18:16:20","modified_gmt":"2026-03-24T15:16:20","slug":"gariss-80-polka-czarny","status":"publish","type":"product","link":"https:\/\/baldumarket.lt\/lt\/product\/gariss-80-polka-czarny\/","title":{"rendered":"Gariss 80 lentyna juoda"},"content":{"rendered":"<p>\u201eGariss\u201c lentyna \u2013 puikus sprendimas modernaus dizaino m\u0117g\u0117jams, puikiai papildanti skandinavi\u0161k\u0105 ir industrin\u012f stili\u0173. Minimalistin\u0117 forma ir tvirta konstrukcija, paremta lengvomis plok\u0161t\u0117mis ir HDF, paver\u010dia j\u0105 ne tik stilingu, bet ir funkcionaliu bet kokio interjero papildymu. Lentynos priekin\u0117 dalis, pagaminta i\u0161 dekoro spalvos PVC, suteikia elegancijos, o galin\u0117 dalis apdailinta i\u0161 anksto impregnuotu popieriumi tokia pa\u010dia spalva, u\u017etikrinant darni\u0105 ir esteti\u0161kai patraukli\u0105 i\u0161vaizd\u0105. \u201eGariss\u201c lentyna yra ne tik prakti\u0161ka vieta knygoms, dekoracijoms ar kitiems daiktams laikyti, bet ir elementas, suteikiantis erdvei modernumo. D\u0117l savo paprastumo ir rafinuotos formos \u201eGariss\u201c lentyna puikiai der\u0117s prie \u012fvairi\u0173 interjero dizain\u0173, tapdama eleganti\u0161ku akcentu bet kuriame kambaryje.<\/p>","protected":false},"excerpt":{"rendered":"<p>\u201eGariss\u201c lentyna \u2013 puikus sprendimas modernaus dizaino m\u0117g\u0117jams, puikiai papildanti skandinavi\u0161k\u0105 ir industrin\u012f stili\u0173. Minimalistin\u0117 forma ir tvirta konstrukcija, paremta lengvomis plok\u0161t\u0117mis ir HDF plok\u0161t\u0117mis, paver\u010dia j\u0105 ne tik stilingu, bet ir funkcionaliu bet kokio interjero papildymu. Lentynos priekin\u0117 dalis pagaminta i\u0161 PVC, kurios spalva [\u2026]<\/p>","protected":false},"featured_media":32162,"comment_status":"open","ping_status":"open","template":"","meta":[],"product_brand":[],"product_cat":[2012,9169,1174],"product_tag":[],"class_list":{"0":"post-32161","1":"product","2":"type-product","3":"status-publish","4":"has-post-thumbnail","6":"product_cat-eltap","7":"product_cat-polki-eltap","8":"product_cat-hanging-shelves","9":"pa_frame-material-undefined","10":"pa_frame-material-type-undefined","11":"pa_leg-color-undefined","12":"pa_leg-material-undefined","13":"pa_linen-box-undefined","14":"pa_main-color-black","15":"pa_price-group-basic","16":"pa_seat-depth-undefined","17":"pa_seat-width-undefined","18":"pa_sleep-function-undefined","19":"pa_sleeping-area-length-undefined","20":"pa_sleeping-area-width-undefined","21":"pa_style-modern","22":"pa_textile-czarny","23":"pa_upholstery-material-undefined","25":"first","26":"instock","27":"purchasable","28":"product-type-simple"},"_links":{"self":[{"href":"https:\/\/baldumarket.lt\/lt\/wp-json\/wp\/v2\/product\/32161","targetHints":{"allow":["GET"]}}],"collection":[{"href":"https:\/\/baldumarket.lt\/lt\/wp-json\/wp\/v2\/product"}],"about":[{"href":"https:\/\/baldumarket.lt\/lt\/wp-json\/wp\/v2\/types\/product"}],"replies":[{"embeddable":true,"href":"https:\/\/baldumarket.lt\/lt\/wp-json\/wp\/v2\/comments?post=32161"}],"wp:featuredmedia":[{"embeddable":true,"href":"https:\/\/baldumarket.lt\/lt\/wp-json\/wp\/v2\/media\/32162"}],"wp:attachment":[{"href":"https:\/\/baldumarket.lt\/lt\/wp-json\/wp\/v2\/media?parent=32161"}],"wp:term":[{"taxonomy":"product_brand","embeddable":true,"href":"https:\/\/baldumarket.lt\/lt\/wp-json\/wp\/v2\/product_brand?post=32161"},{"taxonomy":"product_cat","embeddable":true,"href":"https:\/\/baldumarket.lt\/lt\/wp-json\/wp\/v2\/product_cat?post=32161"},{"taxonomy":"product_tag","embeddable":true,"href":"https:\/\/baldumarket.lt\/lt\/wp-json\/wp\/v2\/product_tag?post=32161"}],"curies":[{"name":"wp","href":"https:\/\/api.w.org\/{rel}","templated":true}]}}