{"id":320896,"date":"2026-01-16T09:56:34","date_gmt":"2026-01-16T06:56:34","guid":{"rendered":"https:\/\/baldumarket.lt\/product\/szafka-gorna-niska-gleboka-60-cm-monza-60-nagu-36-1f\/"},"modified":"2026-03-23T13:00:26","modified_gmt":"2026-03-23T10:00:26","slug":"szafka-gorna-niska-gleboka-60-cm-monza-60-nagu-36-1f","status":"publish","type":"product","link":"https:\/\/baldumarket.lt\/lt\/product\/szafka-gorna-niska-gleboka-60-cm-monza-60-nagu-36-1f\/","title":{"rendered":"\u017dema vir\u0161utin\u0117 spintel\u0117, gili 60 cm Monza 60 NAGU-36 1F"},"content":{"rendered":"<h5><span style=\"color: #54859b\">Apsilankykite m\u016bs\u0173 virtualioje Stolarz-Lempert prek\u0117s \u017eenklo parduotuv\u0117je<\/span><\/h5>\n<p> <a href=\"http:\/\/spacer.lempert.pl\/\" target=\"_blank\" rel=\"noopener\"><span style=\"color: #e47025\">http:\/\/spacer.lempert.pl\/<\/span><\/a><\/p>\n<p>\u201eMonza\u201c virtuv\u0117 \u2013 tai modern\u016bs, med\u017eio imitacijos baldai, kurie tiks prie bet kokio interjero.<br \/>\nVirtuv\u0117je yra de\u0161imtys spinteli\u0173, i\u0161 kuri\u0173 galite susikurti savo komplekt\u0105.<br \/>\n\u012e rinkin\u012f \u012feina:<br \/>\nauk\u0161tos kokyb\u0117s fasadai i\u0161 laminuotos plok\u0161t\u0117s<br \/>\nlaminuot\u0173 plok\u0161\u010di\u0173 korpusai<br \/>\nfasadai su \u0161velnaus u\u017edarymo sistema<br \/>\nauk\u0161\u010diausios kokyb\u0117s stal\u010diai su \u0161velnaus u\u017edarymo sistema<br \/>\nerdvios spintel\u0117s<br \/>\nspintel\u0117s, montuojamos ant r\u0117m\u0173 ir cokoli\u0173<br \/>\ndvigubai slystan\u010dios juodos kojel\u0117s<br \/>\nmatin\u0117s juodos spalvos cokolin\u0117s dalys yra komplekte<br \/>\nPriekinis stiklas \u2013 gr\u016bdintas stiklas, poliruotas i\u0161 vis\u0173 pusi\u0173, grafito anti-sol danga, 4 mm storio<br \/>\nstiklin\u0117s lentynos \u2013 poliruotos i\u0161 vis\u0173 pusi\u0173, skaidrus stiklas, 4 mm storio 5 mm<br \/>\n2,8 cm arba 3,8 cm storio stalvir\u0161is, pagamintas naudojant pokalimo technologij\u0105, su ergonomi\u0161kai i\u0161lenktu priekiu (neb\u016btina)<br \/>\nVirtuv\u0117s specifikacijos:<br \/>\nPriekin\u0117s dalys: 16 mm laminuota plok\u0161t\u0117, okapi rie\u0161utmedis (ABS)<br \/>\nKarkasas: 16 mm laminuota plok\u0161t\u0117, matin\u0117 juoda (melaminas), nugar\u0117l\u0117 \u2013 2,5 mm HDF \u2013 balta<br \/>\nRankenos: UA-HEXA kra\u0161tas, juodos arba auksin\u0117s \u2013 aliuminio, tarpai 64 mm \u2013 320 mm (PASTABA \u2013 jei pasirinksite auksin\u0119, pakuot\u0117je gausite ir juodas rankenas)<br \/>\nMonza 60 NAGU-36 1F \u017eema, gili vir\u0161utin\u0117 spintel\u0117, 60 cm.<br \/>\nDviej\u0173 spalv\u0173 nuotraukoje pavaizduotas Sienos, Monzos ir Aronos virtuvi\u0173 derinys.<\/p>","protected":false},"excerpt":{"rendered":"<p>Priekin\u0117s dalies tipas: laminuota plok\u0161t\u0117 \/ MDF \/ lakuota laminuota plok\u0161t\u0117<br \/>\nVirtuv\u0117s spalva: Okapi rie\u0161utas<br \/>\nVirtuv\u0117s stilius: modernus, med\u017eio imitacija<br \/>\nPriekin\u0117s dalies tipas: laminuota plok\u0161t\u0117 \/ MDF \/ lakuota laminuota plok\u0161t\u0117<\/p>","protected":false},"featured_media":320897,"comment_status":"open","ping_status":"open","template":"","meta":[],"product_brand":[],"product_cat":[9234,9118],"product_tag":[],"class_list":{"0":"post-320896","1":"product","2":"type-product","3":"status-publish","4":"has-post-thumbnail","6":"product_cat-stolarz-lempert","7":"product_cat-kitchen-cabinets","9":"first","10":"instock","11":"purchasable","12":"product-type-simple"},"_links":{"self":[{"href":"https:\/\/baldumarket.lt\/lt\/wp-json\/wp\/v2\/product\/320896","targetHints":{"allow":["GET"]}}],"collection":[{"href":"https:\/\/baldumarket.lt\/lt\/wp-json\/wp\/v2\/product"}],"about":[{"href":"https:\/\/baldumarket.lt\/lt\/wp-json\/wp\/v2\/types\/product"}],"replies":[{"embeddable":true,"href":"https:\/\/baldumarket.lt\/lt\/wp-json\/wp\/v2\/comments?post=320896"}],"wp:featuredmedia":[{"embeddable":true,"href":"https:\/\/baldumarket.lt\/lt\/wp-json\/wp\/v2\/media\/320897"}],"wp:attachment":[{"href":"https:\/\/baldumarket.lt\/lt\/wp-json\/wp\/v2\/media?parent=320896"}],"wp:term":[{"taxonomy":"product_brand","embeddable":true,"href":"https:\/\/baldumarket.lt\/lt\/wp-json\/wp\/v2\/product_brand?post=320896"},{"taxonomy":"product_cat","embeddable":true,"href":"https:\/\/baldumarket.lt\/lt\/wp-json\/wp\/v2\/product_cat?post=320896"},{"taxonomy":"product_tag","embeddable":true,"href":"https:\/\/baldumarket.lt\/lt\/wp-json\/wp\/v2\/product_tag?post=320896"}],"curies":[{"name":"wp","href":"https:\/\/api.w.org\/{rel}","templated":true}]}}