{"id":32025,"date":"2025-11-14T21:53:37","date_gmt":"2025-11-14T18:53:37","guid":{"rendered":"https:\/\/baldumarket.lt\/product\/fabillo\/"},"modified":"2026-03-24T16:26:23","modified_gmt":"2026-03-24T13:26:23","slug":"fabillo","status":"publish","type":"product","link":"https:\/\/baldumarket.lt\/lt\/product\/fabillo\/","title":{"rendered":"Fabiljo"},"content":{"rendered":"<p>\u201eFabillo\u201c sofa \u2013 eleganti\u0161kas ir funkcionalus baldas, puikiai papildantis modern\u0173, minimalistin\u012f ir japoni\u0161k\u0105 interjer\u0105. Pasirinkus kairiarankiams arba de\u0161iniarankiams skirtas versijas, \u201eFabillo\u201c lengvai prisitaiko prie \u012fvairi\u0173 kambari\u0173 i\u0161planavim\u0173. Pagaminta i\u0161 auk\u0161tos kokyb\u0117s audini\u0173, ji yra patvari ir patogi, tod\u0117l patogiai gali miegoti iki trij\u0173 \u017emoni\u0173. Platus audini\u0173 pasirinkimas leid\u017eia pritaikyti sofos i\u0161vaizd\u0105 pagal savo pageidavimus. Be to, \u201eFabillo\u201c turi miegojimo funkcij\u0105, tod\u0117l ji puikiai tinka sve\u010diams arba kaip papildoma lova svetain\u0117je. I\u0161lankstymo mechanizmas yra paprastas ir intuityvus, o miegojimo pavir\u0161ius lygus ir patogus, u\u017etikrinantis patog\u0173 mieg\u0105. \u201eFabillo\u201c sofa pasi\u017eymi madingais linkiais, kurie suteikia jai eleganti\u0161k\u0105 ir modern\u0173 vaizd\u0105. \u0160velnios linijos ir apvalios formos daro j\u0105 ne tik funkcionali\u0105, bet ir i\u0161skirtinai esteti\u0161k\u0105. \u201eFabillo\u201c tinka \u012fvairioms nam\u0173 erdv\u0117ms, tokioms kaip sve\u010di\u0173 kambarys, paauglio kambarys ar svetain\u0117, tod\u0117l tai universalus sprendimas daugeliui tiksl\u0173.<\/p>","protected":false},"excerpt":{"rendered":"<p>\u201eFabillo\u201c sofa \u2013 eleganti\u0161kas ir funkcionalus baldas, puikiai papildantis modern\u0173, minimalistin\u012f ir japoni\u0161k\u0105 interjer\u0105. Pasirinkus kairiarankiams arba de\u0161iniarankiams skirt\u0105 versij\u0105, \u201eFabillo\u201c lengvai prisitaiko prie \u012fvairi\u0173 kambari\u0173 i\u0161planavim\u0173. Pagaminta i\u0161 auk\u0161tos kokyb\u0117s audini\u0173, ji yra patvari ir patogi, tod\u0117l patogiai gali s\u0117d\u0117ti iki trij\u0173 \u017emoni\u0173. Platus [\u2026]<\/p>","protected":false},"featured_media":32026,"comment_status":"open","ping_status":"open","template":"","meta":[],"product_brand":[],"product_cat":[2012,9170,560],"product_tag":[],"class_list":{"0":"post-32025","1":"product","2":"type-product","3":"status-publish","4":"has-post-thumbnail","6":"product_cat-eltap","7":"product_cat-sofy-i-kanapy-eltap","8":"product_cat-sofas-and-couches","10":"first","11":"instock","12":"purchasable","13":"product-type-variable","14":"wvs-archive-product-wrapper"},"_links":{"self":[{"href":"https:\/\/baldumarket.lt\/lt\/wp-json\/wp\/v2\/product\/32025","targetHints":{"allow":["GET"]}}],"collection":[{"href":"https:\/\/baldumarket.lt\/lt\/wp-json\/wp\/v2\/product"}],"about":[{"href":"https:\/\/baldumarket.lt\/lt\/wp-json\/wp\/v2\/types\/product"}],"replies":[{"embeddable":true,"href":"https:\/\/baldumarket.lt\/lt\/wp-json\/wp\/v2\/comments?post=32025"}],"wp:featuredmedia":[{"embeddable":true,"href":"https:\/\/baldumarket.lt\/lt\/wp-json\/wp\/v2\/media\/32026"}],"wp:attachment":[{"href":"https:\/\/baldumarket.lt\/lt\/wp-json\/wp\/v2\/media?parent=32025"}],"wp:term":[{"taxonomy":"product_brand","embeddable":true,"href":"https:\/\/baldumarket.lt\/lt\/wp-json\/wp\/v2\/product_brand?post=32025"},{"taxonomy":"product_cat","embeddable":true,"href":"https:\/\/baldumarket.lt\/lt\/wp-json\/wp\/v2\/product_cat?post=32025"},{"taxonomy":"product_tag","embeddable":true,"href":"https:\/\/baldumarket.lt\/lt\/wp-json\/wp\/v2\/product_tag?post=32025"}],"curies":[{"name":"wp","href":"https:\/\/api.w.org\/{rel}","templated":true}]}}